{"id":713448,"date":"2025-08-27T17:07:39","date_gmt":"2025-08-27T14:07:39","guid":{"rendered":"https:\/\/roveyayinevi.com.tr\/index.php\/urun\/hapsu\/"},"modified":"2026-04-16T02:21:50","modified_gmt":"2026-04-15T23:21:50","slug":"hapsu","status":"publish","type":"product","link":"https:\/\/roveyayinevi.com.tr\/index.php\/urun\/hapsu\/","title":{"rendered":"Hap\u015fu"},"content":{"rendered":"<p>Ali eyl\u00fclde okula gitmeye ba\u015flayacakt\u0131r ama \u00e7ok endi\u015felidir. Okula ba\u015flama stresini ya\u015farken g\u00fcnlerden bir g\u00fcn Ali kocaman  bir hap\u015f\u0131r\u0131k  patlat\u0131r ve  yumu\u015fac\u0131k ve uzun t\u00fcyl\u00fc bir kediye d\u00f6n\u00fc\u015f\u00fcr. Her hap\u015f\u0131rd\u0131\u011f\u0131nda&#8230;  Ba\u015fka  bir  hayvana d\u00f6n\u00fc\u015f\u00fcr! Okula ba\u015flad\u0131\u011f\u0131nda ne yapacakt\u0131r? \u00d6\u011fretmenine ve arkada\u015flar\u0131na ne diyecektir? Okulun ilk g\u00fcn\u00fc korkusunu atlatmak i\u00e7in \u00e7ok e\u011flenceli bir dostluk \u00f6yk\u00fcs\u00fc.. <\/p>\n","protected":false},"excerpt":{"rendered":"<p>Ali eyl\u00fclde okula gitmeye ba\u015flayacakt\u0131r ama \u00e7ok endi\u015felidir. Okula ba\u015flama stresini ya\u015farken g\u00fcnlerden bir g\u00fcn Ali kocaman bir hap\u015f\u0131r\u0131k patlat\u0131r ve yumu\u015fac\u0131k ve uzun t\u00fcyl\u00fc bir<span class=\"excerpt-hellip\"> [\u2026]<\/span><\/p>\n","protected":false},"featured_media":0,"template":"","meta":{"_monsterinsights_skip_tracking":false,"_monsterinsights_sitenote_active":false,"_monsterinsights_sitenote_note":"","_monsterinsights_sitenote_category":0},"product_brand":[],"product_cat":[12913,12274],"product_tag":[],"class_list":{"0":"post-713448","1":"product","2":"type-product","3":"status-publish","5":"product_cat-3-6-yas-kitaplari","6":"product_cat-cocuk-ve-genclik-kitaplari","7":"pa_cilt-ciltsiz","8":"pa_tur-kitap","9":"pa_yayinevi-kitap-saati-yayinevi","10":"pa_yazar-silvia-serreli-andrea-castellani","12":"first","13":"instock","14":"sale","15":"shipping-taxable","16":"purchasable","17":"product-type-simple"},"_links":{"self":[{"href":"https:\/\/roveyayinevi.com.tr\/index.php\/wp-json\/wp\/v2\/product\/713448","targetHints":{"allow":["GET"]}}],"collection":[{"href":"https:\/\/roveyayinevi.com.tr\/index.php\/wp-json\/wp\/v2\/product"}],"about":[{"href":"https:\/\/roveyayinevi.com.tr\/index.php\/wp-json\/wp\/v2\/types\/product"}],"wp:attachment":[{"href":"https:\/\/roveyayinevi.com.tr\/index.php\/wp-json\/wp\/v2\/media?parent=713448"}],"wp:term":[{"taxonomy":"product_brand","embeddable":true,"href":"https:\/\/roveyayinevi.com.tr\/index.php\/wp-json\/wp\/v2\/product_brand?post=713448"},{"taxonomy":"product_cat","embeddable":true,"href":"https:\/\/roveyayinevi.com.tr\/index.php\/wp-json\/wp\/v2\/product_cat?post=713448"},{"taxonomy":"product_tag","embeddable":true,"href":"https:\/\/roveyayinevi.com.tr\/index.php\/wp-json\/wp\/v2\/product_tag?post=713448"}],"curies":[{"name":"wp","href":"https:\/\/api.w.org\/{rel}","templated":true}]}}