{"id":713447,"date":"2025-08-27T17:07:38","date_gmt":"2025-08-27T14:07:38","guid":{"rendered":"https:\/\/roveyayinevi.com.tr\/index.php\/urun\/kirmizi-baslikli-kurt\/"},"modified":"2026-04-16T02:21:50","modified_gmt":"2026-04-15T23:21:50","slug":"kirmizi-baslikli-kurt","status":"publish","type":"product","link":"https:\/\/roveyayinevi.com.tr\/index.php\/urun\/kirmizi-baslikli-kurt\/","title":{"rendered":"K\u0131rm\u0131z\u0131 Ba\u015fl\u0131kl\u0131 Kurt"},"content":{"rendered":"<p>Evvel zaman i\u00e7inde, g\u00fczel, k\u0131rm\u0131z\u0131 bir ba\u015fl\u0131\u011f\u0131 olan Eda ad\u0131nda bir k\u0131z ve onun \u00e7\u0131lg\u0131n ninesi varm\u0131\u015f. Tabii bir de g\u00fczeller g\u00fczeli prensesi etkilemek i\u00e7in o k\u0131rm\u0131z\u0131 ba\u015fl\u0131\u011f\u0131 isteyen kurt varm\u0131\u015f. Bir \u00e7ok renkli karakterleri olan ve sonunda ger\u00e7ekten herkesin \u2018mutlu ve memnun\u2019 oldu\u011fu e\u011flenceli bu hikayede, bakal\u0131m kurt ba\u015fl\u0131\u011f\u0131 alabilecek mi? <\/p>\n","protected":false},"excerpt":{"rendered":"<p>Evvel zaman i\u00e7inde, g\u00fczel, k\u0131rm\u0131z\u0131 bir ba\u015fl\u0131\u011f\u0131 olan Eda ad\u0131nda bir k\u0131z ve onun \u00e7\u0131lg\u0131n ninesi varm\u0131\u015f. Tabii bir de g\u00fczeller g\u00fczeli prensesi etkilemek i\u00e7in o<span class=\"excerpt-hellip\"> [\u2026]<\/span><\/p>\n","protected":false},"featured_media":0,"template":"","meta":{"_monsterinsights_skip_tracking":false,"_monsterinsights_sitenote_active":false,"_monsterinsights_sitenote_note":"","_monsterinsights_sitenote_category":0},"product_brand":[],"product_cat":[12913,12274],"product_tag":[],"class_list":{"0":"post-713447","1":"product","2":"type-product","3":"status-publish","5":"product_cat-3-6-yas-kitaplari","6":"product_cat-cocuk-ve-genclik-kitaplari","7":"pa_cilt-ciltsiz","8":"pa_tur-kitap","9":"pa_yayinevi-kitap-saati-yayinevi","10":"pa_yazar-agostino-traini","12":"first","13":"instock","14":"sale","15":"shipping-taxable","16":"purchasable","17":"product-type-simple"},"_links":{"self":[{"href":"https:\/\/roveyayinevi.com.tr\/index.php\/wp-json\/wp\/v2\/product\/713447","targetHints":{"allow":["GET"]}}],"collection":[{"href":"https:\/\/roveyayinevi.com.tr\/index.php\/wp-json\/wp\/v2\/product"}],"about":[{"href":"https:\/\/roveyayinevi.com.tr\/index.php\/wp-json\/wp\/v2\/types\/product"}],"wp:attachment":[{"href":"https:\/\/roveyayinevi.com.tr\/index.php\/wp-json\/wp\/v2\/media?parent=713447"}],"wp:term":[{"taxonomy":"product_brand","embeddable":true,"href":"https:\/\/roveyayinevi.com.tr\/index.php\/wp-json\/wp\/v2\/product_brand?post=713447"},{"taxonomy":"product_cat","embeddable":true,"href":"https:\/\/roveyayinevi.com.tr\/index.php\/wp-json\/wp\/v2\/product_cat?post=713447"},{"taxonomy":"product_tag","embeddable":true,"href":"https:\/\/roveyayinevi.com.tr\/index.php\/wp-json\/wp\/v2\/product_tag?post=713447"}],"curies":[{"name":"wp","href":"https:\/\/api.w.org\/{rel}","templated":true}]}}