{"id":713446,"date":"2025-08-27T17:07:38","date_gmt":"2025-08-27T14:07:38","guid":{"rendered":"https:\/\/roveyayinevi.com.tr\/index.php\/urun\/elestirel-dusunme-ve-empati-egitim-ve-spor-alani\/"},"modified":"2026-04-03T02:27:32","modified_gmt":"2026-04-02T23:27:32","slug":"elestirel-dusunme-ve-empati-egitim-ve-spor-alani","status":"publish","type":"product","link":"https:\/\/roveyayinevi.com.tr\/index.php\/urun\/elestirel-dusunme-ve-empati-egitim-ve-spor-alani\/","title":{"rendered":"Ele\u015ftirel D\u00fc\u015f\u00fcnme ve Empati &#8211; E\u011fitim Ve Spor Alan\u0131"},"content":{"rendered":"<p>\u0130nsanlar\u0131 do\u011fru veya yanl\u0131\u015flar\u0131yla ayakta tutan yeg\u00e2ne neden d\u00fc\u015fsel eylemlerdir. Zira insan\u0131n ya\u015fam\u0131 boyunca edindi\u011fi deneyim ve tecr\u00fcbeler, bireylerin bir\u00e7ok d\u00fc\u015f\u00fcnme s\u00fcrecinden ge\u00e7mesine ve vermesi gereken kararlar\u0131n fark\u0131na varmas\u0131na neden olmu\u015ftur. Bu ama\u00e7la bu eserde, d\u00fc\u015f\u00fcnce becerisinin kazan\u0131lmas\u0131 i\u00e7in gerekli olan empatik e\u011filim ve ele\u015ftirel d\u00fc\u015f\u00fcnmenin, kuramsal boyutlar\u0131 ile nas\u0131l kazan\u0131lmas\u0131 gerekti\u011fiyle ilgili bilgiler payla\u015f\u0131lmak istenmektedir. <\/p>\n","protected":false},"excerpt":{"rendered":"<p>\u0130nsanlar\u0131 do\u011fru veya yanl\u0131\u015flar\u0131yla ayakta tutan yeg\u00e2ne neden d\u00fc\u015fsel eylemlerdir. Zira insan\u0131n ya\u015fam\u0131 boyunca edindi\u011fi deneyim ve tecr\u00fcbeler, bireylerin bir\u00e7ok d\u00fc\u015f\u00fcnme s\u00fcrecinden ge\u00e7mesine ve vermesi gereken<span class=\"excerpt-hellip\"> [\u2026]<\/span><\/p>\n","protected":false},"featured_media":0,"template":"","meta":{"_monsterinsights_skip_tracking":false,"_monsterinsights_sitenote_active":false,"_monsterinsights_sitenote_note":"","_monsterinsights_sitenote_category":0},"product_brand":[],"product_cat":[12364,12376],"product_tag":[],"class_list":{"0":"post-713446","1":"product","2":"type-product","3":"status-publish","5":"product_cat-genel-konular","6":"product_cat-kisisel-gelisim","7":"pa_cilt-ciltsiz","8":"pa_tur-kitap","9":"pa_yayinevi-efil-yayinevi","10":"pa_yazar-mahmut-gulle-malik-beyleroglu","12":"first","13":"instock","14":"sale","15":"shipping-taxable","16":"purchasable","17":"product-type-simple"},"_links":{"self":[{"href":"https:\/\/roveyayinevi.com.tr\/index.php\/wp-json\/wp\/v2\/product\/713446","targetHints":{"allow":["GET"]}}],"collection":[{"href":"https:\/\/roveyayinevi.com.tr\/index.php\/wp-json\/wp\/v2\/product"}],"about":[{"href":"https:\/\/roveyayinevi.com.tr\/index.php\/wp-json\/wp\/v2\/types\/product"}],"wp:attachment":[{"href":"https:\/\/roveyayinevi.com.tr\/index.php\/wp-json\/wp\/v2\/media?parent=713446"}],"wp:term":[{"taxonomy":"product_brand","embeddable":true,"href":"https:\/\/roveyayinevi.com.tr\/index.php\/wp-json\/wp\/v2\/product_brand?post=713446"},{"taxonomy":"product_cat","embeddable":true,"href":"https:\/\/roveyayinevi.com.tr\/index.php\/wp-json\/wp\/v2\/product_cat?post=713446"},{"taxonomy":"product_tag","embeddable":true,"href":"https:\/\/roveyayinevi.com.tr\/index.php\/wp-json\/wp\/v2\/product_tag?post=713446"}],"curies":[{"name":"wp","href":"https:\/\/api.w.org\/{rel}","templated":true}]}}