{"id":713443,"date":"2025-08-27T17:07:36","date_gmt":"2025-08-27T14:07:36","guid":{"rendered":"https:\/\/roveyayinevi.com.tr\/index.php\/urun\/ozne-nasil-susturulur\/"},"modified":"2026-04-16T02:21:49","modified_gmt":"2026-04-15T23:21:49","slug":"ozne-nasil-susturulur","status":"publish","type":"product","link":"https:\/\/roveyayinevi.com.tr\/index.php\/urun\/ozne-nasil-susturulur\/","title":{"rendered":"\u00d6zne Nas\u0131l Susturulur?"},"content":{"rendered":"<p>Serge Lesourd, Jacques Lacan\u2019\u0131n s\u00f6ylem t\u00fcrleri kuram\u0131ndan ve uzun y\u0131llara dayanan klinik deneyimlerinden yola \u00e7\u0131karak, \u00f6nceki \u00e7al\u0131\u015fmalar\u0131nda ele ald\u0131\u011f\u0131 \u00f6znel \u0131st\u0131rab\u0131n yeni ifade bi\u00e7imlerini tart\u0131\u015fmay\u0131 s\u00fcrd\u00fcr\u00fcyor. Yazar, postmodern laf ebeliklerinin \u015fekillendirdi\u011fi yeni toplumsal ili\u015fkilerin, psikanalizin temel \u00f6\u011fretilerinden biri olan \u201cDoyum, her insani ya\u015fam\u0131n bencil amac\u0131d\u0131r\u201d saptamas\u0131n\u0131 \u00e7ok iyi benimsedi\u011fini, ancak hemen onu izleyen bir di\u011fer \u00f6\u011fretisini unuttu\u011funu hat\u0131rlat\u0131yor: \u201cHer zevk, grup ya\u015fam\u0131ndaki ba\u011flar\u0131 korumak i\u00e7in s\u0131n\u0131rl\u0131 ve tamamlanmam\u0131\u015f kalmak durumundad\u0131r\u201d. G\u00fcn\u00fcm\u00fcz\u00fcn liberal pazar ekonomisi taraf\u0131ndan belirlenen \u201cher zevkin s\u0131n\u0131rs\u0131z ve herkes taraf\u0131ndan ula\u015f\u0131labilir olmas\u0131\u201d kural\u0131 hem \u00f6znelle\u015fme s\u00fcre\u00e7lerinde hem de insani ili\u015fkilerde etkilerini giderek artan depresyon, stres, anoreksia, hiperaktivite, intihar, ba\u011f\u0131ml\u0131l\u0131klar, \u015fiddet, y\u0131k\u0131m, kabal\u0131k, zorbal\u0131k, cemaatle\u015fmeler, kapal\u0131 narsistik gruplar gibi bireysel ve toplumsal patolojiler alt\u0131nda g\u00f6sterirken, \u00f6znenin bu t\u00fcrden bir kapal\u0131 sistemde, belirsizlik ya da a\u015f\u0131r\u0131l\u0131k hallerinde bulabildi\u011fi tek \u00e7\u0131k\u0131\u015f yolu  \u00e7o\u011funlukla kendi bedeni ya da \u00f6tekinin bedeni olmaktad\u0131r. Psikanalitik kuram\u0131n kavramlar\u0131n\u0131n ustal\u0131kla i\u015flendi\u011fi ve incelikli bir klinik duyu\u015fla \u00f6r\u00fclen bu kitap, \u00f6zneyi ve \u00f6znelli\u011fi susturan her t\u00fcrl\u00fc s\u00f6ylem kar\u015f\u0131s\u0131nda okuyucusunu da sadece s\u00f6z\u00fc almaya de\u011fil, s\u00f6z\u00fc etik bir yerden almaya, sab\u0131rla ve dikkatle bekleyip dinlemeye, \u00f6zenle ve \u00f6zg\u00fcrce \u00fcretmeye de te\u015fvik ediyor. <\/p>\n","protected":false},"excerpt":{"rendered":"<p>Serge Lesourd, Jacques Lacan\u2019\u0131n s\u00f6ylem t\u00fcrleri kuram\u0131ndan ve uzun y\u0131llara dayanan klinik deneyimlerinden yola \u00e7\u0131karak, \u00f6nceki \u00e7al\u0131\u015fmalar\u0131nda ele ald\u0131\u011f\u0131 \u00f6znel \u0131st\u0131rab\u0131n yeni ifade bi\u00e7imlerini tart\u0131\u015fmay\u0131 s\u00fcrd\u00fcr\u00fcyor.<span class=\"excerpt-hellip\"> [\u2026]<\/span><\/p>\n","protected":false},"featured_media":0,"template":"","meta":{"_monsterinsights_skip_tracking":false,"_monsterinsights_sitenote_active":false,"_monsterinsights_sitenote_note":"","_monsterinsights_sitenote_category":0},"product_brand":[],"product_cat":[12358,12357],"product_tag":[],"class_list":{"0":"post-713443","1":"product","2":"type-product","3":"status-publish","5":"product_cat-genel-psikoloji","6":"product_cat-psikoloji","7":"pa_cilt-ciltsiz","8":"pa_tur-kitap","9":"pa_yayinevi-dogu-bati-yayinlari","10":"pa_yazar-serge-lesourd","12":"first","13":"instock","14":"sale","15":"shipping-taxable","16":"purchasable","17":"product-type-simple"},"_links":{"self":[{"href":"https:\/\/roveyayinevi.com.tr\/index.php\/wp-json\/wp\/v2\/product\/713443","targetHints":{"allow":["GET"]}}],"collection":[{"href":"https:\/\/roveyayinevi.com.tr\/index.php\/wp-json\/wp\/v2\/product"}],"about":[{"href":"https:\/\/roveyayinevi.com.tr\/index.php\/wp-json\/wp\/v2\/types\/product"}],"wp:attachment":[{"href":"https:\/\/roveyayinevi.com.tr\/index.php\/wp-json\/wp\/v2\/media?parent=713443"}],"wp:term":[{"taxonomy":"product_brand","embeddable":true,"href":"https:\/\/roveyayinevi.com.tr\/index.php\/wp-json\/wp\/v2\/product_brand?post=713443"},{"taxonomy":"product_cat","embeddable":true,"href":"https:\/\/roveyayinevi.com.tr\/index.php\/wp-json\/wp\/v2\/product_cat?post=713443"},{"taxonomy":"product_tag","embeddable":true,"href":"https:\/\/roveyayinevi.com.tr\/index.php\/wp-json\/wp\/v2\/product_tag?post=713443"}],"curies":[{"name":"wp","href":"https:\/\/api.w.org\/{rel}","templated":true}]}}