{"id":713442,"date":"2025-08-27T17:07:35","date_gmt":"2025-08-27T14:07:35","guid":{"rendered":"https:\/\/roveyayinevi.com.tr\/index.php\/urun\/fantastik-oykuler\/"},"modified":"2026-04-16T02:21:49","modified_gmt":"2026-04-15T23:21:49","slug":"fantastik-oykuler","status":"publish","type":"product","link":"https:\/\/roveyayinevi.com.tr\/index.php\/urun\/fantastik-oykuler\/","title":{"rendered":"Fantastik \u00d6yk\u00fcler"},"content":{"rendered":"<p>Th\u00e9ophile Gautier, titizli\u011fe varan estetik anlay\u0131\u015f\u0131 ve ironik \u00fcslubuyla \u00f6yk\u00fclerinde varl\u0131\u011f\u0131 her an hissedilen bir yazard\u0131r. Se\u00e7kimizde yazar\u0131n 1831 tarihli Kahve Potu\u2019ndan ba\u015flayarak 1852 y\u0131l\u0131na dek kaleme ald\u0131\u011f\u0131 \u00f6yk\u00fcleri yay\u0131nlan\u0131\u015f s\u0131ras\u0131yla yer al\u0131yor, bu \u015fekilde okur onun yaz\u0131m tekni\u011finin ge\u00e7en s\u00fcre zarf\u0131nda ne kadar kendine has bir \u00f6zellik kazand\u0131\u011f\u0131n\u0131 g\u00f6zlemleyebilecektir. Canlanan tablolar, hayaletler, mitolojik ve masals\u0131 yarat\u0131klar, yapay cennetler, vampirler, paralel hayatlar, \u00f6l\u00fcmdeki ya\u015fam, fantastik bir boyut ve daima romantik bir fon. Fantastik \u00d6yk\u00fcler\u2019de, s\u0131radan, bildi\u011fimiz hayat, ans\u0131z\u0131n yahut ad\u0131m ad\u0131m do\u011fa\u00fcst\u00fc bir kimli\u011fe b\u00fcr\u00fcn\u00fcr. Hayal ve ger\u00e7ek, ge\u00e7mi\u015f ve gelecek i\u00e7 i\u00e7e ge\u00e7er, tatl\u0131 hayaller bo\u011fucu k\u00e2buslara d\u00f6n\u00fc\u015f\u00fcr. Kahramanlar bu iki d\u00fcnya aras\u0131nda ne yapacaklar\u0131n\u0131 bilemezler, elleri kollar\u0131 ba\u011fl\u0131 gibidir, ne bedenen ne de zihnen kendilerine h\u00e2kim olabilirler. Ancak bu esrik evrenin \u00e7ekici bir taraf\u0131 da vard\u0131r, zira Gautier\u2019in edilgen kahramanlar\u0131 mant\u0131\u011f\u0131n ge\u00e7erli olmad\u0131\u011f\u0131 bir d\u00fcnyada, her an a\u015fkla nefes bulma umudu ta\u015f\u0131r. Belki de bu y\u00fczden hayal d\u00fcnyas\u0131na ad\u0131m atmaya daha d\u00fcnden haz\u0131rlard\u0131r. Frans\u0131z edebiyat\u0131n\u0131n \u00f6nemli fig\u00fcrlerinden Th\u00e9ophile Gautier\u2019in Fantastik \u00d6yk\u00fcler\u2019iyle XIX. y\u00fczy\u0131l Paris\u2019inden, ge\u00e7mi\u015fin ve hayal \u00e2leminin derinliklerine egzotik bir yolculu\u011fa \u00e7\u0131k\u0131yoruz. <\/p>\n","protected":false},"excerpt":{"rendered":"<p>Th\u00e9ophile Gautier, titizli\u011fe varan estetik anlay\u0131\u015f\u0131 ve ironik \u00fcslubuyla \u00f6yk\u00fclerinde varl\u0131\u011f\u0131 her an hissedilen bir yazard\u0131r. Se\u00e7kimizde yazar\u0131n 1831 tarihli Kahve Potu\u2019ndan ba\u015flayarak 1852 y\u0131l\u0131na dek<span class=\"excerpt-hellip\"> [\u2026]<\/span><\/p>\n","protected":false},"featured_media":0,"template":"","meta":{"_monsterinsights_skip_tracking":false,"_monsterinsights_sitenote_active":false,"_monsterinsights_sitenote_note":"","_monsterinsights_sitenote_category":0},"product_brand":[],"product_cat":[12291,14777],"product_tag":[],"class_list":{"0":"post-713442","1":"product","2":"type-product","3":"status-publish","5":"product_cat-edebiyat","6":"product_cat-fantastik","7":"pa_cilt-ciltsiz","8":"pa_tur-kitap","9":"pa_yayinevi-dogu-bati-yayinlari","10":"pa_yazar-theophile-gautier","12":"first","13":"instock","14":"sale","15":"shipping-taxable","16":"purchasable","17":"product-type-simple"},"_links":{"self":[{"href":"https:\/\/roveyayinevi.com.tr\/index.php\/wp-json\/wp\/v2\/product\/713442","targetHints":{"allow":["GET"]}}],"collection":[{"href":"https:\/\/roveyayinevi.com.tr\/index.php\/wp-json\/wp\/v2\/product"}],"about":[{"href":"https:\/\/roveyayinevi.com.tr\/index.php\/wp-json\/wp\/v2\/types\/product"}],"wp:attachment":[{"href":"https:\/\/roveyayinevi.com.tr\/index.php\/wp-json\/wp\/v2\/media?parent=713442"}],"wp:term":[{"taxonomy":"product_brand","embeddable":true,"href":"https:\/\/roveyayinevi.com.tr\/index.php\/wp-json\/wp\/v2\/product_brand?post=713442"},{"taxonomy":"product_cat","embeddable":true,"href":"https:\/\/roveyayinevi.com.tr\/index.php\/wp-json\/wp\/v2\/product_cat?post=713442"},{"taxonomy":"product_tag","embeddable":true,"href":"https:\/\/roveyayinevi.com.tr\/index.php\/wp-json\/wp\/v2\/product_tag?post=713442"}],"curies":[{"name":"wp","href":"https:\/\/api.w.org\/{rel}","templated":true}]}}