{"id":713441,"date":"2025-08-27T17:07:35","date_gmt":"2025-08-27T14:07:35","guid":{"rendered":"https:\/\/roveyayinevi.com.tr\/index.php\/urun\/atesin-kokenine-dair-mitler\/"},"modified":"2026-04-16T02:21:49","modified_gmt":"2026-04-15T23:21:49","slug":"atesin-kokenine-dair-mitler","status":"publish","type":"product","link":"https:\/\/roveyayinevi.com.tr\/index.php\/urun\/atesin-kokenine-dair-mitler\/","title":{"rendered":"Ate\u015fin K\u00f6kenine Dair Mitler"},"content":{"rendered":"<p>T\u00fcm insan icatlar\u0131 i\u00e7inde, en \u00f6nemli ve en etkili ke\u015fif muhtemelen ate\u015f yakma y\u00f6nteminin geli\u015ftirilmesidir. James George Frazer, d\u00fcnyan\u0131n d\u00f6rt bir k\u00f6\u015fesinde insanlardan, hayvan, bitki ve do\u011fadan yola \u00e7\u0131karak birbirinden farkl\u0131 toplumlarda ate\u015fe dair \u015fimdiye kadar yarat\u0131lm\u0131\u015f bir\u00e7ok miti bir araya getirmektedir. Ate\u015fi bulma ve ate\u015f yakma y\u00f6ntemlerine ili\u015fkin bu mitler yaban\u0131l kabile ve uygarl\u0131klar\u0131n en g\u00fczel ve ilgin\u00e7 deneyimlerini i\u00e7ermektedir. Afrika\u2019da, Asya\u2019da, Eski Hindistan\u2019da, Antik Yunan\u2019da, Avustralya\u2019da ve t\u00fcm di\u011fer co\u011frafyalardaki mitler, ortaya \u00e7\u0131k\u0131\u015f ko\u015fullar\u0131na uygun olarak bir hik\u00e2ye bi\u00e7iminde okura sunulmaktad\u0131r:   \u201cHer g\u00fcn baz\u0131 erkekler, kad\u0131nlar ve \u00e7ocuklar g\u00f6\u011fe t\u0131rman\u0131rlar ve yeniden a\u011fac\u0131n dallar\u0131n\u0131 kullanarak geri inerlermi\u015f. Bir g\u00fcn yukar\u0131 do\u011fru t\u0131rman\u0131rlarken Kakan adl\u0131 ya\u015fl\u0131 bir \u015fahin bir \u00e7ubu\u011fu di\u011ferinin \u00fczerinde h\u0131zla d\u00f6nd\u00fcrerek ate\u015f yakman\u0131n yolunu bulmu\u015f. Fakat bu ku\u015f ile beyaz bir \u015fahinin aras\u0131ndaki s\u00fcrt\u00fc\u015fmeden \u00f6t\u00fcr\u00fc t\u00fcm b\u00f6lgeyi ate\u015f sarm\u0131\u015f ve ne yaz\u0131k ki \u00e7am a\u011fac\u0131 yanm\u0131\u015f; bu y\u00fczden yukar\u0131 \u00e7\u0131kan insanlar yeniden yery\u00fcz\u00fcne d\u00f6nememi\u015f ve bu hadiseden sonra g\u00f6ky\u00fcz\u00fcnde kalm\u0131\u015flar. Yukar\u0131da kalan insanlar\u0131n kafalar\u0131nda, dirseklerinde, dizlerinde ve di\u011fer eklem yerlerinde kristaller olu\u015fmu\u015f; geceleri bu kristaller parl\u0131yormu\u015f. Bu par\u0131lt\u0131lar asl\u0131nda bizlerin y\u0131ld\u0131z olarak adland\u0131rd\u0131\u011f\u0131 \u015feylermi\u015f.\u201d  <\/p>\n","protected":false},"excerpt":{"rendered":"<p>T\u00fcm insan icatlar\u0131 i\u00e7inde, en \u00f6nemli ve en etkili ke\u015fif muhtemelen ate\u015f yakma y\u00f6nteminin geli\u015ftirilmesidir. James George Frazer, d\u00fcnyan\u0131n d\u00f6rt bir k\u00f6\u015fesinde insanlardan, hayvan, bitki ve<span class=\"excerpt-hellip\"> [\u2026]<\/span><\/p>\n","protected":false},"featured_media":0,"template":"","meta":{"_monsterinsights_skip_tracking":false,"_monsterinsights_sitenote_active":false,"_monsterinsights_sitenote_note":"","_monsterinsights_sitenote_category":0},"product_brand":[],"product_cat":[15499,13488],"product_tag":[],"class_list":{"0":"post-713441","1":"product","2":"type-product","3":"status-publish","5":"product_cat-antropoloji","6":"product_cat-toplum-ve-insan","7":"pa_cilt-ciltsiz","8":"pa_tur-kitap","9":"pa_yayinevi-dogu-bati-yayinlari","10":"pa_yazar-james-george-frazer","12":"first","13":"instock","14":"sale","15":"shipping-taxable","16":"purchasable","17":"product-type-simple"},"_links":{"self":[{"href":"https:\/\/roveyayinevi.com.tr\/index.php\/wp-json\/wp\/v2\/product\/713441","targetHints":{"allow":["GET"]}}],"collection":[{"href":"https:\/\/roveyayinevi.com.tr\/index.php\/wp-json\/wp\/v2\/product"}],"about":[{"href":"https:\/\/roveyayinevi.com.tr\/index.php\/wp-json\/wp\/v2\/types\/product"}],"wp:attachment":[{"href":"https:\/\/roveyayinevi.com.tr\/index.php\/wp-json\/wp\/v2\/media?parent=713441"}],"wp:term":[{"taxonomy":"product_brand","embeddable":true,"href":"https:\/\/roveyayinevi.com.tr\/index.php\/wp-json\/wp\/v2\/product_brand?post=713441"},{"taxonomy":"product_cat","embeddable":true,"href":"https:\/\/roveyayinevi.com.tr\/index.php\/wp-json\/wp\/v2\/product_cat?post=713441"},{"taxonomy":"product_tag","embeddable":true,"href":"https:\/\/roveyayinevi.com.tr\/index.php\/wp-json\/wp\/v2\/product_tag?post=713441"}],"curies":[{"name":"wp","href":"https:\/\/api.w.org\/{rel}","templated":true}]}}