{"id":713440,"date":"2025-08-27T17:07:34","date_gmt":"2025-08-27T14:07:34","guid":{"rendered":"https:\/\/roveyayinevi.com.tr\/index.php\/urun\/avatar\/"},"modified":"2026-04-16T02:21:49","modified_gmt":"2026-04-15T23:21:49","slug":"avatar","status":"publish","type":"product","link":"https:\/\/roveyayinevi.com.tr\/index.php\/urun\/avatar\/","title":{"rendered":"Avatar"},"content":{"rendered":"<p>Gautier\u2019i s\u0131rad\u0131\u015f\u0131 bir yazar yapan, \u00fcslubu ve i\u015fledi\u011fi konular\u0131n birebir \u00f6rt\u00fc\u015fmesidir. Fantastik t\u00fcrdeki eserlerinde, \u00f6l\u00fcmden sonra dirilmeye, do\u011fa\u00fcst\u00fcne, ok\u00fcltizme \u00e7ok\u00e7a yer veren Gautier\u2019in metinleri d\u00f6ng\u00fcsel bir i\u00e7eri\u011fe sahiptir; bir \u00f6yk\u00fcs\u00fcnde yer verdi\u011fi ufak bir detay y\u0131llar sonra bamba\u015fka bir \u00f6yk\u00fcs\u00fcnde yeniden ortaya \u00e7\u0131kar. Yazar\u0131n \u00fcslubunun adeta damgas\u0131 olan bu tarz, bazen bir obje, bazen bir deyi\u015f, bazen de ki\u015filerle kendini g\u00f6sterir. Avatar\u2019\u0131n kahramanlar\u0131ndan Octave de Saville\u2019in Arria Marcella\u2019daki melankolik delikanl\u0131 Octavien\u2019in reankarnasyonu oldu\u011funu rahatl\u0131kla s\u00f6yleyebiliriz. Budist bilgelerin yan\u0131nda diz \u00e7\u00fcr\u00fctm\u00fc\u015f mesmerik bir doktor, umutsuz a\u015fk\u0131 y\u00fcz\u00fcnden yata\u011fa d\u00fc\u015fm\u00fc\u015f melankolik bir delikanl\u0131, kocas\u0131n\u0131 taparcas\u0131na seven hayran olunas\u0131 g\u00fczellikte gen\u00e7 bir kad\u0131n, cepheden yeni d\u00f6nm\u00fc\u015f muzaffer bir sava\u015f\u00e7\u0131. Manyetizma, metapsikoz ve Hindu rit\u00fcellerinin y\u00f6n verdi\u011fi bir olay \u00f6rg\u00fcs\u00fc. Gautier\u2019den XIX. y\u00fczy\u0131l Paris\u2019inden, Floransa\u2019dan ve Hindistan\u2019\u0131n derinliklerinden manzaralar sunan, kimi zaman komediye varan, \u00e7a\u011fda\u015f bir beden de\u011fi\u015ftirme ve ruh g\u00f6\u00e7\u00fc hikayesi. <\/p>\n","protected":false},"excerpt":{"rendered":"<p>Gautier\u2019i s\u0131rad\u0131\u015f\u0131 bir yazar yapan, \u00fcslubu ve i\u015fledi\u011fi konular\u0131n birebir \u00f6rt\u00fc\u015fmesidir. Fantastik t\u00fcrdeki eserlerinde, \u00f6l\u00fcmden sonra dirilmeye, do\u011fa\u00fcst\u00fcne, ok\u00fcltizme \u00e7ok\u00e7a yer veren Gautier\u2019in metinleri d\u00f6ng\u00fcsel bir<span class=\"excerpt-hellip\"> [\u2026]<\/span><\/p>\n","protected":false},"featured_media":0,"template":"","meta":{"_monsterinsights_skip_tracking":false,"_monsterinsights_sitenote_active":false,"_monsterinsights_sitenote_note":"","_monsterinsights_sitenote_category":0},"product_brand":[],"product_cat":[12291,12711],"product_tag":[],"class_list":{"0":"post-713440","1":"product","2":"type-product","3":"status-publish","5":"product_cat-edebiyat","6":"product_cat-roman-oyku","7":"pa_cilt-ciltsiz","8":"pa_tur-kitap","9":"pa_yayinevi-dogu-bati-yayinlari","10":"pa_yazar-theophile-gautier","12":"first","13":"instock","14":"sale","15":"shipping-taxable","16":"purchasable","17":"product-type-simple"},"_links":{"self":[{"href":"https:\/\/roveyayinevi.com.tr\/index.php\/wp-json\/wp\/v2\/product\/713440","targetHints":{"allow":["GET"]}}],"collection":[{"href":"https:\/\/roveyayinevi.com.tr\/index.php\/wp-json\/wp\/v2\/product"}],"about":[{"href":"https:\/\/roveyayinevi.com.tr\/index.php\/wp-json\/wp\/v2\/types\/product"}],"wp:attachment":[{"href":"https:\/\/roveyayinevi.com.tr\/index.php\/wp-json\/wp\/v2\/media?parent=713440"}],"wp:term":[{"taxonomy":"product_brand","embeddable":true,"href":"https:\/\/roveyayinevi.com.tr\/index.php\/wp-json\/wp\/v2\/product_brand?post=713440"},{"taxonomy":"product_cat","embeddable":true,"href":"https:\/\/roveyayinevi.com.tr\/index.php\/wp-json\/wp\/v2\/product_cat?post=713440"},{"taxonomy":"product_tag","embeddable":true,"href":"https:\/\/roveyayinevi.com.tr\/index.php\/wp-json\/wp\/v2\/product_tag?post=713440"}],"curies":[{"name":"wp","href":"https:\/\/api.w.org\/{rel}","templated":true}]}}