{"id":713437,"date":"2025-08-27T17:07:32","date_gmt":"2025-08-27T14:07:32","guid":{"rendered":"https:\/\/roveyayinevi.com.tr\/index.php\/urun\/turklerin-yazili-kulturu-turklerin-edebiyati\/"},"modified":"2026-04-16T02:21:49","modified_gmt":"2026-04-15T23:21:49","slug":"turklerin-yazili-kulturu-turklerin-edebiyati","status":"publish","type":"product","link":"https:\/\/roveyayinevi.com.tr\/index.php\/urun\/turklerin-yazili-kulturu-turklerin-edebiyati\/","title":{"rendered":"T\u00fcrklerin Yaz\u0131l\u0131 K\u00fclt\u00fcr\u00fc (T\u00fcrklerin Edebiyat\u0131)"},"content":{"rendered":"<p>Toderini\u2019nin eseri klasik olarak nitelenen 14.-18. y\u00fczy\u0131llar aras\u0131 d\u00f6nemde Osmanl\u0131 T\u00fcrklerinin yaz\u0131l\u0131 k\u00fclt\u00fcrleri \u00fcst\u00fcne kaleme al\u0131nm\u0131\u015f \u00f6nemli bir denemedir. Dinsel k\u00fclt\u00fcr, dil, belagat, mant\u0131k, matematik, t\u0131p, kimya, astronomi, astroloji ve m\u00fczikle ilgili literat\u00fcr\u00fc g\u00f6zden ge\u00e7iren birinci b\u00f6l\u00fcmden sonra e\u011fitim sistemini ve k\u00fct\u00fcphaneleri inceleyen uzunca bir ikinci b\u00f6l\u00fcm yer al\u0131r. Toderini\u2019nin ad\u0131n\u0131n unutulmamas\u0131n\u0131 sa\u011flayan \u00fc\u00e7\u00fcnc\u00fc b\u00f6l\u00fcm ise Osmanl\u0131 bas\u0131mc\u0131l\u0131\u011f\u0131n\u0131n tarihine ayr\u0131lm\u0131\u015ft\u0131r. Birinci elden tan\u0131kl\u0131klara ve g\u00f6zlemlere dayanan bu tarih\u00e7e Osmanl\u0131 bas\u0131m tarihi i\u00e7in temel bir kaynak olmu\u015ftur. Bir Bat\u0131l\u0131n\u0131n g\u00f6z\u00fcnden Osmanl\u0131 k\u00fclt\u00fcr\u00fcn\u00fcn kapsaml\u0131 bir de\u011ferlendirmesini i\u00e7eren eserin t\u00fcm\u00fc T\u00fcrk\u00e7ede ilk kez yay\u0131mlan\u0131yor. <\/p>\n","protected":false},"excerpt":{"rendered":"<p>Toderini\u2019nin eseri klasik olarak nitelenen 14.-18. y\u00fczy\u0131llar aras\u0131 d\u00f6nemde Osmanl\u0131 T\u00fcrklerinin yaz\u0131l\u0131 k\u00fclt\u00fcrleri \u00fcst\u00fcne kaleme al\u0131nm\u0131\u015f \u00f6nemli bir denemedir. Dinsel k\u00fclt\u00fcr, dil, belagat, mant\u0131k, matematik, t\u0131p,<span class=\"excerpt-hellip\"> [\u2026]<\/span><\/p>\n","protected":false},"featured_media":0,"template":"","meta":{"_monsterinsights_skip_tracking":false,"_monsterinsights_sitenote_active":false,"_monsterinsights_sitenote_note":"","_monsterinsights_sitenote_category":0},"product_brand":[],"product_cat":[13072,12291],"product_tag":[],"class_list":{"0":"post-713437","1":"product","2":"type-product","3":"status-publish","5":"product_cat-arastirma-inceleme-referans","6":"product_cat-edebiyat","7":"pa_cilt-ciltsiz","8":"pa_tur-kitap","9":"pa_yayinevi-yapi-kredi-yayinlari","10":"pa_yazar-giambattista-toderini","12":"first","13":"instock","14":"sale","15":"shipping-taxable","16":"purchasable","17":"product-type-simple"},"_links":{"self":[{"href":"https:\/\/roveyayinevi.com.tr\/index.php\/wp-json\/wp\/v2\/product\/713437","targetHints":{"allow":["GET"]}}],"collection":[{"href":"https:\/\/roveyayinevi.com.tr\/index.php\/wp-json\/wp\/v2\/product"}],"about":[{"href":"https:\/\/roveyayinevi.com.tr\/index.php\/wp-json\/wp\/v2\/types\/product"}],"wp:attachment":[{"href":"https:\/\/roveyayinevi.com.tr\/index.php\/wp-json\/wp\/v2\/media?parent=713437"}],"wp:term":[{"taxonomy":"product_brand","embeddable":true,"href":"https:\/\/roveyayinevi.com.tr\/index.php\/wp-json\/wp\/v2\/product_brand?post=713437"},{"taxonomy":"product_cat","embeddable":true,"href":"https:\/\/roveyayinevi.com.tr\/index.php\/wp-json\/wp\/v2\/product_cat?post=713437"},{"taxonomy":"product_tag","embeddable":true,"href":"https:\/\/roveyayinevi.com.tr\/index.php\/wp-json\/wp\/v2\/product_tag?post=713437"}],"curies":[{"name":"wp","href":"https:\/\/api.w.org\/{rel}","templated":true}]}}