{"id":713435,"date":"2025-08-27T17:07:25","date_gmt":"2025-08-27T14:07:25","guid":{"rendered":"https:\/\/roveyayinevi.com.tr\/index.php\/urun\/ataturk-2\/"},"modified":"2026-04-16T02:21:49","modified_gmt":"2026-04-15T23:21:49","slug":"ataturk-2","status":"publish","type":"product","link":"https:\/\/roveyayinevi.com.tr\/index.php\/urun\/ataturk-2\/","title":{"rendered":"Atat\u00fcrk"},"content":{"rendered":"<p>Mustafa Kemal Atat\u00fcrk\u2019\u00fc bu kez \u201cd\u0131\u015far\u0131\u201ddan bir g\u00f6zle, tarih\u00e7i Fabio L. Grassi anlat\u0131yor. Cumhuriyet\u2019in kurucu liderinin nas\u0131l yeti\u015fti\u011fini, s\u00fcrd\u00fcrd\u00fc\u011f\u00fc askeri ve siyasi m\u00fccadeleleri, bar\u0131\u015f\u00e7\u0131 bir devlet adam\u0131 ve g\u00f6z\u00fc pek bir devrimci olarak ya\u015fad\u0131\u011f\u0131 hayat\u0131 ele al\u0131yor&#8230;  \u201cFabio L. Grassi\u2019nin kitab\u0131 \u0130talyanlar kadar T\u00fcrk okuru i\u00e7in de \u00f6nem arz etmektedir. \u00d6zellikle Cumhuriyet T\u00fcrkiyesi \u00fczerine getirdi\u011fi yorumlar ge\u00e7mi\u015fimize farkl\u0131 a\u00e7\u0131lardan \u0131\u015f\u0131k tutmaktad\u0131r. Fabio L. Grassi\u2019nin kitab\u0131 Atat\u00fcrk\u2019e odaklanan bir biyografi olman\u0131n \u00f6tesinde Osmanl\u0131\u2019dan Cumhuriyet\u2019e T\u00fcrkiye\u2019nin tarihini \u00e7ok y\u00f6nl\u00fc bir bi\u00e7imde kapsayan, yepyeni a\u00e7\u0131l\u0131mlar getiren \u00f6nemli bir katk\u0131d\u0131r.\u201d Prof. Zafer Toprak <\/p>\n","protected":false},"excerpt":{"rendered":"<p>Mustafa Kemal Atat\u00fcrk\u2019\u00fc bu kez \u201cd\u0131\u015far\u0131\u201ddan bir g\u00f6zle, tarih\u00e7i Fabio L. Grassi anlat\u0131yor. Cumhuriyet\u2019in kurucu liderinin nas\u0131l yeti\u015fti\u011fini, s\u00fcrd\u00fcrd\u00fc\u011f\u00fc askeri ve siyasi m\u00fccadeleleri, bar\u0131\u015f\u00e7\u0131 bir devlet<span class=\"excerpt-hellip\"> [\u2026]<\/span><\/p>\n","protected":false},"featured_media":0,"template":"","meta":{"_monsterinsights_skip_tracking":false,"_monsterinsights_sitenote_active":false,"_monsterinsights_sitenote_note":"","_monsterinsights_sitenote_category":0},"product_brand":[],"product_cat":[13946,12304],"product_tag":[],"class_list":{"0":"post-713435","1":"product","2":"type-product","3":"status-publish","5":"product_cat-biyografi-otobiyografi","6":"product_cat-tarih","7":"pa_cilt-ciltsiz","8":"pa_tur-kitap","9":"pa_yayinevi-dogan-kitap","10":"pa_yazar-fabio-l-grassi","12":"first","13":"instock","14":"sale","15":"shipping-taxable","16":"purchasable","17":"product-type-simple"},"_links":{"self":[{"href":"https:\/\/roveyayinevi.com.tr\/index.php\/wp-json\/wp\/v2\/product\/713435","targetHints":{"allow":["GET"]}}],"collection":[{"href":"https:\/\/roveyayinevi.com.tr\/index.php\/wp-json\/wp\/v2\/product"}],"about":[{"href":"https:\/\/roveyayinevi.com.tr\/index.php\/wp-json\/wp\/v2\/types\/product"}],"wp:attachment":[{"href":"https:\/\/roveyayinevi.com.tr\/index.php\/wp-json\/wp\/v2\/media?parent=713435"}],"wp:term":[{"taxonomy":"product_brand","embeddable":true,"href":"https:\/\/roveyayinevi.com.tr\/index.php\/wp-json\/wp\/v2\/product_brand?post=713435"},{"taxonomy":"product_cat","embeddable":true,"href":"https:\/\/roveyayinevi.com.tr\/index.php\/wp-json\/wp\/v2\/product_cat?post=713435"},{"taxonomy":"product_tag","embeddable":true,"href":"https:\/\/roveyayinevi.com.tr\/index.php\/wp-json\/wp\/v2\/product_tag?post=713435"}],"curies":[{"name":"wp","href":"https:\/\/api.w.org\/{rel}","templated":true}]}}