{"id":713432,"date":"2025-08-27T17:07:23","date_gmt":"2025-08-27T14:07:23","guid":{"rendered":"https:\/\/roveyayinevi.com.tr\/index.php\/urun\/sunnete-gore-gunluk-hayat-cilt-2\/"},"modified":"2026-04-16T02:21:49","modified_gmt":"2026-04-15T23:21:49","slug":"sunnete-gore-gunluk-hayat-cilt-2","status":"publish","type":"product","link":"https:\/\/roveyayinevi.com.tr\/index.php\/urun\/sunnete-gore-gunluk-hayat-cilt-2\/","title":{"rendered":"S\u00fcnnete G\u00f6re G\u00fcnl\u00fck Hayat &#8211; Cilt 2"},"content":{"rendered":"<p>S\u00fcnnet, Peygamberimizin Kur\u2019\u00e2n\u2019\u0131 ya\u015fama bi\u00e7imidir.\u00d6yleyse Peygamberimizin s\u00fcnnetini nereden, nas\u0131l \u00f6\u011frenece\u011fiz?\u0130\u015fte bu kitap s\u00fcnneti merak eden ve hayat\u0131na ta\u015f\u0131mak isteyen herkese b\u00f6yle bir f\u0131rsat sunuyor.Peygamberimizin g\u00fcnl\u00fck hayat\u0131 nas\u0131ld\u0131, \u0130sl\u00e2m\u2019\u0131 nas\u0131l ya\u015fard\u0131, insanlara nas\u0131l davran\u0131rd\u0131; cihad\u0131, ahlak\u0131, zikri, duas\u0131, \u015fakas\u0131, e\u011flencesi, sporu, y\u00f6neticili\u011fi nas\u0131ld\u0131?Daha \u00f6nce 1. cildi yay\u0131mlanan S\u00fcnnete G\u00f6re G\u00fcnl\u00fck Hayat kitab\u0131, bu \u00e7al\u0131\u015fmayla bir taraftan Peygamber Efendimizin ya\u015fay\u0131\u015f\u0131n\u0131 daha iyi anlamam\u0131za yard\u0131mc\u0131 olurken ayn\u0131 zamanda cihat, vesvese, nazar, b\u00fcy\u00fc gibi g\u00fcn\u00fcm\u00fczde \u00e7ok tart\u0131\u015f\u0131lan konular\u0131 Peygamber Efendimizin izahlar\u0131 \u00e7er\u00e7evesinde kaleme al\u0131yor. <\/p>\n","protected":false},"excerpt":{"rendered":"<p>S\u00fcnnet, Peygamberimizin Kur\u2019\u00e2n\u2019\u0131 ya\u015fama bi\u00e7imidir.\u00d6yleyse Peygamberimizin s\u00fcnnetini nereden, nas\u0131l \u00f6\u011frenece\u011fiz?\u0130\u015fte bu kitap s\u00fcnneti merak eden ve hayat\u0131na ta\u015f\u0131mak isteyen herkese b\u00f6yle bir f\u0131rsat sunuyor.Peygamberimizin g\u00fcnl\u00fck hayat\u0131<span class=\"excerpt-hellip\"> [\u2026]<\/span><\/p>\n","protected":false},"featured_media":0,"template":"","meta":{"_monsterinsights_skip_tracking":false,"_monsterinsights_sitenote_active":false,"_monsterinsights_sitenote_note":"","_monsterinsights_sitenote_category":0},"product_brand":[],"product_cat":[13036,12718,12719],"product_tag":[],"class_list":{"0":"post-713432","1":"product","2":"type-product","3":"status-publish","5":"product_cat-arastirma-inceleme-islam","6":"product_cat-din","7":"product_cat-islam","8":"pa_cilt-ciltli","9":"pa_tur-kitap","10":"pa_yayinevi-nesil-yayinlari","11":"pa_yazar-mehmed-paksu","13":"first","14":"instock","15":"sale","16":"shipping-taxable","17":"purchasable","18":"product-type-simple"},"_links":{"self":[{"href":"https:\/\/roveyayinevi.com.tr\/index.php\/wp-json\/wp\/v2\/product\/713432","targetHints":{"allow":["GET"]}}],"collection":[{"href":"https:\/\/roveyayinevi.com.tr\/index.php\/wp-json\/wp\/v2\/product"}],"about":[{"href":"https:\/\/roveyayinevi.com.tr\/index.php\/wp-json\/wp\/v2\/types\/product"}],"wp:attachment":[{"href":"https:\/\/roveyayinevi.com.tr\/index.php\/wp-json\/wp\/v2\/media?parent=713432"}],"wp:term":[{"taxonomy":"product_brand","embeddable":true,"href":"https:\/\/roveyayinevi.com.tr\/index.php\/wp-json\/wp\/v2\/product_brand?post=713432"},{"taxonomy":"product_cat","embeddable":true,"href":"https:\/\/roveyayinevi.com.tr\/index.php\/wp-json\/wp\/v2\/product_cat?post=713432"},{"taxonomy":"product_tag","embeddable":true,"href":"https:\/\/roveyayinevi.com.tr\/index.php\/wp-json\/wp\/v2\/product_tag?post=713432"}],"curies":[{"name":"wp","href":"https:\/\/api.w.org\/{rel}","templated":true}]}}