{"id":713431,"date":"2025-08-27T17:07:23","date_gmt":"2025-08-27T14:07:23","guid":{"rendered":"https:\/\/roveyayinevi.com.tr\/index.php\/urun\/a-takimi-a-takimi-ile-veda-senligi-iz-surucu-kopekler-dizisi-10\/"},"modified":"2026-04-16T02:21:49","modified_gmt":"2026-04-15T23:21:49","slug":"a-takimi-a-takimi-ile-veda-senligi-iz-surucu-kopekler-dizisi-10","status":"publish","type":"product","link":"https:\/\/roveyayinevi.com.tr\/index.php\/urun\/a-takimi-a-takimi-ile-veda-senligi-iz-surucu-kopekler-dizisi-10\/","title":{"rendered":"A Tak\u0131m\u0131 &#8211; A Tak\u0131m\u0131 \u0130le Veda \u015eenli\u011fi &#8211; \u0130z S\u00fcr\u00fcc\u00fc K\u00f6pekler Dizisi 10"},"content":{"rendered":"<p>Sevgili okurlar\u0131m, A Tak\u0131m\u0131 \u0130z S\u00fcr\u00fcc\u00fc K\u00f6pekler\u2019in onuncu kitab\u0131na ho\u015f geldiniz. Bu dizide sizlere birbirinden ilgin\u00e7, d\u00f6n\u00fcp d\u00f6n\u00fcp yeniden okuyaca\u011f\u0131n\u0131z, y\u00fcz\u00fc a\u015fk\u0131n \u00f6yk\u00fc sunuluyor. Reng\u00e2renk, koca bir \u00e7i\u00e7ek demeti gibi&#8230; Dizinin son kitab\u0131 olan A Tak\u0131m\u0131 ile Veda \u015eenli\u011fi\u2019nde de A Tak\u0131m\u0131, ya\u015fad\u0131klar\u0131 s\u0131ra d\u0131\u015f\u0131 ser\u00fcvenlerle okurlar\u0131 \u015fa\u015f\u0131rtmay\u0131 s\u00fcrd\u00fcr\u00fcyor. Bu kitap; de\u011fi\u015fik cinsten ev k\u00f6peklerinin kimi zaman y\u00fcrek burkan, kimi zaman kahkalarla g\u00fcld\u00fcren, kimi zaman da insan\u0131, \u201cOlamaz!\u201d diye hayk\u0131rtan ya\u015famlar\u0131ndan ger\u00e7ek \u00f6yk\u00fclerle bezeli. Bunun yan\u0131nda, k\u00f6t\u00fc bir su\u00e7a ortak edilen kimsesiz \u00e7ocuklarla, sokak k\u00f6peklerinin ba\u015flar\u0131na gelenlere A Tak\u0131m\u0131\u2019ndan G\u00f6zl\u00fckl\u00fc\u2019n\u00fcn yard\u0131m\u0131yla onlar\u0131n mutlu sonla biten heyecan y\u00fckl\u00fc anlar\u0131n\u0131 payla\u015facaks\u0131n\u0131z. Hele bir de ge\u00e7mi\u015fte, d\u00fcnyaya geli\u015flerine tan\u0131k oldu\u011fum, A Tak\u0131m\u0131\u2019yla ya\u015fad\u0131\u011f\u0131m\u0131z vedala\u015fma \u00f6yk\u00fcs\u00fc var ki&#8230; A Tak\u0131m\u0131\u2019n\u0131n h\u00fcz\u00fcnl\u00fc vedas\u0131 hepimizi \u00e7ok duyguland\u0131racak&#8230; \ufffcTan\u0131t\u0131m Metni<\/p>\n","protected":false},"excerpt":{"rendered":"<p>Sevgili okurlar\u0131m, A Tak\u0131m\u0131 \u0130z S\u00fcr\u00fcc\u00fc K\u00f6pekler\u2019in onuncu kitab\u0131na ho\u015f geldiniz. Bu dizide sizlere birbirinden ilgin\u00e7, d\u00f6n\u00fcp d\u00f6n\u00fcp yeniden okuyaca\u011f\u0131n\u0131z, y\u00fcz\u00fc a\u015fk\u0131n \u00f6yk\u00fc sunuluyor. Reng\u00e2renk, koca<span class=\"excerpt-hellip\"> [\u2026]<\/span><\/p>\n","protected":false},"featured_media":0,"template":"","meta":{"_monsterinsights_skip_tracking":false,"_monsterinsights_sitenote_active":false,"_monsterinsights_sitenote_note":"","_monsterinsights_sitenote_category":0},"product_brand":[],"product_cat":[12275,12274],"product_tag":[],"class_list":{"0":"post-713431","1":"product","2":"type-product","3":"status-publish","5":"product_cat-6-12-yas-kitaplari","6":"product_cat-cocuk-ve-genclik-kitaplari","7":"pa_cilt-ciltsiz","8":"pa_tur-kitap","9":"pa_yayinevi-altin-kitaplar-cocuk-kitaplari","10":"pa_yazar-gulten-dayioglu","12":"first","13":"instock","14":"sale","15":"shipping-taxable","16":"purchasable","17":"product-type-simple"},"_links":{"self":[{"href":"https:\/\/roveyayinevi.com.tr\/index.php\/wp-json\/wp\/v2\/product\/713431","targetHints":{"allow":["GET"]}}],"collection":[{"href":"https:\/\/roveyayinevi.com.tr\/index.php\/wp-json\/wp\/v2\/product"}],"about":[{"href":"https:\/\/roveyayinevi.com.tr\/index.php\/wp-json\/wp\/v2\/types\/product"}],"wp:attachment":[{"href":"https:\/\/roveyayinevi.com.tr\/index.php\/wp-json\/wp\/v2\/media?parent=713431"}],"wp:term":[{"taxonomy":"product_brand","embeddable":true,"href":"https:\/\/roveyayinevi.com.tr\/index.php\/wp-json\/wp\/v2\/product_brand?post=713431"},{"taxonomy":"product_cat","embeddable":true,"href":"https:\/\/roveyayinevi.com.tr\/index.php\/wp-json\/wp\/v2\/product_cat?post=713431"},{"taxonomy":"product_tag","embeddable":true,"href":"https:\/\/roveyayinevi.com.tr\/index.php\/wp-json\/wp\/v2\/product_tag?post=713431"}],"curies":[{"name":"wp","href":"https:\/\/api.w.org\/{rel}","templated":true}]}}