{"id":713429,"date":"2025-08-27T17:07:22","date_gmt":"2025-08-27T14:07:22","guid":{"rendered":"https:\/\/roveyayinevi.com.tr\/index.php\/urun\/a-takimi-sibiryali-kurnaz-tilki-ile-karabey-iz-surucu-kopekler-dizisi-8\/"},"modified":"2026-04-16T02:21:49","modified_gmt":"2026-04-15T23:21:49","slug":"a-takimi-sibiryali-kurnaz-tilki-ile-karabey-iz-surucu-kopekler-dizisi-8","status":"publish","type":"product","link":"https:\/\/roveyayinevi.com.tr\/index.php\/urun\/a-takimi-sibiryali-kurnaz-tilki-ile-karabey-iz-surucu-kopekler-dizisi-8\/","title":{"rendered":"A Tak\u0131m\u0131 &#8211; Sibiryal\u0131 Kurnaz Tilki \u0130le Karabey &#8211; \u0130z S\u00fcr\u00fcc\u00fc K\u00f6pekler Dizisi 8"},"content":{"rendered":"<p>Pek sevgili okurlar\u0131m, on kitaptan olu\u015fan A Tak\u0131m\u0131 \u0130z S\u00fcr\u00fcc\u00fc K\u00f6pekler Dizisi\u2019nin ilk yedi kitab\u0131n\u0131 okudunuz mu? Okuyanlar sekiz, dokuz ve onuncu kitab\u0131 merak ve co\u015fkuyla bekliyor- lard\u0131. Dizinin son \u00fc\u00e7 kitab\u0131 da yay\u0131mland\u0131. Ama bu diziyi okumaya istedi\u011finiz kitaptan ba\u015flayabilirsiniz. \u00c7\u00fcnk\u00fc birbirinden farkl\u0131 konular\u0131n i\u015flendi\u011fi \u00f6yk\u00fclerin ba\u015fkahra- manlar\u0131, A Tak\u0131m\u0131\u2019n\u0131 olu\u015fturan iz s\u00fcr\u00fcc\u00fc k\u00f6pekler. A Tak\u0131m\u0131\u2019ndan Karabey\u2019e, Sibiryal\u0131 \u00fcst\u00fcn yetenekli bir tilkiden gen aktar\u0131m\u0131 yap\u0131ld\u0131\u011f\u0131n\u0131 biliyor musunuz? Bilmiyorsan\u0131z, bu ola\u011fan\u00fcst\u00fc i\u015flemin ilgin\u00e7 \u00f6yk\u00fcs\u00fc var bu kitapta. Daha sonra da kamyon dolusu ke\u00e7inin, arabal\u0131 vapur Yalova\u2019ya yana\u015ft\u0131- \u011f\u0131nda t\u00fcm engelleri a\u015f\u0131p da\u011fa ka\u00e7\u0131\u015flar\u0131n\u0131n g\u00fcl\u00fcn\u00e7 \u00f6yk\u00fcleri anlat\u0131l\u0131yor. Deniz k\u0131y\u0131s\u0131nda yer alan yabanc\u0131 gezginlerle dolu bir oteli e\u015fek ar\u0131lar\u0131n\u0131n ku\u015fatt\u0131\u011f\u0131n\u0131 duymu\u015f muydunuz? Bu \u00f6yk\u00fcde de onlarla sava\u015fan, A Tak\u0131m\u0131\u2019ndan Karabey\u2019in ak\u0131lal- maz zaferi dile getiriliyor. Bakal\u0131m orada bizi neler bekliyor? <\/p>\n","protected":false},"excerpt":{"rendered":"<p>Pek sevgili okurlar\u0131m, on kitaptan olu\u015fan A Tak\u0131m\u0131 \u0130z S\u00fcr\u00fcc\u00fc K\u00f6pekler Dizisi\u2019nin ilk yedi kitab\u0131n\u0131 okudunuz mu? Okuyanlar sekiz, dokuz ve onuncu kitab\u0131 merak ve co\u015fkuyla<span class=\"excerpt-hellip\"> [\u2026]<\/span><\/p>\n","protected":false},"featured_media":0,"template":"","meta":{"_monsterinsights_skip_tracking":false,"_monsterinsights_sitenote_active":false,"_monsterinsights_sitenote_note":"","_monsterinsights_sitenote_category":0},"product_brand":[],"product_cat":[12275,12274],"product_tag":[],"class_list":{"0":"post-713429","1":"product","2":"type-product","3":"status-publish","5":"product_cat-6-12-yas-kitaplari","6":"product_cat-cocuk-ve-genclik-kitaplari","7":"pa_cilt-ciltsiz","8":"pa_tur-kitap","9":"pa_yayinevi-altin-kitaplar-cocuk-kitaplari","10":"pa_yazar-gulten-dayioglu","12":"first","13":"instock","14":"sale","15":"shipping-taxable","16":"purchasable","17":"product-type-simple"},"_links":{"self":[{"href":"https:\/\/roveyayinevi.com.tr\/index.php\/wp-json\/wp\/v2\/product\/713429","targetHints":{"allow":["GET"]}}],"collection":[{"href":"https:\/\/roveyayinevi.com.tr\/index.php\/wp-json\/wp\/v2\/product"}],"about":[{"href":"https:\/\/roveyayinevi.com.tr\/index.php\/wp-json\/wp\/v2\/types\/product"}],"wp:attachment":[{"href":"https:\/\/roveyayinevi.com.tr\/index.php\/wp-json\/wp\/v2\/media?parent=713429"}],"wp:term":[{"taxonomy":"product_brand","embeddable":true,"href":"https:\/\/roveyayinevi.com.tr\/index.php\/wp-json\/wp\/v2\/product_brand?post=713429"},{"taxonomy":"product_cat","embeddable":true,"href":"https:\/\/roveyayinevi.com.tr\/index.php\/wp-json\/wp\/v2\/product_cat?post=713429"},{"taxonomy":"product_tag","embeddable":true,"href":"https:\/\/roveyayinevi.com.tr\/index.php\/wp-json\/wp\/v2\/product_tag?post=713429"}],"curies":[{"name":"wp","href":"https:\/\/api.w.org\/{rel}","templated":true}]}}