{"id":713427,"date":"2025-08-27T17:07:21","date_gmt":"2025-08-27T14:07:21","guid":{"rendered":"https:\/\/roveyayinevi.com.tr\/index.php\/urun\/yasam-ciceginin-unutulmus-sirri-1\/"},"modified":"2026-04-06T12:43:21","modified_gmt":"2026-04-06T09:43:21","slug":"yasam-ciceginin-unutulmus-sirri-1","status":"publish","type":"product","link":"https:\/\/roveyayinevi.com.tr\/index.php\/urun\/yasam-ciceginin-unutulmus-sirri-1\/","title":{"rendered":"Ya\u015fam \u00c7i\u00e7e\u011finin Unutulmu\u015f S\u0131rr\u0131 1"},"content":{"rendered":"<p>Bir zamanlar evrendeki t\u00fcm ya\u015fam, Ya\u015fam \u00c7i\u00e7e\u011fi&#8217;nin -bizleri fiziksel varolu\u015fa g\u00f6t\u00fcren ve oran \u00e7\u0131karan geometrik desen- yarad\u0131l\u0131\u015f\u0131n \u015fablonu oldu\u011funu biliyordu. Sonra, \u00e7ok y\u00fcksek bir bilin\u00e7 seviyesinden karanl\u0131\u011fa d\u00fc\u015ft\u00fck ve kim oldu\u011fumuzu unuttuk. Y\u00fczy\u0131llar boyunca bu s\u0131r, d\u00fcnyan\u0131n her taraf\u0131ndaki kadim sanat eserlerinde ve oymalarda, ve ya\u015fam\u0131n t\u00fcm h\u00fccrelerinde kodlanm\u0131\u015f olarak kald\u0131. \u015eimdi, bu uykudan uyan\u0131yoruz, zihinlerimizdeki eski, bayatlam\u0131\u015f inan\u00e7lar\u0131 silkeleyip at\u0131yoruz ve alg\u0131 pencerelerinden i\u00e7eri s\u0131zan yeni \u015fafa\u011f\u0131n alt\u0131n \u0131\u015f\u0131klar\u0131n\u0131 g\u00f6rmeye ba\u015fl\u0131yoruz. Bu kitap, o pencerelerden biridir. Burada Drunvalo Melchizedek, Ya\u015fam \u00c7i\u00e7e\u011fi \u00e7al\u0131\u015fma grubunu yaz\u0131 ve grafiklerle sunarak nas\u0131l bu duruma geldi\u011fimizi, d\u00fcnyan\u0131n neden \u015fu andaki durumunda oldu\u011funu ve t\u00fcm ger\u00e7ek g\u00fczelli\u011fiyle fark\u0131ndal\u0131\u011f\u0131n ye\u015fermesine yol a\u00e7an s\u00fcptil enerjilerin ard\u0131ndaki s\u0131rlara \u0131\u015f\u0131k tutmaktad\u0131r. Kutsal geometri, varl\u0131\u011f\u0131m\u0131z\u0131n temelindeki formdur ve ger\u00e7e\u011fimizin kutsal d\u00fczenini g\u00f6sterir. Bu d\u00fczeni, g\u00f6zle g\u00f6r\u00fclemeyen atomdan, sonsuz say\u0131daki y\u0131ld\u0131zlara kadar izleyerek her ad\u0131mda kendimizi bulabiliriz. Burada verilen bilgiler, bir yol takip etmekle beraber, sat\u0131rlar\u0131n ve \u00e7izimlerin aras\u0131nda feminen \u00f6zelli\u011fin m\u00fccevheri, sezgisel anlay\u0131\u015f\u0131 yatmaktad\u0131r. Bunlar\u0131, \u015fu tetikleyici fikirlerin etraf\u0131nda g\u00f6rebilirsiniz: EN ESK\u0130 TAR\u0130H\u0130M\u0130Z\u0130 HATIRLARKEN Atlantis&#8217;in D\u00fc\u015f\u00fc\u015f\u00fc Ger\u00e7ekli\u011fimizi Nas\u0131l Etkiledi? \u00c7\u0130\u00c7E\u011e\u0130N SIRRI ORTAYA \u00c7IKIYOR Kutsal Geometri, Ya\u015fam Tohumu, Y\u0131ld\u0131z Tetrahedron, Dalgaboyu Evreni, D\u00fcnya&#8217;n\u0131n Kutuplar\u0131n\u0131n Yer De\u011fi\u015ftirmesi D\u00dcN VE BUG\u00dcN\u00dcM\u00dcZ\u00dcN KARANLIK Y\u00d6N\u00dc Tehlike Alt\u0131ndaki D\u00fcnya&#8217;m\u0131z, Buz \u00c7a\u011f\u0131, D\u00fcnya&#8217;n\u0131n Tarihi EVR\u0130M PAR\u00c7ALANDI\u011eINDA MES\u0130H A\u011eI ORTAYA \u00c7IKTI Lemuryal\u0131&#8217;lar \u0130nsan Bilincini Nas\u0131l Evrimle\u015ftirdiler, Mars&#8217;l\u0131lar\u0131n Vahim Karar\u0131, Gezegensel A\u011f B\u0130L\u0130NC\u0130N EVR\u0130M\u0130NDE MISIR&#8217;IN ROL\u00dc \u00d6l\u00fcm, Y\u00fckseli\u015f ve Dirili\u015f, Ya\u015fam Yumurtas\u0131, Akheneten&#8217;in P\u0131r\u0131lt\u0131s\u0131, Genesis&#8217;in Hikayesi \u015eEK\u0130L VE YAPININ \u00d6NEM\u0130 Torus, Labirent, Ya\u015fam Yumurtas\u0131, Plato&#8217;nun Cisimleri, Ya\u015fayan Kristaller \u0130NSAN BEDEN\u0130NDEK\u0130 GEOMETR\u0130LER Leonardo da Vinci&#8217;nin Kanon&#8217;u, Mason \u00c7izimlerinin S\u0131rr\u0131, Alt\u0131n Oran, Spiraller, Fibonacci Dizilimi, Kutsal Pi Oran\u0131 Geometrinin harikalar diyar\u0131nda, bilim, kadim tarih ve yeni bulu\u015flar\u0131n aras\u0131nda dola\u015farak, Drunvalo ve Ya\u015fam \u00c7i\u00e7e\u011fi&#8217;nin geni\u015f vizyonundan varolu\u015fumuzun mucizesini ke\u015ffedin. \u0130kinci Kitap, Mer-Ka-Ba ve 55 feet&#8217;lik \u00e7ap\u0131 olan insan \u0131\u015f\u0131k bedenin enerji alan\u0131na detayl\u0131 olarak girmektedir. Bu bilgiler sizleri, y\u00fckseli\u015fe ve bundan sonraki boyut d\u00fcnyas\u0131na g\u00f6t\u00fcrmektedir. \ufffcTan\u0131t\u0131m Metni<\/p>\n","protected":false},"excerpt":{"rendered":"<p>Bir zamanlar evrendeki t\u00fcm ya\u015fam, Ya\u015fam \u00c7i\u00e7e\u011fi&#8217;nin -bizleri fiziksel varolu\u015fa g\u00f6t\u00fcren ve oran \u00e7\u0131karan geometrik desen- yarad\u0131l\u0131\u015f\u0131n \u015fablonu oldu\u011funu biliyordu. Sonra, \u00e7ok y\u00fcksek bir bilin\u00e7 seviyesinden<span class=\"excerpt-hellip\"> [\u2026]<\/span><\/p>\n","protected":false},"featured_media":0,"template":"","meta":{"_monsterinsights_skip_tracking":false,"_monsterinsights_sitenote_active":false,"_monsterinsights_sitenote_note":"","_monsterinsights_sitenote_category":0},"product_brand":[],"product_cat":[12567,12566],"product_tag":[],"class_list":{"0":"post-713427","1":"product","2":"type-product","3":"status-publish","5":"product_cat-diger-egitim","6":"product_cat-egitim","7":"pa_cilt-ciltsiz","8":"pa_tur-kitap","9":"pa_yayinevi-butik-yayinlari","10":"pa_yazar-drunvalo-melchizedek","12":"first","13":"instock","14":"sale","15":"shipping-taxable","16":"purchasable","17":"product-type-simple"},"_links":{"self":[{"href":"https:\/\/roveyayinevi.com.tr\/index.php\/wp-json\/wp\/v2\/product\/713427","targetHints":{"allow":["GET"]}}],"collection":[{"href":"https:\/\/roveyayinevi.com.tr\/index.php\/wp-json\/wp\/v2\/product"}],"about":[{"href":"https:\/\/roveyayinevi.com.tr\/index.php\/wp-json\/wp\/v2\/types\/product"}],"wp:attachment":[{"href":"https:\/\/roveyayinevi.com.tr\/index.php\/wp-json\/wp\/v2\/media?parent=713427"}],"wp:term":[{"taxonomy":"product_brand","embeddable":true,"href":"https:\/\/roveyayinevi.com.tr\/index.php\/wp-json\/wp\/v2\/product_brand?post=713427"},{"taxonomy":"product_cat","embeddable":true,"href":"https:\/\/roveyayinevi.com.tr\/index.php\/wp-json\/wp\/v2\/product_cat?post=713427"},{"taxonomy":"product_tag","embeddable":true,"href":"https:\/\/roveyayinevi.com.tr\/index.php\/wp-json\/wp\/v2\/product_tag?post=713427"}],"curies":[{"name":"wp","href":"https:\/\/api.w.org\/{rel}","templated":true}]}}