{"id":713426,"date":"2025-08-27T17:07:20","date_gmt":"2025-08-27T14:07:20","guid":{"rendered":"https:\/\/roveyayinevi.com.tr\/index.php\/urun\/cilgin-galaksi-ciltli\/"},"modified":"2026-04-16T02:21:49","modified_gmt":"2026-04-15T23:21:49","slug":"cilgin-galaksi-ciltli","status":"publish","type":"product","link":"https:\/\/roveyayinevi.com.tr\/index.php\/urun\/cilgin-galaksi-ciltli\/","title":{"rendered":"\u00c7\u0131lg\u0131n Galaksi (Ciltli)"},"content":{"rendered":"<p>\u00c7ok heyecanl\u0131, \u00e7\u0131lg\u0131n m\u0131 \u00e7\u0131lg\u0131n bilgilerden yepyeni bir kitap: \u00c7\u0131lg\u0131n Galaksi!Evren nas\u0131l olu\u015ftu?Uzaya gitsek \u00e7ay i\u00e7ebilir miyiz?Ay\u2019a inen ilk astronot ne dedi?Uzaya giden hayvanlara ne oldu?S\u00fcpernovay\u0131 (y\u0131ld\u0131z patlamalar\u0131) duydunuz mu?Kafam\u0131za g\u00f6kta\u015f\u0131 d\u00fc\u015ferse ne olur?Kuyruklu y\u0131ld\u0131zlar\u0131n ger\u00e7ekten kuyru\u011fu mu var?Mars\u2019ta uzayl\u0131 var m\u0131d\u0131r?Ven\u00fcs neden tersine d\u00f6n\u00fcyor?G\u00f6ky\u00fcz\u00fcndeki uydular size de uyar m\u0131?Merk\u00fcr \u00e7\u0131ld\u0131rd\u0131 m\u0131?\u015eu an 80 ya\u015f\u0131nda olan bir insan Ven\u00fcs\u2019te do\u011fsayd\u0131 1 ya\u015f\u0131nda m\u0131 olur ?Ay\u2019\u0131n karde\u015fi var m\u0131?Pl\u00fcton gezegenlikten neden \u00e7\u0131kar\u0131ld\u0131?Veee\u2026.D\u00fcnya\u2019n\u0131n en delikanl\u0131 \u00fclkesi T\u00fcrkiye.Daha neler neler!..\u00c7ocuklar \u00c7\u0131lg\u0131n Galaksi\u2019de yepyeni bilgiler \u00f6\u011frenecek ve uzay\u0131 yeniden ke\u015ffedecek\u2026\u00c7\u0131lg\u0131n Galaksi Bi\u2019harikaaaaa! \u00c7\u0131lg\u0131n Galaksi Harikaaaaa! <\/p>\n","protected":false},"excerpt":{"rendered":"<p>\u00c7ok heyecanl\u0131, \u00e7\u0131lg\u0131n m\u0131 \u00e7\u0131lg\u0131n bilgilerden yepyeni bir kitap: \u00c7\u0131lg\u0131n Galaksi!Evren nas\u0131l olu\u015ftu?Uzaya gitsek \u00e7ay i\u00e7ebilir miyiz?Ay\u2019a inen ilk astronot ne dedi?Uzaya giden hayvanlara ne oldu?S\u00fcpernovay\u0131<span class=\"excerpt-hellip\"> [\u2026]<\/span><\/p>\n","protected":false},"featured_media":0,"template":"","meta":{"_monsterinsights_skip_tracking":false,"_monsterinsights_sitenote_active":false,"_monsterinsights_sitenote_note":"","_monsterinsights_sitenote_category":0},"product_brand":[],"product_cat":[12274,12284],"product_tag":[],"class_list":{"0":"post-713426","1":"product","2":"type-product","3":"status-publish","5":"product_cat-cocuk-ve-genclik-kitaplari","6":"product_cat-hikayeler","7":"pa_cilt-ciltli","8":"pa_tur-kitap","9":"pa_yayinevi-nesil-genc","10":"pa_yazar-yusuf-asal","12":"first","13":"instock","14":"sale","15":"shipping-taxable","16":"purchasable","17":"product-type-simple"},"_links":{"self":[{"href":"https:\/\/roveyayinevi.com.tr\/index.php\/wp-json\/wp\/v2\/product\/713426","targetHints":{"allow":["GET"]}}],"collection":[{"href":"https:\/\/roveyayinevi.com.tr\/index.php\/wp-json\/wp\/v2\/product"}],"about":[{"href":"https:\/\/roveyayinevi.com.tr\/index.php\/wp-json\/wp\/v2\/types\/product"}],"wp:attachment":[{"href":"https:\/\/roveyayinevi.com.tr\/index.php\/wp-json\/wp\/v2\/media?parent=713426"}],"wp:term":[{"taxonomy":"product_brand","embeddable":true,"href":"https:\/\/roveyayinevi.com.tr\/index.php\/wp-json\/wp\/v2\/product_brand?post=713426"},{"taxonomy":"product_cat","embeddable":true,"href":"https:\/\/roveyayinevi.com.tr\/index.php\/wp-json\/wp\/v2\/product_cat?post=713426"},{"taxonomy":"product_tag","embeddable":true,"href":"https:\/\/roveyayinevi.com.tr\/index.php\/wp-json\/wp\/v2\/product_tag?post=713426"}],"curies":[{"name":"wp","href":"https:\/\/api.w.org\/{rel}","templated":true}]}}