{"id":713425,"date":"2025-08-27T17:07:20","date_gmt":"2025-08-27T14:07:20","guid":{"rendered":"https:\/\/roveyayinevi.com.tr\/index.php\/urun\/ben-canakkale\/"},"modified":"2025-08-27T17:07:20","modified_gmt":"2025-08-27T14:07:20","slug":"ben-canakkale","status":"publish","type":"product","link":"https:\/\/roveyayinevi.com.tr\/index.php\/urun\/ben-canakkale\/","title":{"rendered":"Ben \u00c7anakkale"},"content":{"rendered":"<p>D\u00fcnya tarihinin g\u00f6rd\u00fc\u011f\u00fc en b\u00fcy\u00fck destanlardan biri olan \u00c7anakkale zaferi \u00fczerine bu zamana kadar pek \u00e7ok \u00e7al\u0131\u015fma yap\u0131ld\u0131, eser yaz\u0131ld\u0131. Yavuz Bahad\u0131ro\u011flu bu \u00e7al\u0131\u015fmalar\u0131n en ilgi \u00e7ekici noktalar\u0131n\u0131 derledi, yediden yetmi\u015fe herkese hitap eden bir \u00e7al\u0131\u015fma haz\u0131rlad\u0131. Kimi zaman gencecik askerlerin \u015fehit olmadan \u00f6nce ailelerine yazd\u0131klar\u0131 duygu dolu mektuplarla h\u00fcz\u00fcnlenecek, kimi zaman da askere gidebilmek i\u00e7in erkek k\u0131l\u0131\u011f\u0131na giren kad\u0131nlar\u0131n hayat hik\u00e2yesini okuyup gururlanacaks\u0131n\u0131z. Destan yaz\u0131lan o g\u00fcn\u00fc an be an ya\u015fayabilmeniz i\u00e7in kitab\u0131n sonuna dakika dakika 18 Mart g\u00fcn\u00fc kronolojisi eklendi. Tarihi Sevdiren Adam, Ben \u00c7anakkale kitab\u0131yla zaferin 103. y\u0131l d\u00f6n\u00fcm\u00fcne yak\u0131\u015fan bir \u00e7al\u0131\u015fma ortaya koyarak sizlerin ve \u00e7ocuklar\u0131n\u0131z\u0131n be\u011fenisine sundu. \ufffcTan\u0131t\u0131m Metni<\/p>\n","protected":false},"excerpt":{"rendered":"<p>D\u00fcnya tarihinin g\u00f6rd\u00fc\u011f\u00fc en b\u00fcy\u00fck destanlardan biri olan \u00c7anakkale zaferi \u00fczerine bu zamana kadar pek \u00e7ok \u00e7al\u0131\u015fma yap\u0131ld\u0131, eser yaz\u0131ld\u0131. Yavuz Bahad\u0131ro\u011flu bu \u00e7al\u0131\u015fmalar\u0131n en ilgi<span class=\"excerpt-hellip\"> [\u2026]<\/span><\/p>\n","protected":false},"featured_media":0,"template":"","meta":{"_monsterinsights_skip_tracking":false,"_monsterinsights_sitenote_active":false,"_monsterinsights_sitenote_note":"","_monsterinsights_sitenote_category":0},"product_brand":[],"product_cat":[12567,12566],"product_tag":[],"class_list":{"0":"post-713425","1":"product","2":"type-product","3":"status-publish","5":"product_cat-diger-egitim","6":"product_cat-egitim","7":"pa_cilt-ciltsiz","8":"pa_tur-kitap","9":"pa_yayinevi-nesil-cocuk-yayinlari","10":"pa_yazar-yavuz-bahadiroglu","12":"first","13":"instock","14":"sale","15":"shipping-taxable","16":"purchasable","17":"product-type-simple"},"_links":{"self":[{"href":"https:\/\/roveyayinevi.com.tr\/index.php\/wp-json\/wp\/v2\/product\/713425","targetHints":{"allow":["GET"]}}],"collection":[{"href":"https:\/\/roveyayinevi.com.tr\/index.php\/wp-json\/wp\/v2\/product"}],"about":[{"href":"https:\/\/roveyayinevi.com.tr\/index.php\/wp-json\/wp\/v2\/types\/product"}],"wp:attachment":[{"href":"https:\/\/roveyayinevi.com.tr\/index.php\/wp-json\/wp\/v2\/media?parent=713425"}],"wp:term":[{"taxonomy":"product_brand","embeddable":true,"href":"https:\/\/roveyayinevi.com.tr\/index.php\/wp-json\/wp\/v2\/product_brand?post=713425"},{"taxonomy":"product_cat","embeddable":true,"href":"https:\/\/roveyayinevi.com.tr\/index.php\/wp-json\/wp\/v2\/product_cat?post=713425"},{"taxonomy":"product_tag","embeddable":true,"href":"https:\/\/roveyayinevi.com.tr\/index.php\/wp-json\/wp\/v2\/product_tag?post=713425"}],"curies":[{"name":"wp","href":"https:\/\/api.w.org\/{rel}","templated":true}]}}