{"id":713423,"date":"2025-08-27T17:07:18","date_gmt":"2025-08-27T14:07:18","guid":{"rendered":"https:\/\/roveyayinevi.com.tr\/index.php\/urun\/gucumuzun-dogusu\/"},"modified":"2026-04-16T02:21:49","modified_gmt":"2026-04-15T23:21:49","slug":"gucumuzun-dogusu","status":"publish","type":"product","link":"https:\/\/roveyayinevi.com.tr\/index.php\/urun\/gucumuzun-dogusu\/","title":{"rendered":"G\u00fcc\u00fcm\u00fcz\u00fcn Do\u011fu\u015fu"},"content":{"rendered":"<p>Victor Serge\u2019in Barcelona Petrograd 1917 adl\u0131 epik roman\u0131 esas olarak \u0130spanya ve Rusya\u2019da; 1917-1919 y\u0131llar\u0131n\u0131n \u00e7alkant\u0131l\u0131 devrimci ayaklanma y\u0131llar\u0131nda ge\u00e7mektedir. Serge\u2019in muntazam anlat\u0131s\u0131 tarihsel bir d\u00f6nu\u0308m noktas\u0131 olarak Birinci Du\u0308nya Sava\u015f\u0131\u2019n\u0131n hendeklerinde ger\u00e7ekle\u015ftirilen kanl\u0131 kitle k\u0131y\u0131mlar\u0131n\u0131n u\u0308\u00e7u\u0308ncu\u0308 y\u0131l\u0131yla; yani 1917 y\u0131l\u0131 ile a\u00e7\u0131l\u0131r. 1917 bahar\u0131 ayn\u0131 zamanda Rusya ve \u0130spanya\u2019da birdenbire ortaya \u00e7\u0131kan devrimci kabarmalar d\u00f6nemidir de. Her ne kadar \u0130spanya\u2019daki ayaklanma fiyaskoyla sonu\u00e7lanm\u0131\u015f olsa da, Rusya\u2019da i\u015f\u00e7iler, k\u00f6ylu\u0308ler ve askerlerin olu\u015fturdu\u011fu devrimci \u00f6rgu\u0308tlu\u0308lu\u0308k iktidar\u0131 ele ge\u00e7irebilmi\u015ftir. Victor Serge\u2019in resmetti\u011fi \u201ciki \u015fehrin hik\u00e2yesi\u201d devrimcilerin iktidar\u0131 almakta ba\u015far\u0131s\u0131z olduklar\u0131 Barcelona ile kar\u015f\u0131-devrimci Beyaz Ordu taraf\u0131ndan ku\u015fat\u0131lm\u0131\u015f, a\u00e7l\u0131ktan k\u0131ralan, tu\u0308rlu\u0308 sorunlarla bo\u011fu\u015fan, Rus Devrimi\u2019nin ba\u015fkenti olan Petrograd aras\u0131ndaki tezatl\u0131k u\u0308zerine kurulmu\u015ftur. Yazar\u0131n\u0131n Stalin\u2019in devrimi bo\u011fmaya varan diktat\u00f6rlu\u0308k uygulamalar\u0131na a\u00e7\u0131k\u00e7a kar\u015f\u0131 \u00e7\u0131kt\u0131\u011f\u0131 i\u00e7in yar\u0131-tutuklu bulundu\u011fu bir d\u00f6nemde, Leningrad\u2019ta kaleme ald\u0131\u011f\u0131 bu romanda birbirleriyle ba\u011flant\u0131l\u0131 iki tablo ustaca sunulur: Bir yanda bol gu\u0308ne\u015fli \u0130spanyol ba\u015fkentindeki radikalle\u015fmi\u015f i\u015f\u00e7ilerin kendi iktidarlar\u0131n\u0131 kurmak u\u0308zere kalk\u0131\u015ft\u0131klar\u0131 devrimci eylemlerin \u201cromantik\u201d tablosu; di\u011fer yanda ise Rusya\u2019n\u0131n so\u011fuk ve karanl\u0131k devrimci su\u0308re\u00e7lerinin anlat\u0131ld\u0131\u011f\u0131 kat\u0131 ve ac\u0131mas\u0131z bir \u201cger\u00e7ek\u00e7i\u201d tablo vard\u0131r&#8230; <\/p>\n","protected":false},"excerpt":{"rendered":"<p>Victor Serge\u2019in Barcelona Petrograd 1917 adl\u0131 epik roman\u0131 esas olarak \u0130spanya ve Rusya\u2019da; 1917-1919 y\u0131llar\u0131n\u0131n \u00e7alkant\u0131l\u0131 devrimci ayaklanma y\u0131llar\u0131nda ge\u00e7mektedir. Serge\u2019in muntazam anlat\u0131s\u0131 tarihsel bir d\u00f6nu\u0308m<span class=\"excerpt-hellip\"> [\u2026]<\/span><\/p>\n","protected":false},"featured_media":0,"template":"","meta":{"_monsterinsights_skip_tracking":false,"_monsterinsights_sitenote_active":false,"_monsterinsights_sitenote_note":"","_monsterinsights_sitenote_category":0},"product_brand":[],"product_cat":[12291,12711],"product_tag":[],"class_list":{"0":"post-713423","1":"product","2":"type-product","3":"status-publish","5":"product_cat-edebiyat","6":"product_cat-roman-oyku","7":"pa_cilt-ciltsiz","8":"pa_tur-kitap","9":"pa_yayinevi-ayrinti-yayinlari","10":"pa_yazar-victor-serge","12":"first","13":"instock","14":"sale","15":"shipping-taxable","16":"purchasable","17":"product-type-simple"},"_links":{"self":[{"href":"https:\/\/roveyayinevi.com.tr\/index.php\/wp-json\/wp\/v2\/product\/713423","targetHints":{"allow":["GET"]}}],"collection":[{"href":"https:\/\/roveyayinevi.com.tr\/index.php\/wp-json\/wp\/v2\/product"}],"about":[{"href":"https:\/\/roveyayinevi.com.tr\/index.php\/wp-json\/wp\/v2\/types\/product"}],"wp:attachment":[{"href":"https:\/\/roveyayinevi.com.tr\/index.php\/wp-json\/wp\/v2\/media?parent=713423"}],"wp:term":[{"taxonomy":"product_brand","embeddable":true,"href":"https:\/\/roveyayinevi.com.tr\/index.php\/wp-json\/wp\/v2\/product_brand?post=713423"},{"taxonomy":"product_cat","embeddable":true,"href":"https:\/\/roveyayinevi.com.tr\/index.php\/wp-json\/wp\/v2\/product_cat?post=713423"},{"taxonomy":"product_tag","embeddable":true,"href":"https:\/\/roveyayinevi.com.tr\/index.php\/wp-json\/wp\/v2\/product_tag?post=713423"}],"curies":[{"name":"wp","href":"https:\/\/api.w.org\/{rel}","templated":true}]}}