{"id":713422,"date":"2025-08-27T17:07:18","date_gmt":"2025-08-27T14:07:18","guid":{"rendered":"https:\/\/roveyayinevi.com.tr\/index.php\/urun\/gozunu-acik-tutmak-sanat-uzerine-denemeler\/"},"modified":"2026-04-16T02:21:49","modified_gmt":"2026-04-15T23:21:49","slug":"gozunu-acik-tutmak-sanat-uzerine-denemeler","status":"publish","type":"product","link":"https:\/\/roveyayinevi.com.tr\/index.php\/urun\/gozunu-acik-tutmak-sanat-uzerine-denemeler\/","title":{"rendered":"G\u00f6z\u00fcn\u00fc A\u00e7\u0131k Tutmak Sanat \u00dczerine Denemeler"},"content":{"rendered":"<p>G\u00f6zu\u0308nu\u0308 A\u00e7\u0131k Tutmak, Julian Barnes\u2019\u0131n resim sanat\u0131 ve genel olarak \u201csanat\u201d kavram\u0131 u\u0308zerine kaleme ald\u0131\u011f\u0131 denemelerden olu\u015fan bir toplam. Barnes okurlar\u0131n\u0131n muhtemelen bilecekleri gibi, yazar resim sanat\u0131na ba\u015fl\u0131 ba\u015f\u0131na bir \u00f6\u011fe olarak ilk kez 10\u00bd B\u00f6lu\u0308mde Du\u0308nya Tarihi roman\u0131nda yer vermi\u015fti. S\u00f6z konusu yap\u0131t\u0131n \u201cDeniz Kazas\u0131\u201d ba\u015fl\u0131\u011f\u0131n\u0131 ta\u015f\u0131yan b\u00f6lu\u0308mu\u0308nde \u201csanata d\u00f6nu\u0308\u015fen felaket\u201d izle\u011fini gu\u0308ndeme getiriyor ve Frans\u0131z ressam Th\u00e9odore G\u00e9ricault\u2019nun Meduza\u2019n\u0131n Sal\u0131 adl\u0131 tablosundan yola \u00e7\u0131karak \u201cger\u00e7e\u011fe sadakat\u201d ve \u201csanata sadakat\u201d kavramlar\u0131n\u0131n tablonun bu\u0308tu\u0308nlu\u0308\u011fu\u0308 i\u00e7inde nas\u0131l bir d\u00f6nu\u0308\u015fu\u0308me u\u011fram\u0131\u015f oldu\u011funu irdeliyordu. G\u00f6zu\u0308nu\u0308 A\u00e7\u0131k Tutmak i\u015fte bu denemeyle a\u00e7\u0131l\u0131yor ve Julian Barnes\u2019\u0131n y\u0131llar i\u00e7inde \u00e7e\u015fitli vesilelerle kaleme ald\u0131\u011f\u0131 \u00f6teki denemelerle birlikte romanc\u0131n\u0131n resim sanat\u0131na yakla\u015f\u0131m\u0131n\u0131, ki\u015fisel yakla\u015f\u0131m\u0131n\u0131n zamanla de\u011fi\u015fen \u00f6l\u00e7u\u0308tlerini, vizyonunun nas\u0131l bir seyir izledi\u011fini irdeliyor. Kitab\u0131nda tablolar\u0131n\u0131n ayr\u0131nt\u0131l\u0131 incelemelerine giri\u015fti\u011fi ve hayatlar\u0131ndan ilgin\u00e7 anekdotlarla du\u0308stur niteli\u011finde s\u00f6zler aktard\u0131\u011f\u0131 sanat\u00e7\u0131lar aras\u0131nda G\u00e9ricault, Delacroix, Courbet, Manet, Redon gibi XIX. yu\u0308zy\u0131l\u0131n Frans\u0131z ressamlar\u0131; Braque ve Magritte gibi modernizmin k\u00f6\u015feba\u015flar\u0131n\u0131 tutmu\u015f olan ressamlar; Lucian Freud ve Howard Hodgkin gibi \u00e7a\u011fda\u015f ressamlar bulunuyor. Julian Barnes, \u201cGiri\u015f\u201d yaz\u0131s\u0131nda nu\u0308anslar\u0131yla belirtti\u011fi u\u0308zere, resim sanat\u0131na ki\u015fisel y\u00f6neliminin izledi\u011fi seyri, bir yandan tek tek ressamlar\u0131n kendi vizyon geli\u015fimine yapt\u0131klar\u0131 katk\u0131lar a\u00e7\u0131s\u0131ndan ele al\u0131rken, bir yandan da \u201cmodernizm\u201d ve \u201cger\u00e7ek\u00e7ilik\u201d ak\u0131mlar\u0131n\u0131n bu geli\u015fim i\u00e7inde y\u0131llar i\u00e7inde de\u011fi\u015fen a\u011f\u0131rl\u0131klar\u0131n\u0131, \u00e7e\u015fitli a\u00e7\u0131lardan sorgulamaya giri\u015fiyor. S\u00f6zgelimi, zamanla \u0131s\u0131nd\u0131\u011f\u0131, zamanla ilgisini kaybetti\u011fi, bu\u0308yu\u0308k birer usta olarak g\u00f6rmekle birlikte ihmal etti\u011fini du\u0308\u015fu\u0308ndu\u0308\u011fu\u0308 yahut yeniden ke\u015ffetti\u011fi ressamlardan s\u00f6z ediyor. Tabii ki, her zaman yeni a\u00e7\u0131l\u0131mlar getiren o k\u0131l\u0131 k\u0131rk yaran g\u00f6ru\u0308\u015f keskinli\u011fi ve e\u015fsiz ironisiyle\u2026 <\/p>\n","protected":false},"excerpt":{"rendered":"<p>G\u00f6zu\u0308nu\u0308 A\u00e7\u0131k Tutmak, Julian Barnes\u2019\u0131n resim sanat\u0131 ve genel olarak \u201csanat\u201d kavram\u0131 u\u0308zerine kaleme ald\u0131\u011f\u0131 denemelerden olu\u015fan bir toplam. Barnes okurlar\u0131n\u0131n muhtemelen bilecekleri gibi, yazar resim<span class=\"excerpt-hellip\"> [\u2026]<\/span><\/p>\n","protected":false},"featured_media":0,"template":"","meta":{"_monsterinsights_skip_tracking":false,"_monsterinsights_sitenote_active":false,"_monsterinsights_sitenote_note":"","_monsterinsights_sitenote_category":0},"product_brand":[],"product_cat":[13548,12408],"product_tag":[],"class_list":{"0":"post-713422","1":"product","2":"type-product","3":"status-publish","5":"product_cat-kuram","6":"product_cat-sanat","7":"pa_cilt-ciltsiz","8":"pa_tur-kitap","9":"pa_yayinevi-ayrinti-yayinlari","10":"pa_yazar-julian-barnes","12":"first","13":"instock","14":"sale","15":"shipping-taxable","16":"purchasable","17":"product-type-simple"},"_links":{"self":[{"href":"https:\/\/roveyayinevi.com.tr\/index.php\/wp-json\/wp\/v2\/product\/713422","targetHints":{"allow":["GET"]}}],"collection":[{"href":"https:\/\/roveyayinevi.com.tr\/index.php\/wp-json\/wp\/v2\/product"}],"about":[{"href":"https:\/\/roveyayinevi.com.tr\/index.php\/wp-json\/wp\/v2\/types\/product"}],"wp:attachment":[{"href":"https:\/\/roveyayinevi.com.tr\/index.php\/wp-json\/wp\/v2\/media?parent=713422"}],"wp:term":[{"taxonomy":"product_brand","embeddable":true,"href":"https:\/\/roveyayinevi.com.tr\/index.php\/wp-json\/wp\/v2\/product_brand?post=713422"},{"taxonomy":"product_cat","embeddable":true,"href":"https:\/\/roveyayinevi.com.tr\/index.php\/wp-json\/wp\/v2\/product_cat?post=713422"},{"taxonomy":"product_tag","embeddable":true,"href":"https:\/\/roveyayinevi.com.tr\/index.php\/wp-json\/wp\/v2\/product_tag?post=713422"}],"curies":[{"name":"wp","href":"https:\/\/api.w.org\/{rel}","templated":true}]}}