{"id":713420,"date":"2025-08-27T17:07:17","date_gmt":"2025-08-27T14:07:17","guid":{"rendered":"https:\/\/roveyayinevi.com.tr\/index.php\/urun\/marxin-isci-anketi-uzerine-bir-inceleme\/"},"modified":"2026-04-16T02:21:49","modified_gmt":"2026-04-15T23:21:49","slug":"marxin-isci-anketi-uzerine-bir-inceleme","status":"publish","type":"product","link":"https:\/\/roveyayinevi.com.tr\/index.php\/urun\/marxin-isci-anketi-uzerine-bir-inceleme\/","title":{"rendered":"Marx\u2019\u0131n \u0130\u015f\u00e7i Anketi \u00dczerine Bir \u0130nceleme"},"content":{"rendered":"<p>Karl Marx\u2019\u0131n, 1880 y\u0131l\u0131nda Revue Socialiste dergisine Fransa\u2019da yakla\u015fan genel se\u00e7imler i\u00e7in haz\u0131rlad\u0131\u011f\u0131 101 soruluk \u201c\u0130\u015f\u00e7i Anketi\u201d, Tu\u0308rkiye\u2019de 1970 y\u0131l\u0131nda Devrimci Sinema Dergisi taraf\u0131ndan bas\u0131lm\u0131\u015ft\u0131. Aradan ge\u00e7en yar\u0131m y\u00fczy\u0131l bize, \u201c\u0130\u015f\u00e7i Anketi\u201dnin h\u00e2l\u00e2 korudu\u011fu gu\u0308ncelli\u011fi anlat\u0131rken, \u201ci\u015f\u00e7i s\u0131n\u0131f\u0131n\u0131n nas\u0131l bir \u00f6zne oldu\u011fu\u201d sorusunu bugu\u0308n de sorduruyor. Karl Marx\u2019\u0131n\u00f6lu\u0308mu\u0308ndenu\u0308\u00e7 y\u0131l \u00f6nce haz\u0131rlad\u0131\u011f\u0131 101 soruluk anket \u00e7al\u0131\u015fmas\u0131; du\u0308nya \u00e7ap\u0131nda kabul g\u00f6ren, kapitalist u\u0308retimin ele\u015ftirel bir tahlilini yapt\u0131\u011f\u0131 Kapital isimli kitab\u0131nda ge\u00e7en kavramlar\u0131n, pratik bir \u00e7al\u0131\u015fmada nas\u0131l i\u015flendi\u011finin ve Marx\u2019\u0131n\u00f6lu\u0308mu\u0308ne kadar i\u015f\u00e7i s\u0131n\u0131f\u0131 \u00f6rgu\u0308tleri, kurumlar\u0131 ve yay\u0131nlar\u0131 ile ili\u015fkisini kesmedi\u011finin de bir g\u00f6stergesidir. Elinizdeki kitap; Karl Marx ve Friedrich Engels\u2019in kar\u015f\u0131la\u015fmalar\u0131yla ba\u015flay\u0131p, tu\u0308mdu\u0308nyaya yay\u0131lacak bir ger\u00e7ekli\u011fin ve hakikatin anlat\u0131s\u0131nda, Tu\u0308rkiye\u2019de ve du\u0308nyada unutulmu\u015f olan\u0131 a\u00e7\u0131\u011fa \u00e7\u0131karmay\u0131, u\u0308zerine du\u0308\u015fu\u0308nmeyi ama\u00e7l\u0131yor&#8230; <\/p>\n","protected":false},"excerpt":{"rendered":"<p>Karl Marx\u2019\u0131n, 1880 y\u0131l\u0131nda Revue Socialiste dergisine Fransa\u2019da yakla\u015fan genel se\u00e7imler i\u00e7in haz\u0131rlad\u0131\u011f\u0131 101 soruluk \u201c\u0130\u015f\u00e7i Anketi\u201d, Tu\u0308rkiye\u2019de 1970 y\u0131l\u0131nda Devrimci Sinema Dergisi taraf\u0131ndan bas\u0131lm\u0131\u015ft\u0131. Aradan<span class=\"excerpt-hellip\"> [\u2026]<\/span><\/p>\n","protected":false},"featured_media":0,"template":"","meta":{"_monsterinsights_skip_tracking":false,"_monsterinsights_sitenote_active":false,"_monsterinsights_sitenote_note":"","_monsterinsights_sitenote_category":0},"product_brand":[],"product_cat":[12337,16547],"product_tag":[],"class_list":{"0":"post-713420","1":"product","2":"type-product","3":"status-publish","5":"product_cat-politika-siyaset","6":"product_cat-sol-hareketler","7":"pa_cilt-ciltsiz","8":"pa_tur-kitap","9":"pa_yayinevi-ayrinti-yayinlari","10":"pa_yazar-onur-butun","12":"first","13":"instock","14":"sale","15":"shipping-taxable","16":"purchasable","17":"product-type-simple"},"_links":{"self":[{"href":"https:\/\/roveyayinevi.com.tr\/index.php\/wp-json\/wp\/v2\/product\/713420","targetHints":{"allow":["GET"]}}],"collection":[{"href":"https:\/\/roveyayinevi.com.tr\/index.php\/wp-json\/wp\/v2\/product"}],"about":[{"href":"https:\/\/roveyayinevi.com.tr\/index.php\/wp-json\/wp\/v2\/types\/product"}],"wp:attachment":[{"href":"https:\/\/roveyayinevi.com.tr\/index.php\/wp-json\/wp\/v2\/media?parent=713420"}],"wp:term":[{"taxonomy":"product_brand","embeddable":true,"href":"https:\/\/roveyayinevi.com.tr\/index.php\/wp-json\/wp\/v2\/product_brand?post=713420"},{"taxonomy":"product_cat","embeddable":true,"href":"https:\/\/roveyayinevi.com.tr\/index.php\/wp-json\/wp\/v2\/product_cat?post=713420"},{"taxonomy":"product_tag","embeddable":true,"href":"https:\/\/roveyayinevi.com.tr\/index.php\/wp-json\/wp\/v2\/product_tag?post=713420"}],"curies":[{"name":"wp","href":"https:\/\/api.w.org\/{rel}","templated":true}]}}