{"id":713419,"date":"2025-08-27T17:07:16","date_gmt":"2025-08-27T14:07:16","guid":{"rendered":"https:\/\/roveyayinevi.com.tr\/index.php\/urun\/kapimizdaki-yabancilar\/"},"modified":"2026-04-16T02:21:49","modified_gmt":"2026-04-15T23:21:49","slug":"kapimizdaki-yabancilar","status":"publish","type":"product","link":"https:\/\/roveyayinevi.com.tr\/index.php\/urun\/kapimizdaki-yabancilar\/","title":{"rendered":"Kap\u0131m\u0131zdaki Yabanc\u0131lar"},"content":{"rendered":"<p>\u201cKamusal kayg\u0131 ve korkular\u0131n odak ve \u00e7\u0131k\u0131\u015f noktalar\u0131 olagelen televizyon haberleri, gazete ba\u015fl\u0131klar\u0131, politik konu\u015fmalar ve internet tweet\u2019leri bug\u00fcnlerde \u201cg\u00f6\u00e7 krizi\u201dne referanslarla dolup ta\u015f\u0131yor; g\u00f6r\u00fcn\u00fc\u015fe g\u00f6re Avrupa\u2019y\u0131 istila ederek, bildi\u011fimiz, uygulad\u0131\u011f\u0131m\u0131z ve el \u00fcst\u00fcnde tuttu\u011fumuz ya\u015fam \u015feklinin \u00e7\u00f6k\u00fc\u015f\u00fc ve \u00f6l\u00fcm\u00fcne i\u015faret ediyor. Bu kriz, an itibariyle, kanaat olu\u015fturucular\u0131n a\u00e7t\u0131\u011f\u0131 insan zihni ve duygular\u0131n\u0131 i\u015fgal etme ve tabi k\u0131lma y\u00f6n\u00fcndeki daimi sava\u015f\u0131n politik do\u011frucu bir t\u00fcr kod ad\u0131d\u0131r. Bu sava\u015f alan\u0131ndan yap\u0131lan haber yay\u0131n\u0131n\u0131n etkisi hakiki bir \u201cahlaki pani\u011fe\u201d neden olmaya ba\u015fl\u0131yor. Ben bu s\u00f6zleri yazarken, nas\u0131rla\u015fm\u0131\u015f bir duyars\u0131zl\u0131k ve ahlaki k\u00f6rl\u00fckten do\u011fan ba\u015fka bir trajedi gelip \u00e7atmak i\u00e7in pusuda bekliyor. Kamuoyunun, reyting a\u00e7g\u00f6zl\u00fcs\u00fc medya ile i\u015fbirli\u011fi i\u00e7inde \u201cm\u00fclteci trajedisinden b\u0131kk\u0131nl\u0131k\u201d noktas\u0131na do\u011fru gitgide ve durmaks\u0131z\u0131n yakla\u015ft\u0131\u011f\u0131na dair i\u015faretler birikiyor. Bo\u011fulmu\u015f \u00e7ocuklar, aceleyle dikilen duvarlar, dikenli teller, a\u015f\u0131r\u0131 kalabal\u0131k toplama kamplar\u0131 ve g\u00f6\u00e7menlere ba\u015f belas\u0131 muamelesi etme konusunda birbiriyle rekabet eden h\u00fck\u00fcmetler, k\u0131l pay\u0131 kurtulma ve g\u00fcvenlik i\u00e7in seyahatin sinir bozucu tehlikeleri; t\u00fcm bu ahlaki rezaletler hi\u00e7 olmad\u0131\u011f\u0131 kadar az haber niteli\u011fi ta\u015f\u0131yor ve gittik\u00e7e daha seyrek olarak \u201chaberler\u201dde yer al\u0131yor. Ne yaz\u0131k ki, \u015foklar\u0131n kaderi normalli\u011fin rutinine d\u00f6n\u00fc\u015f\u00fcyor; kendini t\u00fcketen, g\u00f6zden kaybolan ve unutulma \u00f6rt\u00fcs\u00fcne sar\u0131larak vicdanlardan kaybolan ahlaki pani\u011fin rutinine&#8230;\u201d (Zygmunt Bauman) Zygmunt Bauman bu kitab\u0131nda \u00e7a\u011f\u0131m\u0131z\u0131n en \u00f6nemli sorunlar\u0131ndan birini ele\u015ftirel bir perspektiften hareketle masaya yat\u0131r\u0131yor: G\u00f6\u00e7menlik meselesi\u2026 <\/p>\n","protected":false},"excerpt":{"rendered":"<p>\u201cKamusal kayg\u0131 ve korkular\u0131n odak ve \u00e7\u0131k\u0131\u015f noktalar\u0131 olagelen televizyon haberleri, gazete ba\u015fl\u0131klar\u0131, politik konu\u015fmalar ve internet tweet\u2019leri bug\u00fcnlerde \u201cg\u00f6\u00e7 krizi\u201dne referanslarla dolup ta\u015f\u0131yor; g\u00f6r\u00fcn\u00fc\u015fe g\u00f6re<span class=\"excerpt-hellip\"> [\u2026]<\/span><\/p>\n","protected":false},"featured_media":0,"template":"","meta":{"_monsterinsights_skip_tracking":false,"_monsterinsights_sitenote_active":false,"_monsterinsights_sitenote_note":"","_monsterinsights_sitenote_category":0},"product_brand":[],"product_cat":[13072,12291],"product_tag":[],"class_list":{"0":"post-713419","1":"product","2":"type-product","3":"status-publish","5":"product_cat-arastirma-inceleme-referans","6":"product_cat-edebiyat","7":"pa_cilt-ciltsiz","8":"pa_tur-kitap","9":"pa_yayinevi-ayrinti-yayinlari","10":"pa_yazar-zygmunt-bauman","12":"first","13":"instock","14":"sale","15":"shipping-taxable","16":"purchasable","17":"product-type-simple"},"_links":{"self":[{"href":"https:\/\/roveyayinevi.com.tr\/index.php\/wp-json\/wp\/v2\/product\/713419","targetHints":{"allow":["GET"]}}],"collection":[{"href":"https:\/\/roveyayinevi.com.tr\/index.php\/wp-json\/wp\/v2\/product"}],"about":[{"href":"https:\/\/roveyayinevi.com.tr\/index.php\/wp-json\/wp\/v2\/types\/product"}],"wp:attachment":[{"href":"https:\/\/roveyayinevi.com.tr\/index.php\/wp-json\/wp\/v2\/media?parent=713419"}],"wp:term":[{"taxonomy":"product_brand","embeddable":true,"href":"https:\/\/roveyayinevi.com.tr\/index.php\/wp-json\/wp\/v2\/product_brand?post=713419"},{"taxonomy":"product_cat","embeddable":true,"href":"https:\/\/roveyayinevi.com.tr\/index.php\/wp-json\/wp\/v2\/product_cat?post=713419"},{"taxonomy":"product_tag","embeddable":true,"href":"https:\/\/roveyayinevi.com.tr\/index.php\/wp-json\/wp\/v2\/product_tag?post=713419"}],"curies":[{"name":"wp","href":"https:\/\/api.w.org\/{rel}","templated":true}]}}