{"id":713417,"date":"2025-08-27T17:07:15","date_gmt":"2025-08-27T14:07:15","guid":{"rendered":"https:\/\/roveyayinevi.com.tr\/index.php\/urun\/nuri-bilge-ceylan-sinemasi-turkiyeli-bir-sinemacinin-kuresel-hayal-gucu\/"},"modified":"2026-04-16T02:21:49","modified_gmt":"2026-04-15T23:21:49","slug":"nuri-bilge-ceylan-sinemasi-turkiyeli-bir-sinemacinin-kuresel-hayal-gucu","status":"publish","type":"product","link":"https:\/\/roveyayinevi.com.tr\/index.php\/urun\/nuri-bilge-ceylan-sinemasi-turkiyeli-bir-sinemacinin-kuresel-hayal-gucu\/","title":{"rendered":"Nuri Bilge Ceylan Sinemas\u0131 &#8211; T\u00fcrkiyeli Bir Sinemac\u0131n\u0131n  K\u00fcresel Hayal G\u00fcc\u00fc"},"content":{"rendered":"<p>Nuri Bilge Ceylan, sinemaseverler kadar ele\u015ftirmenlerin de \u00f6vg\u00fcs\u00fcn\u00fc alan filmleriyle uluslararas\u0131 ba\u015far\u0131 kazand\u0131 ve yirmi birinci y\u00fczy\u0131l\u0131n en \u00f6zg\u00fcn ve provokatif sinemac\u0131lar\u0131ndan biri olarak kendini kabul ettirdi. Buna ra\u011fmen film ve medya ara\u015ft\u0131rmac\u0131lar\u0131n\u0131n Ceylan\u2019\u0131n filmlerinin kendine has \u00fcslubunu, havas\u0131n\u0131 ve temalar\u0131n\u0131 ke\u015ffetme giri\u015fimleri s\u0131n\u0131rl\u0131 kald\u0131, Ceylan sinemas\u0131n\u0131n temalar\u0131 hen\u00fcz kapsaml\u0131 bir sosyolojik ve ele\u015ftirel d\u00fc\u015f\u00fcncenin konusu olmad\u0131. \u00dc\u00e7 yazar, tart\u0131\u015fmac\u0131 bir diyalog i\u00e7inde birlikte yazd\u0131klar\u0131 kitapta buna giri\u015fiyorlar: Ceylan\u2019\u0131n filmlerine ay\u0131rt edici \u00f6zelli\u011fini veren \u201cdiyalektik etkile\u015fim anlar\u0131\u201dn\u0131, paradoks ve \u00e7eli\u015fkileri \u00e7\u00f6zmeye de\u011fil, taklit ederek peki\u015ftirmeye \u00e7al\u0131\u015f\u0131yorlar. Ceylan sinemas\u0131nda s\u00fcreklilik g\u00f6steren be\u015f temel teman\u0131n izini takip ediyorlar: yersiz yurtsuzluk, nostalji, g\u00f6\u00e7 ve yer de\u011fi\u015ftirme gibi tikel zaman ve mek\u00e2n bi\u00e7imlenimleri; s\u00fcregiden bir hi\u00e7lik ve yokluk duygusu; yas, melankoli ve can s\u0131k\u0131nt\u0131s\u0131; metropoliten modernlik; ulus\u00f6tesilik. B\u00f6ylece Ceylan sinemas\u0131n\u0131 filizlenmekte olan bir \u201cYeni T\u00fcrk Sinemas\u0131\u201d ba\u011flam\u0131nda ele almak yerine, bu filmleri klasik Avrupa (\u00f6zellikle Frans\u0131z, Alman ve Rus) d\u00fc\u015f\u00fcncesi, edebiyat\u0131 ve filmleriyle desteklenen ulus\u00f6tesi bir ba\u011flama yerle\u015ftiriyorlar. Sosyologlar, k\u00fclt\u00fcr kuramc\u0131lar\u0131, ama daha \u00f6nemlisi sinemaseverler i\u00e7in; Nuri Bilge Ceylan\u2019\u0131n bundan sonra yapaca\u011f\u0131 filmleri, o emsalsiz hayal g\u00fcc\u00fcn\u00fc heyecanla bekleyenler i\u00e7in bu kitap. <\/p>\n","protected":false},"excerpt":{"rendered":"<p>Nuri Bilge Ceylan, sinemaseverler kadar ele\u015ftirmenlerin de \u00f6vg\u00fcs\u00fcn\u00fc alan filmleriyle uluslararas\u0131 ba\u015far\u0131 kazand\u0131 ve yirmi birinci y\u00fczy\u0131l\u0131n en \u00f6zg\u00fcn ve provokatif sinemac\u0131lar\u0131ndan biri olarak kendini kabul<span class=\"excerpt-hellip\"> [\u2026]<\/span><\/p>\n","protected":false},"featured_media":0,"template":"","meta":{"_monsterinsights_skip_tracking":false,"_monsterinsights_sitenote_active":false,"_monsterinsights_sitenote_note":"","_monsterinsights_sitenote_category":0},"product_brand":[],"product_cat":[12409,12408],"product_tag":[],"class_list":{"0":"post-713417","1":"product","2":"type-product","3":"status-publish","5":"product_cat-fotograf-sinema-tiyatro","6":"product_cat-sanat","7":"pa_cilt-ciltsiz","8":"pa_tur-kitap","9":"pa_yayinevi-metis-yayinlari","10":"pa_yazar-bulent-diken-graeme-gilloch-craig-hammond","12":"first","13":"instock","14":"sale","15":"shipping-taxable","16":"purchasable","17":"product-type-simple"},"_links":{"self":[{"href":"https:\/\/roveyayinevi.com.tr\/index.php\/wp-json\/wp\/v2\/product\/713417","targetHints":{"allow":["GET"]}}],"collection":[{"href":"https:\/\/roveyayinevi.com.tr\/index.php\/wp-json\/wp\/v2\/product"}],"about":[{"href":"https:\/\/roveyayinevi.com.tr\/index.php\/wp-json\/wp\/v2\/types\/product"}],"wp:attachment":[{"href":"https:\/\/roveyayinevi.com.tr\/index.php\/wp-json\/wp\/v2\/media?parent=713417"}],"wp:term":[{"taxonomy":"product_brand","embeddable":true,"href":"https:\/\/roveyayinevi.com.tr\/index.php\/wp-json\/wp\/v2\/product_brand?post=713417"},{"taxonomy":"product_cat","embeddable":true,"href":"https:\/\/roveyayinevi.com.tr\/index.php\/wp-json\/wp\/v2\/product_cat?post=713417"},{"taxonomy":"product_tag","embeddable":true,"href":"https:\/\/roveyayinevi.com.tr\/index.php\/wp-json\/wp\/v2\/product_tag?post=713417"}],"curies":[{"name":"wp","href":"https:\/\/api.w.org\/{rel}","templated":true}]}}