{"id":713416,"date":"2025-08-27T17:07:15","date_gmt":"2025-08-27T14:07:15","guid":{"rendered":"https:\/\/roveyayinevi.com.tr\/index.php\/urun\/kulturel-calismalar-ve-sinema\/"},"modified":"2026-04-14T02:28:10","modified_gmt":"2026-04-13T23:28:10","slug":"kulturel-calismalar-ve-sinema","status":"publish","type":"product","link":"https:\/\/roveyayinevi.com.tr\/index.php\/urun\/kulturel-calismalar-ve-sinema\/","title":{"rendered":"K\u00fclt\u00fcrel \u00c7al\u0131\u015fmalar ve Sinema"},"content":{"rendered":"<p>Sineman\u0131n g\u00fcndelik ya\u015famdaki yerine, seyircinin filmlerle ili\u015fkisine, sinematografik d\u00fczenlemelerin s\u0131rlar\u0131na, film \u00fcretiminin ard\u0131nda yatan temel olu\u015fumlara ve filmlerin ilettikleri temsiller arac\u0131l\u0131\u011f\u0131yla asl\u0131nda nas\u0131l birer ideolojik d\u00fczenleme olduklar\u0131na dair kuramsal yakla\u015f\u0131mlar\u0131n bir araya getirildi\u011fi kitap, sinemay\u0131 seyirci, bak\u0131\u015f, k\u00fclt\u00fcr end\u00fcstrisi ve temsil ba\u011flam\u0131nda irdeliyor. Serpil K\u0131rel\u2019in \u00e7al\u0131\u015fmas\u0131, seyirci filmlerle ba\u015f ba\u015fa kal\u0131nca neler ya\u015far, \u201cbakmak\u201d masum bir eylem olabilir mi, sinema \u00f6teki ile ili\u015fkimizi nas\u0131l d\u00fczenler, Do\u011fu ve Bat\u0131 birbirine nas\u0131l bakar, K\u00fclt\u00fcr End\u00fcstrisi\u2019nin \u00fcretimleri kar\u015f\u0131s\u0131nda seyircinin konumu nedir gibi sorular\u0131; Hansen, Foucault, Mulvey, Hall,  Spivak, Said, Adorno ve Benjamin gibi \u00f6nemli kuramc\u0131lar\u0131n yap\u0131tlar\u0131 \u00fczerinden tart\u0131\u015fmaya a\u00e7\u0131yor. <\/p>\n","protected":false},"excerpt":{"rendered":"<p>Sineman\u0131n g\u00fcndelik ya\u015famdaki yerine, seyircinin filmlerle ili\u015fkisine, sinematografik d\u00fczenlemelerin s\u0131rlar\u0131na, film \u00fcretiminin ard\u0131nda yatan temel olu\u015fumlara ve filmlerin ilettikleri temsiller arac\u0131l\u0131\u011f\u0131yla asl\u0131nda nas\u0131l birer ideolojik d\u00fczenleme<span class=\"excerpt-hellip\"> [\u2026]<\/span><\/p>\n","protected":false},"featured_media":0,"template":"","meta":{"_monsterinsights_skip_tracking":false,"_monsterinsights_sitenote_active":false,"_monsterinsights_sitenote_note":"","_monsterinsights_sitenote_category":0},"product_brand":[],"product_cat":[12409,12408],"product_tag":[],"class_list":{"0":"post-713416","1":"product","2":"type-product","3":"status-publish","5":"product_cat-fotograf-sinema-tiyatro","6":"product_cat-sanat","7":"pa_cilt-ciltsiz","8":"pa_tur-kitap","9":"pa_yayinevi-ithaki-yayinlari","10":"pa_yazar-serpil-kirel","12":"first","13":"instock","14":"sale","15":"shipping-taxable","16":"purchasable","17":"product-type-simple"},"_links":{"self":[{"href":"https:\/\/roveyayinevi.com.tr\/index.php\/wp-json\/wp\/v2\/product\/713416","targetHints":{"allow":["GET"]}}],"collection":[{"href":"https:\/\/roveyayinevi.com.tr\/index.php\/wp-json\/wp\/v2\/product"}],"about":[{"href":"https:\/\/roveyayinevi.com.tr\/index.php\/wp-json\/wp\/v2\/types\/product"}],"wp:attachment":[{"href":"https:\/\/roveyayinevi.com.tr\/index.php\/wp-json\/wp\/v2\/media?parent=713416"}],"wp:term":[{"taxonomy":"product_brand","embeddable":true,"href":"https:\/\/roveyayinevi.com.tr\/index.php\/wp-json\/wp\/v2\/product_brand?post=713416"},{"taxonomy":"product_cat","embeddable":true,"href":"https:\/\/roveyayinevi.com.tr\/index.php\/wp-json\/wp\/v2\/product_cat?post=713416"},{"taxonomy":"product_tag","embeddable":true,"href":"https:\/\/roveyayinevi.com.tr\/index.php\/wp-json\/wp\/v2\/product_tag?post=713416"}],"curies":[{"name":"wp","href":"https:\/\/api.w.org\/{rel}","templated":true}]}}