{"id":713415,"date":"2025-08-27T17:07:14","date_gmt":"2025-08-27T14:07:14","guid":{"rendered":"https:\/\/roveyayinevi.com.tr\/index.php\/urun\/hayat-zayiflarken-de-guzel-unsuz-ve-sekersiz-lezzetler\/"},"modified":"2026-04-16T02:21:49","modified_gmt":"2026-04-15T23:21:49","slug":"hayat-zayiflarken-de-guzel-unsuz-ve-sekersiz-lezzetler","status":"publish","type":"product","link":"https:\/\/roveyayinevi.com.tr\/index.php\/urun\/hayat-zayiflarken-de-guzel-unsuz-ve-sekersiz-lezzetler\/","title":{"rendered":"Hayat Zay\u0131flarken de G\u00fczel: Unsuz ve \u015eekersiz Lezzetler"},"content":{"rendered":"<p>Unsuz ve \u015fekersiz olsun ama lezzetinden bir \u015fey kaybetmesin. \u00d6nce g\u00f6z\u00fcm\u00fcz\u00fc doyursun. \u015e\u0131k davetlerimizde hem masada g\u00fczel dursun hem de misafirlerimiz tad\u0131na bay\u0131ls\u0131n. Eh, \u00e7ok da zor ol- mas\u0131n, b\u00fct\u00fcn g\u00fcn\u00fc mutfakta ge\u00e7irtmesin. \u00c7ok mu fazla \u015fey istiyoruz? Hepsi bir arada olabilir mi? Elbette! Y\u0131llard\u0131r hem televizyonda yapt\u0131\u011f\u0131 programlar hem de yazd\u0131\u011f\u0131 kitaplar arac\u0131l\u0131\u011f\u0131yla bizi e\u015fsiz tariflerle kavu\u015fturan Emel Ba\u015fdo\u011fan, Hayat Zay\u0131flarken de G\u00fczel: Unsuz ve \u015eekersiz Lezzet- ler kitab\u0131nda hem pratik, hem bitmeyen kalori hesaplar\u0131m\u0131za bir son verecek hem de tad\u0131na doyamayaca\u011f\u0131m\u0131z tarifler sunuyor! Her tarife de u\u00e7u\u015f u\u00e7u\u015f, i\u00e7imizi bir g\u00fcnbat\u0131m\u0131 kadar \u0131s\u0131tan sulubo- ya desenleri e\u015flik ediyor. Hayat g\u00fczel. Fazlal\u0131klardan kurtulmak, sa\u011fl\u0131\u011f\u0131m\u0131z\u0131 korumak gerek. Bu da \u00e7o\u011fu zaman en sevdi\u011fimiz \u015feylerden uzak durmak demek. Neyse ki Emel Ba\u015fdo\u011fan\u2019la \u201chayat zay\u0131flarken de g\u00fczel!\u201d <\/p>\n","protected":false},"excerpt":{"rendered":"<p>Unsuz ve \u015fekersiz olsun ama lezzetinden bir \u015fey kaybetmesin. \u00d6nce g\u00f6z\u00fcm\u00fcz\u00fc doyursun. \u015e\u0131k davetlerimizde hem masada g\u00fczel dursun hem de misafirlerimiz tad\u0131na bay\u0131ls\u0131n. Eh, \u00e7ok da<span class=\"excerpt-hellip\"> [\u2026]<\/span><\/p>\n","protected":false},"featured_media":0,"template":"","meta":{"_monsterinsights_skip_tracking":false,"_monsterinsights_sitenote_active":false,"_monsterinsights_sitenote_note":"","_monsterinsights_sitenote_category":0},"product_brand":[],"product_cat":[13402,13365],"product_tag":[],"class_list":{"0":"post-713415","1":"product","2":"type-product","3":"status-publish","5":"product_cat-beslenme-ve-diyet","6":"product_cat-saglik","7":"pa_cilt-ciltsiz","8":"pa_tur-kitap","9":"pa_yayinevi-hep-kitap","10":"pa_yazar-emel-basdogan","12":"first","13":"instock","14":"sale","15":"shipping-taxable","16":"purchasable","17":"product-type-simple"},"_links":{"self":[{"href":"https:\/\/roveyayinevi.com.tr\/index.php\/wp-json\/wp\/v2\/product\/713415","targetHints":{"allow":["GET"]}}],"collection":[{"href":"https:\/\/roveyayinevi.com.tr\/index.php\/wp-json\/wp\/v2\/product"}],"about":[{"href":"https:\/\/roveyayinevi.com.tr\/index.php\/wp-json\/wp\/v2\/types\/product"}],"wp:attachment":[{"href":"https:\/\/roveyayinevi.com.tr\/index.php\/wp-json\/wp\/v2\/media?parent=713415"}],"wp:term":[{"taxonomy":"product_brand","embeddable":true,"href":"https:\/\/roveyayinevi.com.tr\/index.php\/wp-json\/wp\/v2\/product_brand?post=713415"},{"taxonomy":"product_cat","embeddable":true,"href":"https:\/\/roveyayinevi.com.tr\/index.php\/wp-json\/wp\/v2\/product_cat?post=713415"},{"taxonomy":"product_tag","embeddable":true,"href":"https:\/\/roveyayinevi.com.tr\/index.php\/wp-json\/wp\/v2\/product_tag?post=713415"}],"curies":[{"name":"wp","href":"https:\/\/api.w.org\/{rel}","templated":true}]}}