{"id":713414,"date":"2025-08-27T17:07:14","date_gmt":"2025-08-27T14:07:14","guid":{"rendered":"https:\/\/roveyayinevi.com.tr\/index.php\/urun\/eriyen-ulkenin-sirlari\/"},"modified":"2026-04-16T02:21:49","modified_gmt":"2026-04-15T23:21:49","slug":"eriyen-ulkenin-sirlari","status":"publish","type":"product","link":"https:\/\/roveyayinevi.com.tr\/index.php\/urun\/eriyen-ulkenin-sirlari\/","title":{"rendered":"Eriyen \u00dclkenin S\u0131rlar\u0131"},"content":{"rendered":"<p>Bir varm\u0131\u015f, bir yokmu\u015f. Zaman\u0131n olmad\u0131\u011f\u0131 yerde, karanl\u0131\u011f\u0131n verdi\u011fi nefesten k\u0131rm\u0131z\u0131 g\u00f6bekli bir B\u00fcy\u00fck Y\u0131lan do\u011fmu\u015f. Bu k\u0131rm\u0131z\u0131 g\u00f6bekli B\u00fcy\u00fck Y\u0131lan her nefesiyle k\u0131v\u0131lc\u0131mlar sa\u00e7ar, hik\u00e2yeler getirirmi\u015f. Sonsuz \u0131\u015f\u0131\u011f\u0131n\u0131n eteklerinde hayaller ya\u015far, sular\u0131nda \u00e2\u015f\u0131klar y\u00fczer, topraklar\u0131nda devler uyurmu\u015f. Ya\u011fmurlu g\u00fcn\u00fcn birinde bu hik\u00e2yeler bir araya gelmeye karar vermi\u015f ve senin kar\u015f\u0131na dikilmi\u015f. K\u0131rm\u0131z\u0131 g\u00f6bekli B\u00fcy\u00fck Y\u0131lan bir kez daha nefes vermi\u015f, davullar \u00e7al\u0131nm\u0131\u015f, uzayl\u0131lar a\u011flam\u0131\u015f, haritalar dile gelmi\u015f. Ve sonunda hepsi ayn\u0131 nefeste sen olmu\u015f.  *** Eriyen \u00dclkenin S\u0131rlar\u0131 benli\u011finizdeki k\u0131v\u0131lc\u0131mlar\u0131 uyand\u0131ran b\u00fcy\u00fcl\u00fc, \u015fiirsel, b\u00fcy\u00fcklere masallar tad\u0131nda bir yolculuk. \u0130\u00e7inizde ye\u015fermi\u015f umut tohumlar\u0131n\u0131 sulayan ve evreni bir arada tutan g\u00f6r\u00fcnmez ba\u011flara g\u00f6zlerinizi a\u00e7acak bu minik hik\u00e2yeler b\u00fct\u00fcn\u00fc, yeni bir d\u00fcnyaya do\u011fru yelken a\u00e7m\u0131\u015f herkesin hik\u00e2yesi. *** Pelin Turgut: 1975 do\u011fumlu. Siyaset Felsefesi okudu. Yenilik\u00e7i sineman\u0131n adresi !f \u0130stanbul Uluslararas\u0131 Ba\u011f\u0131ms\u0131z Film Festivali ve !f Senaryo Lab\u2019in kurucular\u0131ndan. Ayn\u0131 zamanda Reuters, Time dergisi ve The Independent gibi yay\u0131nlar i\u00e7in T\u00fcrkiye muhabirli\u011fi yapt\u0131. Hik\u00e2ye anlat\u0131c\u0131l\u0131\u011f\u0131, rit\u00fcel, hareket ve mitolojiyi bir araya getiren iyile\u015fme ve hayat veren hik\u00e2yeler yaratmaya odakl\u0131 \u00f6zg\u00fcn e\u011fitimlerini Avrupa \u00e7ap\u0131nda y\u00fcr\u00fct\u00fcyor. B\u00fcy\u00fck k\u00fc\u00e7\u00fck bir\u00e7ok insana hik\u00e2ye anlat\u0131yor. Eriyen \u00dclkenin S\u0131rlar\u0131 yazar\u0131n ilk kitab\u0131. <\/p>\n","protected":false},"excerpt":{"rendered":"<p>Bir varm\u0131\u015f, bir yokmu\u015f. Zaman\u0131n olmad\u0131\u011f\u0131 yerde, karanl\u0131\u011f\u0131n verdi\u011fi nefesten k\u0131rm\u0131z\u0131 g\u00f6bekli bir B\u00fcy\u00fck Y\u0131lan do\u011fmu\u015f. Bu k\u0131rm\u0131z\u0131 g\u00f6bekli B\u00fcy\u00fck Y\u0131lan her nefesiyle k\u0131v\u0131lc\u0131mlar sa\u00e7ar, hik\u00e2yeler<span class=\"excerpt-hellip\"> [\u2026]<\/span><\/p>\n","protected":false},"featured_media":0,"template":"","meta":{"_monsterinsights_skip_tracking":false,"_monsterinsights_sitenote_active":false,"_monsterinsights_sitenote_note":"","_monsterinsights_sitenote_category":0},"product_brand":[],"product_cat":[12291,12711],"product_tag":[],"class_list":{"0":"post-713414","1":"product","2":"type-product","3":"status-publish","5":"product_cat-edebiyat","6":"product_cat-roman-oyku","7":"pa_cilt-ciltsiz","8":"pa_tur-kitap","9":"pa_yayinevi-ganj-yayinevi","10":"pa_yazar-pelin-turgut","12":"first","13":"instock","14":"sale","15":"shipping-taxable","16":"purchasable","17":"product-type-simple"},"_links":{"self":[{"href":"https:\/\/roveyayinevi.com.tr\/index.php\/wp-json\/wp\/v2\/product\/713414","targetHints":{"allow":["GET"]}}],"collection":[{"href":"https:\/\/roveyayinevi.com.tr\/index.php\/wp-json\/wp\/v2\/product"}],"about":[{"href":"https:\/\/roveyayinevi.com.tr\/index.php\/wp-json\/wp\/v2\/types\/product"}],"wp:attachment":[{"href":"https:\/\/roveyayinevi.com.tr\/index.php\/wp-json\/wp\/v2\/media?parent=713414"}],"wp:term":[{"taxonomy":"product_brand","embeddable":true,"href":"https:\/\/roveyayinevi.com.tr\/index.php\/wp-json\/wp\/v2\/product_brand?post=713414"},{"taxonomy":"product_cat","embeddable":true,"href":"https:\/\/roveyayinevi.com.tr\/index.php\/wp-json\/wp\/v2\/product_cat?post=713414"},{"taxonomy":"product_tag","embeddable":true,"href":"https:\/\/roveyayinevi.com.tr\/index.php\/wp-json\/wp\/v2\/product_tag?post=713414"}],"curies":[{"name":"wp","href":"https:\/\/api.w.org\/{rel}","templated":true}]}}