{"id":713413,"date":"2025-08-27T17:07:13","date_gmt":"2025-08-27T14:07:13","guid":{"rendered":"https:\/\/roveyayinevi.com.tr\/index.php\/urun\/karanlik-oda\/"},"modified":"2026-01-20T02:40:00","modified_gmt":"2026-01-19T23:40:00","slug":"karanlik-oda","status":"publish","type":"product","link":"https:\/\/roveyayinevi.com.tr\/index.php\/urun\/karanlik-oda\/","title":{"rendered":"Karanl\u0131k Oda"},"content":{"rendered":"<p>K\u00fcrtl\u00fck-T\u00fcrkl\u00fck, Alevilik-S\u00fcnnilik, Zenginlik-Fakirlik, Do\u011fuculuk-Bat\u0131c\u0131l\u0131k, Dindarl\u0131k-Laiklik\u2026 B\u00fcy\u00fckada\u2019daki bir evin karanl\u0131k odas\u0131nda, soluk k\u0131rm\u0131z\u0131 \u0131\u015f\u0131\u011f\u0131n alt\u0131nda, 61 ya\u015f\u0131ndaki gazeteci Osman Balc\u0131gil ve ondan yedi y\u0131l \u00f6nce do\u011fan 25 ya\u015f\u0131ndaki delikanl\u0131 Deniz Gezmi\u015f, memleketin siyah beyaz kli\u015felerine bak\u0131yorlar. \u0130\u015f\u00e7iler, k\u00f6yl\u00fcler, \u00f6\u011frenciler, ekmek, toprak ve \u00f6zg\u00fcrl\u00fck\u2026 Osman Balc\u0131gil, \u201cbir ceza olarak idamdan\u201d bahsetti\u011fi kitaplardan ba\u011f\u0131ms\u0131z bir a\u011fabey, semboll\u00fc\u011f\u00fcnden haberdar olsa da bihaber karde\u015fi Deniz. Dara\u011fac\u0131na do\u011fru y\u00fcr\u00fcyen gencecik, p\u0131r\u0131l p\u0131r\u0131l insanlar ve onlar gittikten sonra olanlar k\u00fcvetlere dolduruluyor; ama bu sohbet, dokunulmaz, mahrem, samimi bir i\u00e7 d\u00f6k\u00fc\u015f olarak sat\u0131rlara d\u00fc\u015f\u00fcyor. <\/p>\n","protected":false},"excerpt":{"rendered":"<p>K\u00fcrtl\u00fck-T\u00fcrkl\u00fck, Alevilik-S\u00fcnnilik, Zenginlik-Fakirlik, Do\u011fuculuk-Bat\u0131c\u0131l\u0131k, Dindarl\u0131k-Laiklik\u2026 B\u00fcy\u00fckada\u2019daki bir evin karanl\u0131k odas\u0131nda, soluk k\u0131rm\u0131z\u0131 \u0131\u015f\u0131\u011f\u0131n alt\u0131nda, 61 ya\u015f\u0131ndaki gazeteci Osman Balc\u0131gil ve ondan yedi y\u0131l \u00f6nce do\u011fan 25<span class=\"excerpt-hellip\"> [\u2026]<\/span><\/p>\n","protected":false},"featured_media":0,"template":"","meta":{"_monsterinsights_skip_tracking":false,"_monsterinsights_sitenote_active":false,"_monsterinsights_sitenote_note":"","_monsterinsights_sitenote_category":0},"product_brand":[],"product_cat":[12291,12711],"product_tag":[],"class_list":{"0":"post-713413","1":"product","2":"type-product","3":"status-publish","5":"product_cat-edebiyat","6":"product_cat-roman-oyku","7":"pa_cilt-ciltsiz","8":"pa_tur-kitap","9":"pa_yayinevi-kara-karga-yayinlari","10":"pa_yazar-osman-balcigil","12":"first","13":"instock","14":"sale","15":"shipping-taxable","16":"purchasable","17":"product-type-simple"},"_links":{"self":[{"href":"https:\/\/roveyayinevi.com.tr\/index.php\/wp-json\/wp\/v2\/product\/713413","targetHints":{"allow":["GET"]}}],"collection":[{"href":"https:\/\/roveyayinevi.com.tr\/index.php\/wp-json\/wp\/v2\/product"}],"about":[{"href":"https:\/\/roveyayinevi.com.tr\/index.php\/wp-json\/wp\/v2\/types\/product"}],"wp:attachment":[{"href":"https:\/\/roveyayinevi.com.tr\/index.php\/wp-json\/wp\/v2\/media?parent=713413"}],"wp:term":[{"taxonomy":"product_brand","embeddable":true,"href":"https:\/\/roveyayinevi.com.tr\/index.php\/wp-json\/wp\/v2\/product_brand?post=713413"},{"taxonomy":"product_cat","embeddable":true,"href":"https:\/\/roveyayinevi.com.tr\/index.php\/wp-json\/wp\/v2\/product_cat?post=713413"},{"taxonomy":"product_tag","embeddable":true,"href":"https:\/\/roveyayinevi.com.tr\/index.php\/wp-json\/wp\/v2\/product_tag?post=713413"}],"curies":[{"name":"wp","href":"https:\/\/api.w.org\/{rel}","templated":true}]}}