{"id":713412,"date":"2025-08-27T17:07:13","date_gmt":"2025-08-27T14:07:13","guid":{"rendered":"https:\/\/roveyayinevi.com.tr\/index.php\/urun\/pardon-kurumsallasmalimi-dediniz\/"},"modified":"2026-04-16T02:21:49","modified_gmt":"2026-04-15T23:21:49","slug":"pardon-kurumsallasmalimi-dediniz","status":"publish","type":"product","link":"https:\/\/roveyayinevi.com.tr\/index.php\/urun\/pardon-kurumsallasmalimi-dediniz\/","title":{"rendered":"Pardon! \u201cKurumsalla\u015fmal\u0131\u201dm\u0131 Dediniz?"},"content":{"rendered":"<p>Elma Yay\u0131nevi, \u00e7ok bilindik, \u00e7ok kullan\u0131lan bir kavram\u0131 tart\u0131\u015fmaya a\u00e7\u0131yor bu yepyeni kitab\u0131yla. Moda kavramlardan olan \u201ckurumsalla\u015fma\u201d sadece lafta m\u0131 kal\u0131yor, yoksa ger\u00e7ekten uygulan\u0131yor mu? Uygulansa bile sonu\u00e7 odakl\u0131 m\u0131, yoksa sadece \u015feklen mi? Kurumsalla\u015fma hakk\u0131nda herkesin s\u00f6yleyecek ne \u00e7ok \u015feyi var&#8230; Bunlar\u0131 kitab\u0131n sayfalar\u0131 aras\u0131nda ayr\u0131nt\u0131lar\u0131yla yazd\u0131m. En yayg\u0131n ve kula\u011fa ho\u015f geleni de \u201cKurumsal firma, kurallara dayal\u0131 olarak i\u015fleyen, sistem i\u00e7erisinde y\u00f6netilen, ki\u015filere ba\u011fl\u0131 olmayan bir firmad\u0131r. Y\u00f6netim, payda\u015flar, tedarik\u00e7iler, \u00e7al\u0131\u015fanlar tamamen bu sistemin birer par\u00e7as\u0131d\u0131r ve onlar da bu kurallara uymak zorundad\u0131rlar\u201d \u015feklindeki tan\u0131md\u0131r. \u201cSistem ve kurallar\u201d kavram\u0131 yerine oturmak i\u00e7in yeterli midir?  En b\u00fcy\u00fc\u011f\u00fc oldu\u011fu d\u00fc\u015f\u00fcn\u00fclen ve her y\u0131l \u00e7e\u015fitli kaynaklarda ilk be\u015f y\u00fcz i\u00e7inde yer alan \u015firketlerin kurumsall\u0131klar\u0131n\u0131 da g\u00f6zden ge\u00e7irmelerine gerek yok mu? Kurumsall\u0131k yaln\u0131zca KOB\u0130 diye s\u0131n\u0131fland\u0131r\u0131lan kurulu\u015flar\u0131n sorunu mudur? Soner Sel\u00e7uklu\u2019nun kaleminden okuyoruz, Pardon! Kurumsalla\u015fmal\u0131\u201dm\u0131 Dediniz? <\/p>\n","protected":false},"excerpt":{"rendered":"<p>Elma Yay\u0131nevi, \u00e7ok bilindik, \u00e7ok kullan\u0131lan bir kavram\u0131 tart\u0131\u015fmaya a\u00e7\u0131yor bu yepyeni kitab\u0131yla. Moda kavramlardan olan \u201ckurumsalla\u015fma\u201d sadece lafta m\u0131 kal\u0131yor, yoksa ger\u00e7ekten uygulan\u0131yor mu? Uygulansa<span class=\"excerpt-hellip\"> [\u2026]<\/span><\/p>\n","protected":false},"featured_media":0,"template":"","meta":{"_monsterinsights_skip_tracking":false,"_monsterinsights_sitenote_active":false,"_monsterinsights_sitenote_note":"","_monsterinsights_sitenote_category":0},"product_brand":[],"product_cat":[13043,17647],"product_tag":[],"class_list":{"0":"post-713412","1":"product","2":"type-product","3":"status-publish","5":"product_cat-ekonomi","6":"product_cat-is-dunyasi","7":"pa_cilt-ciltsiz","8":"pa_tur-kitap","9":"pa_yayinevi-elma-yayinevi","10":"pa_yazar-s-soner-selcuklu","12":"first","13":"instock","14":"sale","15":"shipping-taxable","16":"purchasable","17":"product-type-simple"},"_links":{"self":[{"href":"https:\/\/roveyayinevi.com.tr\/index.php\/wp-json\/wp\/v2\/product\/713412","targetHints":{"allow":["GET"]}}],"collection":[{"href":"https:\/\/roveyayinevi.com.tr\/index.php\/wp-json\/wp\/v2\/product"}],"about":[{"href":"https:\/\/roveyayinevi.com.tr\/index.php\/wp-json\/wp\/v2\/types\/product"}],"wp:attachment":[{"href":"https:\/\/roveyayinevi.com.tr\/index.php\/wp-json\/wp\/v2\/media?parent=713412"}],"wp:term":[{"taxonomy":"product_brand","embeddable":true,"href":"https:\/\/roveyayinevi.com.tr\/index.php\/wp-json\/wp\/v2\/product_brand?post=713412"},{"taxonomy":"product_cat","embeddable":true,"href":"https:\/\/roveyayinevi.com.tr\/index.php\/wp-json\/wp\/v2\/product_cat?post=713412"},{"taxonomy":"product_tag","embeddable":true,"href":"https:\/\/roveyayinevi.com.tr\/index.php\/wp-json\/wp\/v2\/product_tag?post=713412"}],"curies":[{"name":"wp","href":"https:\/\/api.w.org\/{rel}","templated":true}]}}