{"id":713411,"date":"2025-08-27T17:07:12","date_gmt":"2025-08-27T14:07:12","guid":{"rendered":"https:\/\/roveyayinevi.com.tr\/index.php\/urun\/palyacolar-giremez\/"},"modified":"2026-04-16T02:21:49","modified_gmt":"2026-04-15T23:21:49","slug":"palyacolar-giremez","status":"publish","type":"product","link":"https:\/\/roveyayinevi.com.tr\/index.php\/urun\/palyacolar-giremez\/","title":{"rendered":"Palya\u00e7olar Giremez"},"content":{"rendered":"<p>\u0130lk \u00e7ocuk roman\u0131 Resimli Hayal Ansiklopedisi\u2019yle \u00c7ocuk ve Gen\u00e7lik Yay\u0131nlar\u0131 Derne\u011fi\u2019nin sundu\u011fu \u201c2014 Y\u0131l\u0131n \u00c7ocuk Roman\u0131 J\u00fcri \u00d6zel \u00d6d\u00fcl\u00fc\u201dne lay\u0131k g\u00f6r\u00fclen \u015eener \u015e\u00fckr\u00fc Yi\u011fitler\u2019den bir devam kitab\u0131: Palya\u00e7olar Giremez. Yine incelikler ba\u015frolde. Akl\u0131m\u0131z yeni ya\u011fan karda, kollar\u0131m\u0131z t\u00fcm okurlara a\u00e7\u0131k. *** Bir palya\u00e7o asla g\u00fcnl\u00fck tutmaz ama galiba \u00e7ok b\u00fcy\u00fck i\u015fler ba\u015farabilir. D\u00fcnyan\u0131n en k\u00fc\u00e7\u00fck maskesi olan k\u0131rm\u0131z\u0131 burnunu takt\u0131 m\u0131 b\u00fct\u00fcn yasaklar\u0131 yerle bir edebilir. A\u011fa\u00e7lar\u0131 kesilmekten, palya\u00e7olar\u0131 i\u015fsizlikten ve b\u00fcy\u00fckleri \u00e7ocukluk korkular\u0131ndan kurtarabilir. Tabii, biraz yard\u0131mla\u2026 Palya\u00e7olar Giremez\u2019de Palya\u00e7o Teveffo\u2019ya Resimli Hayal Ansiklopedisi\u2019nden tan\u0131d\u0131\u011f\u0131m\u0131z gizemli bir kahraman yol g\u00f6steriyor. Ya\u015fl\u0131 palya\u00e7omuzun karl\u0131 bir g\u00fcnde Eyl\u00fcl ve Haziran adl\u0131 iki \u00e7ocukla tan\u0131\u015fmas\u0131n\u0131n ard\u0131ndan, g\u00fcnl\u00fc\u011f\u00fcn sayfalar\u0131 tuhaf, komik, s\u00fcr\u00fckleyici maceralarla doluyor. Palya\u00e7o Kral\u2019\u0131n g\u00f6rkemli geri d\u00f6n\u00fc\u015f \u00f6yk\u00fcs\u00fc, yer yer curcunal\u0131, yer yer sevgi ve \u00f6zveri y\u00fckl\u00fc bir sirk g\u00f6sterisi sunuyor. Hepimiz i\u00e7in.  Sait Faik\u2019in dedi\u011fi gibi, \u201cSirkte b\u00fcy\u00fck k\u00fc\u00e7\u00fck yok. Sirkte b\u00fct\u00fcn insanlar dokuz ya\u015f\u0131ndad\u0131r.\u201d O halde\u2026  G\u00f6steri ba\u015flas\u0131n! Tema: Gezegeni payla\u015fma          Kavramlar ve Anahtar S\u00f6zc\u00fckler: \u00c7evre-do\u011fa, sorumluluk, \u00f6nyarg\u0131, korkular, \u00e7ocukluk, kentle\u015fme, dayan\u0131\u015fma, sevgi, meslekler, de\u011fi\u015fim, cesaret, kararl\u0131l\u0131k Tutumlar: Yarat\u0131c\u0131l\u0131k, i\u015fbirli\u011fi, ho\u015fg\u00f6r\u00fc      Profil \u00d6\u011feleri: Riski g\u00f6ze alan, duyarl\u0131 <\/p>\n","protected":false},"excerpt":{"rendered":"<p>\u0130lk \u00e7ocuk roman\u0131 Resimli Hayal Ansiklopedisi\u2019yle \u00c7ocuk ve Gen\u00e7lik Yay\u0131nlar\u0131 Derne\u011fi\u2019nin sundu\u011fu \u201c2014 Y\u0131l\u0131n \u00c7ocuk Roman\u0131 J\u00fcri \u00d6zel \u00d6d\u00fcl\u00fc\u201dne lay\u0131k g\u00f6r\u00fclen \u015eener \u015e\u00fckr\u00fc Yi\u011fitler\u2019den bir devam<span class=\"excerpt-hellip\"> [\u2026]<\/span><\/p>\n","protected":false},"featured_media":0,"template":"","meta":{"_monsterinsights_skip_tracking":false,"_monsterinsights_sitenote_active":false,"_monsterinsights_sitenote_note":"","_monsterinsights_sitenote_category":0},"product_brand":[],"product_cat":[12275,12274],"product_tag":[],"class_list":{"0":"post-713411","1":"product","2":"type-product","3":"status-publish","5":"product_cat-6-12-yas-kitaplari","6":"product_cat-cocuk-ve-genclik-kitaplari","7":"pa_cilt-ciltsiz","8":"pa_tur-kitap","9":"pa_yayinevi-elma-cocuk","10":"pa_yazar-sener-sukru-yigitler","12":"first","13":"instock","14":"sale","15":"shipping-taxable","16":"purchasable","17":"product-type-simple"},"_links":{"self":[{"href":"https:\/\/roveyayinevi.com.tr\/index.php\/wp-json\/wp\/v2\/product\/713411","targetHints":{"allow":["GET"]}}],"collection":[{"href":"https:\/\/roveyayinevi.com.tr\/index.php\/wp-json\/wp\/v2\/product"}],"about":[{"href":"https:\/\/roveyayinevi.com.tr\/index.php\/wp-json\/wp\/v2\/types\/product"}],"wp:attachment":[{"href":"https:\/\/roveyayinevi.com.tr\/index.php\/wp-json\/wp\/v2\/media?parent=713411"}],"wp:term":[{"taxonomy":"product_brand","embeddable":true,"href":"https:\/\/roveyayinevi.com.tr\/index.php\/wp-json\/wp\/v2\/product_brand?post=713411"},{"taxonomy":"product_cat","embeddable":true,"href":"https:\/\/roveyayinevi.com.tr\/index.php\/wp-json\/wp\/v2\/product_cat?post=713411"},{"taxonomy":"product_tag","embeddable":true,"href":"https:\/\/roveyayinevi.com.tr\/index.php\/wp-json\/wp\/v2\/product_tag?post=713411"}],"curies":[{"name":"wp","href":"https:\/\/api.w.org\/{rel}","templated":true}]}}