{"id":713409,"date":"2025-08-27T17:07:11","date_gmt":"2025-08-27T14:07:11","guid":{"rendered":"https:\/\/roveyayinevi.com.tr\/index.php\/urun\/isik-muhafizi\/"},"modified":"2026-04-16T02:21:49","modified_gmt":"2026-04-15T23:21:49","slug":"isik-muhafizi","status":"publish","type":"product","link":"https:\/\/roveyayinevi.com.tr\/index.php\/urun\/isik-muhafizi\/","title":{"rendered":"I\u015f\u0131k Muhaf\u0131z\u0131"},"content":{"rendered":"<p>Duygu Durum Gezegeni\u2019nde ya\u015fayanlar duygular\u0131n\u0131 \u00e7evrelerine \u00e7e\u015fitli renkler yans\u0131tarak g\u00f6steriyorlar. Sadece \u00f6zel g\u00f6revde olanlar duygu durum renklerini kontrol edebilirler. Oysa D\u00fcnya\u2019dan bak\u0131nca oras\u0131 c\u00fcce gezegen, Pl\u00fcton gezegeni. D\u00fcnya\u2019da da bir \u00e7ocuk var, ad\u0131 D\u00fcnya. O bir I\u015f\u0131k Muhaf\u0131z\u0131 ve ya\u015fad\u0131\u011f\u0131 gezegeni kurtarmak i\u00e7in sevgisini kullanmak istiyor, \u00e7\u00fcnk\u00fc sevgi t\u00fcm renkleri i\u00e7inde bar\u0131nd\u0131r\u0131yor. Ancak renkler bir araya gelirse siyah\u0131 alt edebilir. Ferrin \u0130lbay Yaln\u0131z\u2019\u0131n kaleme ald\u0131\u011f\u0131 I\u015f\u0131k Muhaf\u0131z\u0131, okurlar\u0131n\u0131 renklerin hayat\u0131 \u00e7ok daha anlaml\u0131 k\u0131ld\u0131\u011f\u0131 bir maceraya davet ediyor. \u201cHayat, tekrar tekrar ba\u015flan\u0131lacak bir oyun de\u011fildir ki.\u201d Tema: Gezegeni payla\u015fmak     Kavramlar ve Anahtar S\u00f6zc\u00fckler: Duygular, renkler, oyuncaklar, macera, sorumluluk, gizem, an\u0131lar, denge, fantastik \u00f6\u011feler, g\u00fc\u00e7-enerji, evren, bar\u0131\u015f, iyilik-k\u00f6t\u00fcl\u00fck, sistem, sebep-sonu\u00e7 Tutumlar: G\u00fcven, merak, i\u015fbirli\u011fi          Profil \u00d6\u011feleri: Riski g\u00f6ze alan, duyarl\u0131 <\/p>\n","protected":false},"excerpt":{"rendered":"<p>Duygu Durum Gezegeni\u2019nde ya\u015fayanlar duygular\u0131n\u0131 \u00e7evrelerine \u00e7e\u015fitli renkler yans\u0131tarak g\u00f6steriyorlar. Sadece \u00f6zel g\u00f6revde olanlar duygu durum renklerini kontrol edebilirler. Oysa D\u00fcnya\u2019dan bak\u0131nca oras\u0131 c\u00fcce gezegen, Pl\u00fcton<span class=\"excerpt-hellip\"> [\u2026]<\/span><\/p>\n","protected":false},"featured_media":0,"template":"","meta":{"_monsterinsights_skip_tracking":false,"_monsterinsights_sitenote_active":false,"_monsterinsights_sitenote_note":"","_monsterinsights_sitenote_category":0},"product_brand":[],"product_cat":[12275,12274],"product_tag":[],"class_list":{"0":"post-713409","1":"product","2":"type-product","3":"status-publish","5":"product_cat-6-12-yas-kitaplari","6":"product_cat-cocuk-ve-genclik-kitaplari","7":"pa_cilt-ciltsiz","8":"pa_tur-kitap","9":"pa_yayinevi-elma-cocuk","10":"pa_yazar-ferrin-ilbay-yalniz","12":"first","13":"instock","14":"sale","15":"shipping-taxable","16":"purchasable","17":"product-type-simple"},"_links":{"self":[{"href":"https:\/\/roveyayinevi.com.tr\/index.php\/wp-json\/wp\/v2\/product\/713409","targetHints":{"allow":["GET"]}}],"collection":[{"href":"https:\/\/roveyayinevi.com.tr\/index.php\/wp-json\/wp\/v2\/product"}],"about":[{"href":"https:\/\/roveyayinevi.com.tr\/index.php\/wp-json\/wp\/v2\/types\/product"}],"wp:attachment":[{"href":"https:\/\/roveyayinevi.com.tr\/index.php\/wp-json\/wp\/v2\/media?parent=713409"}],"wp:term":[{"taxonomy":"product_brand","embeddable":true,"href":"https:\/\/roveyayinevi.com.tr\/index.php\/wp-json\/wp\/v2\/product_brand?post=713409"},{"taxonomy":"product_cat","embeddable":true,"href":"https:\/\/roveyayinevi.com.tr\/index.php\/wp-json\/wp\/v2\/product_cat?post=713409"},{"taxonomy":"product_tag","embeddable":true,"href":"https:\/\/roveyayinevi.com.tr\/index.php\/wp-json\/wp\/v2\/product_tag?post=713409"}],"curies":[{"name":"wp","href":"https:\/\/api.w.org\/{rel}","templated":true}]}}