{"id":713407,"date":"2025-08-27T17:07:09","date_gmt":"2025-08-27T14:07:09","guid":{"rendered":"https:\/\/roveyayinevi.com.tr\/index.php\/urun\/mavi-oktav-defterleri\/"},"modified":"2026-04-16T02:21:49","modified_gmt":"2026-04-15T23:21:49","slug":"mavi-oktav-defterleri","status":"publish","type":"product","link":"https:\/\/roveyayinevi.com.tr\/index.php\/urun\/mavi-oktav-defterleri\/","title":{"rendered":"Mavi Oktav Defterleri"},"content":{"rendered":"<p>Franz Kafka, 1917\u2019nin sonlar\u0131ndan 1919 Haziran\u2019\u0131na dek g\u00fcnl\u00fck tutmay\u0131 b\u0131rakm\u0131\u015f, d\u00f6rt yaprakl\u0131 defterler kullanmaya ba\u015flam\u0131\u015ft\u0131r. Max Brod, 1948\u2019de Kafka\u2019n\u0131n G\u00fcnl\u00fckler\u2019ini yay\u0131mlad\u0131\u011f\u0131nda bu defterleri G\u00fcnl\u00fckler\u2019e d\u00e2hil etmemi\u015f, dolay\u0131s\u0131yla bu defterlerin varl\u0131\u011f\u0131 \u00e7ok az ki\u015fi taraf\u0131ndan bilinmi\u015ftir.Mavi Oktav Defterleri, Kafka\u2019n\u0131n ruh halinden pay\u0131n\u0131 alan, \u00f6yk\u00fclerden, fragmanlardan, k\u0131sa g\u00fcnl\u00fck kay\u0131tlar\u0131ndan ve aforizmalardan olu\u015fan gizli bir hazinedir. Franz Kafka\u2019y\u0131 ve eserlerini daha iyi anlamak i\u00e7in ba\u015fvurabilece\u011finiz en \u00f6nemli kaynaklardan bir tanesidir. <\/p>\n","protected":false},"excerpt":{"rendered":"<p>Franz Kafka, 1917\u2019nin sonlar\u0131ndan 1919 Haziran\u2019\u0131na dek g\u00fcnl\u00fck tutmay\u0131 b\u0131rakm\u0131\u015f, d\u00f6rt yaprakl\u0131 defterler kullanmaya ba\u015flam\u0131\u015ft\u0131r. Max Brod, 1948\u2019de Kafka\u2019n\u0131n G\u00fcnl\u00fckler\u2019ini yay\u0131mlad\u0131\u011f\u0131nda bu defterleri G\u00fcnl\u00fckler\u2019e d\u00e2hil etmemi\u015f,<span class=\"excerpt-hellip\"> [\u2026]<\/span><\/p>\n","protected":false},"featured_media":0,"template":"","meta":{"_monsterinsights_skip_tracking":false,"_monsterinsights_sitenote_active":false,"_monsterinsights_sitenote_note":"","_monsterinsights_sitenote_category":0},"product_brand":[],"product_cat":[12291,12711],"product_tag":[],"class_list":{"0":"post-713407","1":"product","2":"type-product","3":"status-publish","5":"product_cat-edebiyat","6":"product_cat-roman-oyku","7":"pa_cilt-ciltsiz","8":"pa_tur-kitap","9":"pa_yayinevi-aylak-adam-kultur-sanat-yayincilik","10":"pa_yazar-franz-kafka","12":"first","13":"instock","14":"sale","15":"shipping-taxable","16":"purchasable","17":"product-type-simple"},"_links":{"self":[{"href":"https:\/\/roveyayinevi.com.tr\/index.php\/wp-json\/wp\/v2\/product\/713407","targetHints":{"allow":["GET"]}}],"collection":[{"href":"https:\/\/roveyayinevi.com.tr\/index.php\/wp-json\/wp\/v2\/product"}],"about":[{"href":"https:\/\/roveyayinevi.com.tr\/index.php\/wp-json\/wp\/v2\/types\/product"}],"wp:attachment":[{"href":"https:\/\/roveyayinevi.com.tr\/index.php\/wp-json\/wp\/v2\/media?parent=713407"}],"wp:term":[{"taxonomy":"product_brand","embeddable":true,"href":"https:\/\/roveyayinevi.com.tr\/index.php\/wp-json\/wp\/v2\/product_brand?post=713407"},{"taxonomy":"product_cat","embeddable":true,"href":"https:\/\/roveyayinevi.com.tr\/index.php\/wp-json\/wp\/v2\/product_cat?post=713407"},{"taxonomy":"product_tag","embeddable":true,"href":"https:\/\/roveyayinevi.com.tr\/index.php\/wp-json\/wp\/v2\/product_tag?post=713407"}],"curies":[{"name":"wp","href":"https:\/\/api.w.org\/{rel}","templated":true}]}}