{"id":713406,"date":"2025-08-27T17:07:09","date_gmt":"2025-08-27T14:07:09","guid":{"rendered":"https:\/\/roveyayinevi.com.tr\/index.php\/urun\/guvenin-olumu\/"},"modified":"2026-04-16T02:21:49","modified_gmt":"2026-04-15T23:21:49","slug":"guvenin-olumu","status":"publish","type":"product","link":"https:\/\/roveyayinevi.com.tr\/index.php\/urun\/guvenin-olumu\/","title":{"rendered":"G\u00fcvenin \u00d6l\u00fcm\u00fc"},"content":{"rendered":"<p>G\u00fcvenin \u00d6l\u00fcm\u00fc, Virginia Woolf\u2019un dilimize ilk kez \u00e7evrilen denemelerinden olu\u015fmaktad\u0131r. Bu metinler yazar\u0131n sanattan edebiyata, yazarlardan dostlar\u0131na kadar uzanan engin ve e\u015fsiz d\u00fc\u015f\u00fcncelerini bir araya getiriyor. Olaylara ve insanlara bak\u0131\u015f\u0131ndaki tedirginlik ve ele\u015ftirel yakla\u015f\u0131m\u0131yla, Virginia Woolf sevgili okurlar\u0131n\u0131 keyifli bir yolculu\u011fa davet ediyor. \ufffcTan\u0131t\u0131m Metni<\/p>\n","protected":false},"excerpt":{"rendered":"<p>G\u00fcvenin \u00d6l\u00fcm\u00fc, Virginia Woolf\u2019un dilimize ilk kez \u00e7evrilen denemelerinden olu\u015fmaktad\u0131r. Bu metinler yazar\u0131n sanattan edebiyata, yazarlardan dostlar\u0131na kadar uzanan engin ve e\u015fsiz d\u00fc\u015f\u00fcncelerini bir araya getiriyor.<span class=\"excerpt-hellip\"> [\u2026]<\/span><\/p>\n","protected":false},"featured_media":0,"template":"","meta":{"_monsterinsights_skip_tracking":false,"_monsterinsights_sitenote_active":false,"_monsterinsights_sitenote_note":"","_monsterinsights_sitenote_category":0},"product_brand":[],"product_cat":[12777,12291],"product_tag":[],"class_list":{"0":"post-713406","1":"product","2":"type-product","3":"status-publish","5":"product_cat-deneme","6":"product_cat-edebiyat","7":"pa_cilt-ciltsiz","8":"pa_tur-kitap","9":"pa_yayinevi-aylak-adam-kultur-sanat-yayincilik","10":"pa_yazar-virginia-woolf","12":"first","13":"instock","14":"sale","15":"shipping-taxable","16":"purchasable","17":"product-type-simple"},"_links":{"self":[{"href":"https:\/\/roveyayinevi.com.tr\/index.php\/wp-json\/wp\/v2\/product\/713406","targetHints":{"allow":["GET"]}}],"collection":[{"href":"https:\/\/roveyayinevi.com.tr\/index.php\/wp-json\/wp\/v2\/product"}],"about":[{"href":"https:\/\/roveyayinevi.com.tr\/index.php\/wp-json\/wp\/v2\/types\/product"}],"wp:attachment":[{"href":"https:\/\/roveyayinevi.com.tr\/index.php\/wp-json\/wp\/v2\/media?parent=713406"}],"wp:term":[{"taxonomy":"product_brand","embeddable":true,"href":"https:\/\/roveyayinevi.com.tr\/index.php\/wp-json\/wp\/v2\/product_brand?post=713406"},{"taxonomy":"product_cat","embeddable":true,"href":"https:\/\/roveyayinevi.com.tr\/index.php\/wp-json\/wp\/v2\/product_cat?post=713406"},{"taxonomy":"product_tag","embeddable":true,"href":"https:\/\/roveyayinevi.com.tr\/index.php\/wp-json\/wp\/v2\/product_tag?post=713406"}],"curies":[{"name":"wp","href":"https:\/\/api.w.org\/{rel}","templated":true}]}}