{"id":713405,"date":"2025-08-27T17:07:08","date_gmt":"2025-08-27T14:07:08","guid":{"rendered":"https:\/\/roveyayinevi.com.tr\/index.php\/urun\/hayat-karar-ve-eylemdir\/"},"modified":"2026-04-08T02:28:16","modified_gmt":"2026-04-07T23:28:16","slug":"hayat-karar-ve-eylemdir","status":"publish","type":"product","link":"https:\/\/roveyayinevi.com.tr\/index.php\/urun\/hayat-karar-ve-eylemdir\/","title":{"rendered":"Hayat Karar ve Eylemdir"},"content":{"rendered":"<p>Y\u00f6neticilerin d\u00fcnyas\u0131, pusuya yatm\u0131\u015f avc\u0131larla doludur\u2026 Gelece\u011fin parolas\u0131: \u201cTetikte olunmayan g\u00fcn yoktur.\u201d Ba\u015far\u0131 kazanamayanlar\u0131n y\u00fczde doksan\u0131  yenilgiye u\u011framam\u0131\u015flard\u0131r\u2026 Sadece pes etmi\u015flerdir\u2026 Korku felakettir! Zaman kimseyi beklemez! Imk\u00e2ns\u0131z olan\u0131 istemek! Demir d\u00f6vmeden demirci olunmaz! Hi\u00e7bir \u015feye cesaret edemeyenin hi\u00e7bir \u015feyi olmaz. Eylem i\u00e7in \u00f6zg\u00fcrl\u00fckten ba\u015fka bir \u015fey gerekmez. \u0130rade olmadan ne hayal ne d\u00fcnya olur. Hayal yoksa insanlar mahvolur. Nereye gitti\u011fini bilmeyen uza\u011fa gidemez. D\u00fcnyay\u0131 g\u00f6rd\u00fc\u011f\u00fcn\u00fcz pencere, sizsiniz. Heyecan uyand\u0131rmayan y\u00f6netemez. Devrimlerde, \u201cBizi ka\u00e7 ki\u015fi destekler?\u201d diye sorulmaz. B\u00fct\u00fcn do\u011fa sava\u015f halindedir. \u0130zleyin, canl\u0131lar\u0131n hayat\u0131n\u0131 g\u00f6r\u00fcrs\u00fcn\u00fcz, insandan b\u00f6ceklere kadar\u2026 <\/p>\n","protected":false},"excerpt":{"rendered":"<p>Y\u00f6neticilerin d\u00fcnyas\u0131, pusuya yatm\u0131\u015f avc\u0131larla doludur\u2026 Gelece\u011fin parolas\u0131: \u201cTetikte olunmayan g\u00fcn yoktur.\u201d Ba\u015far\u0131 kazanamayanlar\u0131n y\u00fczde doksan\u0131 yenilgiye u\u011framam\u0131\u015flard\u0131r\u2026 Sadece pes etmi\u015flerdir\u2026 Korku felakettir! Zaman kimseyi beklemez!<span class=\"excerpt-hellip\"> [\u2026]<\/span><\/p>\n","protected":false},"featured_media":0,"template":"","meta":{"_monsterinsights_skip_tracking":false,"_monsterinsights_sitenote_active":false,"_monsterinsights_sitenote_note":"","_monsterinsights_sitenote_category":0},"product_brand":[],"product_cat":[12364,12376],"product_tag":[],"class_list":{"0":"post-713405","1":"product","2":"type-product","3":"status-publish","5":"product_cat-genel-konular","6":"product_cat-kisisel-gelisim","7":"pa_cilt-ciltsiz","8":"pa_tur-kitap","9":"pa_yayinevi-inkilap-kitabevi","10":"pa_yazar-osman-pamukoglu","12":"first","13":"instock","14":"sale","15":"shipping-taxable","16":"purchasable","17":"product-type-simple"},"_links":{"self":[{"href":"https:\/\/roveyayinevi.com.tr\/index.php\/wp-json\/wp\/v2\/product\/713405","targetHints":{"allow":["GET"]}}],"collection":[{"href":"https:\/\/roveyayinevi.com.tr\/index.php\/wp-json\/wp\/v2\/product"}],"about":[{"href":"https:\/\/roveyayinevi.com.tr\/index.php\/wp-json\/wp\/v2\/types\/product"}],"wp:attachment":[{"href":"https:\/\/roveyayinevi.com.tr\/index.php\/wp-json\/wp\/v2\/media?parent=713405"}],"wp:term":[{"taxonomy":"product_brand","embeddable":true,"href":"https:\/\/roveyayinevi.com.tr\/index.php\/wp-json\/wp\/v2\/product_brand?post=713405"},{"taxonomy":"product_cat","embeddable":true,"href":"https:\/\/roveyayinevi.com.tr\/index.php\/wp-json\/wp\/v2\/product_cat?post=713405"},{"taxonomy":"product_tag","embeddable":true,"href":"https:\/\/roveyayinevi.com.tr\/index.php\/wp-json\/wp\/v2\/product_tag?post=713405"}],"curies":[{"name":"wp","href":"https:\/\/api.w.org\/{rel}","templated":true}]}}