{"id":713404,"date":"2025-08-27T17:07:08","date_gmt":"2025-08-27T14:07:08","guid":{"rendered":"https:\/\/roveyayinevi.com.tr\/index.php\/urun\/zumrut-ayna\/"},"modified":"2026-04-16T02:21:49","modified_gmt":"2026-04-15T23:21:49","slug":"zumrut-ayna","status":"publish","type":"product","link":"https:\/\/roveyayinevi.com.tr\/index.php\/urun\/zumrut-ayna\/","title":{"rendered":"Z\u00fcmr\u00fct Ayna"},"content":{"rendered":"<p>Bu kitapta bilimin \u0131\u015f\u0131\u011f\u0131; antik \u00e7a\u011f d\u00fc\u015f\u00fcn\u00fcrlerinden Frans\u0131z \u0130htilali\u2019ne, evrim kuram\u0131ndan C-47 u\u00e7aklar\u0131na, Y\u00d6K\u2019ten Anadolu-Avrupa ili\u015fkilerine kadar hayat\u0131 \u2013neredeyse b\u00fct\u00fcn\u00fcyle\u2013 kapsayan bir alana; III. Selim\u2019den Mustafa Kemal\u2019e, Hasan \u00c2li Y\u00fccel\u2019den \u00d6mer Hayyam\u2019a, II. Mahmut\u2019tan Cahit Arf\u2019a, Kropotkin\u2019den S\u0131rr\u0131 Erin\u00e7\u2019e, hatta \u201cco\u011frafyan\u0131n m\u00fczisyeni\u201d Bar\u0131\u015f Man\u00e7o\u2019ya kadar bilim, sanat, k\u00fclt\u00fcr ve siyaset alan\u0131nda var olmu\u015f bir\u00e7ok \u00f6nemli ad\u0131n \u00fczerine d\u00fc\u015f\u00fcyor.  Bilimin \u0131\u015f\u0131\u011f\u0131, hayat\u0131 ve tarihi bilimsel d\u00fc\u015f\u00fcnce y\u00f6ntemi ve ele\u015ftirel ak\u0131lla ayd\u0131nlat\u0131yor. ABD Ulusal Bilimler Akademisi yabanc\u0131 \u00fcyeli\u011fine se\u00e7ilen ilk T\u00fcrk bilim insan\u0131 ve Academia Europaea\u2019ya se\u00e7ilen ilk T\u00fcrk \u00fcye olan, Londra Jeololji Cemiyeti Ba\u015fkanl\u0131k \u00f6d\u00fcl\u00fc sahibi, Rusya Do\u011fa Bilimleri Akademisi \u00fcyesi A. M. Cel\u00e2l \u015eeng\u00f6r\u2019\u00fcn bu kitab\u0131 bilimin k\u0131lavuzlu\u011funda \u201cd\u00fc\u015f\u00fcnen deneme\u201d tad\u0131n\u0131 ta\u015f\u0131yor.<\/p>\n","protected":false},"excerpt":{"rendered":"<p>Bu kitapta bilimin \u0131\u015f\u0131\u011f\u0131; antik \u00e7a\u011f d\u00fc\u015f\u00fcn\u00fcrlerinden Frans\u0131z \u0130htilali\u2019ne, evrim kuram\u0131ndan C-47 u\u00e7aklar\u0131na, Y\u00d6K\u2019ten Anadolu-Avrupa ili\u015fkilerine kadar hayat\u0131 \u2013neredeyse b\u00fct\u00fcn\u00fcyle\u2013 kapsayan bir alana; III. Selim\u2019den Mustafa<span class=\"excerpt-hellip\"> [\u2026]<\/span><\/p>\n","protected":false},"featured_media":0,"template":"","meta":{"_monsterinsights_skip_tracking":false,"_monsterinsights_sitenote_active":false,"_monsterinsights_sitenote_note":"","_monsterinsights_sitenote_category":0},"product_brand":[],"product_cat":[12777,12291],"product_tag":[],"class_list":{"0":"post-713404","1":"product","2":"type-product","3":"status-publish","5":"product_cat-deneme","6":"product_cat-edebiyat","7":"pa_cilt-ciltsiz","8":"pa_tur-kitap","9":"pa_yayinevi-inkilap-kitabevi","10":"pa_yazar-ali-mehmet-celal-sengor","12":"first","13":"instock","14":"sale","15":"shipping-taxable","16":"purchasable","17":"product-type-simple"},"_links":{"self":[{"href":"https:\/\/roveyayinevi.com.tr\/index.php\/wp-json\/wp\/v2\/product\/713404","targetHints":{"allow":["GET"]}}],"collection":[{"href":"https:\/\/roveyayinevi.com.tr\/index.php\/wp-json\/wp\/v2\/product"}],"about":[{"href":"https:\/\/roveyayinevi.com.tr\/index.php\/wp-json\/wp\/v2\/types\/product"}],"wp:attachment":[{"href":"https:\/\/roveyayinevi.com.tr\/index.php\/wp-json\/wp\/v2\/media?parent=713404"}],"wp:term":[{"taxonomy":"product_brand","embeddable":true,"href":"https:\/\/roveyayinevi.com.tr\/index.php\/wp-json\/wp\/v2\/product_brand?post=713404"},{"taxonomy":"product_cat","embeddable":true,"href":"https:\/\/roveyayinevi.com.tr\/index.php\/wp-json\/wp\/v2\/product_cat?post=713404"},{"taxonomy":"product_tag","embeddable":true,"href":"https:\/\/roveyayinevi.com.tr\/index.php\/wp-json\/wp\/v2\/product_tag?post=713404"}],"curies":[{"name":"wp","href":"https:\/\/api.w.org\/{rel}","templated":true}]}}