{"id":713403,"date":"2025-08-27T17:07:07","date_gmt":"2025-08-27T14:07:07","guid":{"rendered":"https:\/\/roveyayinevi.com.tr\/index.php\/urun\/cikonun-secimi\/"},"modified":"2026-04-16T02:21:49","modified_gmt":"2026-04-15T23:21:49","slug":"cikonun-secimi","status":"publish","type":"product","link":"https:\/\/roveyayinevi.com.tr\/index.php\/urun\/cikonun-secimi\/","title":{"rendered":"\u00c7iko&#8217;nun Se\u00e7imi"},"content":{"rendered":"<p>Sevildi\u011fimiz her yer yuvad\u0131r bize.Ayasofya Konu\u015ftu ve S\u0131rlar Yolu adl\u0131 \u00e7ocuk romanlar\u0131yla sevilen F\u00fcsun \u00c7etinel, bu kez s\u0131ms\u0131cak bir arkada\u015fl\u0131k hik\u00e2yesi anlat\u0131yor. \u0130lkgen\u00e7li\u011fe ad\u0131m atmaya haz\u0131rlanan iki \u00e7ocu\u011fun hayallerini ustal\u0131kla i\u015fleyen roman, hayvan haklar\u0131, hayvan sirklerinin ac\u0131mas\u0131zl\u0131\u011f\u0131 ve se\u00e7im yapmak \u00fczerine d\u00fc\u015f\u00fcnd\u00fcr\u00fcyor. \u0130ll\u00fcstrat\u00f6r Maria Brzozowska&#8217;n\u0131n siyah-beyaz desenleriyle boyutlanan kitap, \u00e7ocuklar\u0131n duygu d\u00fcnyas\u0131n\u0131 incelikle yans\u0131tan ayr\u0131nt\u0131lar\u0131yla keyifli bir okuma deneyimi sunuyor.Seren&#8217;in babas\u0131 uzun yol gemi kaptan\u0131d\u0131r. Seferden her d\u00f6n\u00fc\u015f\u00fcnde, gemici \u00e7antas\u0131ndan t\u00fcrl\u00fc t\u00fcrl\u00fc hediyeler \u00e7\u0131kar. Bu kez \u0130talya&#8217;dan, simsiyah t\u00fcyl\u00fc, yerinde duramayan bir k\u00f6pekle \u00e7\u0131kagelmi\u015ftir. Sevimli k\u00f6pe\u011fin ad\u0131n\u0131 \u00c7iko koyarlar. B\u00fcy\u00fcy\u00fcnce sirkte \u00e7al\u0131\u015fmak isteyen Seren, do\u011fum g\u00fcn\u00fcnde, yak\u0131n arkada\u015f\u0131 Cemo&#8217;yla sirke gitme f\u0131rsat\u0131 yakalar. Seren&#8217;in akrobat san\u0131lmas\u0131 yetmezmi\u015f gibi, \u00c7iko&#8217;yla ilgili bir s\u00fcrpriz de onlar\u0131 beklemektedir&#8230; <\/p>\n","protected":false},"excerpt":{"rendered":"<p>Sevildi\u011fimiz her yer yuvad\u0131r bize.Ayasofya Konu\u015ftu ve S\u0131rlar Yolu adl\u0131 \u00e7ocuk romanlar\u0131yla sevilen F\u00fcsun \u00c7etinel, bu kez s\u0131ms\u0131cak bir arkada\u015fl\u0131k hik\u00e2yesi anlat\u0131yor. \u0130lkgen\u00e7li\u011fe ad\u0131m atmaya haz\u0131rlanan<span class=\"excerpt-hellip\"> [\u2026]<\/span><\/p>\n","protected":false},"featured_media":0,"template":"","meta":{"_monsterinsights_skip_tracking":false,"_monsterinsights_sitenote_active":false,"_monsterinsights_sitenote_note":"","_monsterinsights_sitenote_category":0},"product_brand":[],"product_cat":[12274,12284],"product_tag":[],"class_list":{"0":"post-713403","1":"product","2":"type-product","3":"status-publish","5":"product_cat-cocuk-ve-genclik-kitaplari","6":"product_cat-hikayeler","7":"pa_cilt-ciltsiz","8":"pa_tur-kitap","9":"pa_yayinevi-gunisigi-kitapligi","10":"pa_yazar-fusun-cetinel","12":"first","13":"instock","14":"sale","15":"shipping-taxable","16":"purchasable","17":"product-type-simple"},"_links":{"self":[{"href":"https:\/\/roveyayinevi.com.tr\/index.php\/wp-json\/wp\/v2\/product\/713403","targetHints":{"allow":["GET"]}}],"collection":[{"href":"https:\/\/roveyayinevi.com.tr\/index.php\/wp-json\/wp\/v2\/product"}],"about":[{"href":"https:\/\/roveyayinevi.com.tr\/index.php\/wp-json\/wp\/v2\/types\/product"}],"wp:attachment":[{"href":"https:\/\/roveyayinevi.com.tr\/index.php\/wp-json\/wp\/v2\/media?parent=713403"}],"wp:term":[{"taxonomy":"product_brand","embeddable":true,"href":"https:\/\/roveyayinevi.com.tr\/index.php\/wp-json\/wp\/v2\/product_brand?post=713403"},{"taxonomy":"product_cat","embeddable":true,"href":"https:\/\/roveyayinevi.com.tr\/index.php\/wp-json\/wp\/v2\/product_cat?post=713403"},{"taxonomy":"product_tag","embeddable":true,"href":"https:\/\/roveyayinevi.com.tr\/index.php\/wp-json\/wp\/v2\/product_tag?post=713403"}],"curies":[{"name":"wp","href":"https:\/\/api.w.org\/{rel}","templated":true}]}}