{"id":713402,"date":"2025-08-27T17:07:07","date_gmt":"2025-08-27T14:07:07","guid":{"rendered":"https:\/\/roveyayinevi.com.tr\/index.php\/urun\/dahi-diktator\/"},"modified":"2026-04-16T02:21:48","modified_gmt":"2026-04-15T23:21:48","slug":"dahi-diktator","status":"publish","type":"product","link":"https:\/\/roveyayinevi.com.tr\/index.php\/urun\/dahi-diktator\/","title":{"rendered":"Dahi Diktat\u00f6r"},"content":{"rendered":"<p>Atat\u00fcrk h\u00e2l\u00e2 \u00f6nemli mi bizim i\u00e7in? \u00c7ok \u00f6nemli. Peki, ak\u0131l bizim i\u00e7in \u00f6nemli mi, akl\u0131m\u0131z\u0131 kullanmak zorunda m\u0131y\u0131z? Buna verilecek cevaptan, Atat\u00fcrk\u2019\u00fcn bug\u00fcn bizimle ilgili olup olmad\u0131\u011f\u0131, onun ad\u0131n\u0131 hat\u0131rlay\u0131p hat\u0131rlamam\u0131z, onun yapt\u0131klar\u0131ndan ders al\u0131p almamam\u0131z gerekti\u011fi ortaya \u00e7\u0131kacakt\u0131r. Atat\u00fcrk bize akl\u0131n neler yapabilece\u011fini g\u00f6stermi\u015ftir. Bunun m\u00fcmk\u00fcn oldu\u011funu g\u00f6stermi\u015f; ama, \u201cBen b\u00f6yle diyorum, b\u00f6yle yap\u0131n,\u201d dememi\u015ftir. Bilakis, \u201cBen hi\u00e7bir \u015fey s\u00f6ylemiyorum, sadece akl\u0131n\u0131z\u0131 rehber edinin,\u201d demi\u015ftir. Yapt\u0131\u011f\u0131 b\u00fct\u00fcn ink\u0131l\u00e2plar\u0131n gayesi de akl\u0131n rehberli\u011finde T\u00fcrkiye Cumhuriyeti halk\u0131n\u0131 tamamen \u00e7a\u011fa uygun, b\u00fct\u00fcn mana ve bi\u00e7imiyle uygar bir toplum haline d\u00f6n\u00fc\u015ft\u00fcrmektir.  Atat\u00fcrk bir diktat\u00f6r m\u00fc, de\u011fil mi? Son y\u0131llarda yaz\u0131lm\u0131\u015f en iddial\u0131 Atat\u00fcrk kitab\u0131 olmaya aday bu eserde bu ve daha bir\u00e7ok sorunun cevab\u0131n\u0131 bulacaks\u0131n\u0131z. <\/p>\n","protected":false},"excerpt":{"rendered":"<p>Atat\u00fcrk h\u00e2l\u00e2 \u00f6nemli mi bizim i\u00e7in? \u00c7ok \u00f6nemli. Peki, ak\u0131l bizim i\u00e7in \u00f6nemli mi, akl\u0131m\u0131z\u0131 kullanmak zorunda m\u0131y\u0131z? Buna verilecek cevaptan, Atat\u00fcrk\u2019\u00fcn bug\u00fcn bizimle ilgili olup<span class=\"excerpt-hellip\"> [\u2026]<\/span><\/p>\n","protected":false},"featured_media":0,"template":"","meta":{"_monsterinsights_skip_tracking":false,"_monsterinsights_sitenote_active":false,"_monsterinsights_sitenote_note":"","_monsterinsights_sitenote_category":0},"product_brand":[],"product_cat":[12530,12304],"product_tag":[],"class_list":{"0":"post-713402","1":"product","2":"type-product","3":"status-publish","5":"product_cat-mustafa-kemal-ataturk","6":"product_cat-tarih","7":"pa_cilt-ciltsiz","8":"pa_tur-kitap","9":"pa_yayinevi-inkilap-kitabevi","10":"pa_yazar-ali-mehmet-celal-sengor","12":"first","13":"instock","14":"sale","15":"shipping-taxable","16":"purchasable","17":"product-type-simple"},"_links":{"self":[{"href":"https:\/\/roveyayinevi.com.tr\/index.php\/wp-json\/wp\/v2\/product\/713402","targetHints":{"allow":["GET"]}}],"collection":[{"href":"https:\/\/roveyayinevi.com.tr\/index.php\/wp-json\/wp\/v2\/product"}],"about":[{"href":"https:\/\/roveyayinevi.com.tr\/index.php\/wp-json\/wp\/v2\/types\/product"}],"wp:attachment":[{"href":"https:\/\/roveyayinevi.com.tr\/index.php\/wp-json\/wp\/v2\/media?parent=713402"}],"wp:term":[{"taxonomy":"product_brand","embeddable":true,"href":"https:\/\/roveyayinevi.com.tr\/index.php\/wp-json\/wp\/v2\/product_brand?post=713402"},{"taxonomy":"product_cat","embeddable":true,"href":"https:\/\/roveyayinevi.com.tr\/index.php\/wp-json\/wp\/v2\/product_cat?post=713402"},{"taxonomy":"product_tag","embeddable":true,"href":"https:\/\/roveyayinevi.com.tr\/index.php\/wp-json\/wp\/v2\/product_tag?post=713402"}],"curies":[{"name":"wp","href":"https:\/\/api.w.org\/{rel}","templated":true}]}}