{"id":713400,"date":"2025-08-27T17:07:05","date_gmt":"2025-08-27T14:07:05","guid":{"rendered":"https:\/\/roveyayinevi.com.tr\/index.php\/urun\/bir-toplum-nasil-intihar-eder\/"},"modified":"2026-04-16T02:21:48","modified_gmt":"2026-04-15T23:21:48","slug":"bir-toplum-nasil-intihar-eder","status":"publish","type":"product","link":"https:\/\/roveyayinevi.com.tr\/index.php\/urun\/bir-toplum-nasil-intihar-eder\/","title":{"rendered":"Bir Toplum Nas\u0131l \u0130ntihar Eder?"},"content":{"rendered":"<p>T\u00fcrkiye bir bilim \u00fclkesi de\u011fildir. \u00dcretti\u011fi bilim de birka\u00e7 ki\u015fisel istisna d\u0131\u015f\u0131nda d\u00fcnya \u00f6l\u00e7e\u011finde tamamen ihmal edilebilir d\u00fczeydedir. T\u00fcrkiye\u2019nin bu bilim fakirli\u011fi, sanayisine ve ticaretine de yans\u0131m\u0131\u015ft\u0131r. \u00d6zg\u00fcn hemen hi\u00e7bir sanayi \u00fcr\u00fcn\u00fc olmayan T\u00fcrkiye; ticarette de, tar\u0131mda da gariban olup; \u00f6rne\u011fin yaz\u0131l\u0131m olu\u015fturmak gibi ak\u0131l ve bilgiden ba\u015fka hi\u00e7bir sermaye istemeyen, son derece kolay ve getirisi b\u00fcy\u00fck bir i\u015fi dahi yapamamaktad\u0131r. T\u00fcrkiye\u2019de (askerlik hari\u00e7) hemen hi\u00e7bir konuda bir ehil insanlar s\u0131n\u0131f\u0131 yoktur.  Bu korkun\u00e7 cehalet denizini yaratanlar\u0131n aras\u0131nda ya\u015famaya nas\u0131l devam edebilece\u011fiz? Atat\u00fcrk T\u00fcrkiyesi \u00e7oktan tarih olmu\u015f, 1950\u2019den beri k\u0131rsal k\u00f6kenli z\u0131r cahil politikac\u0131lar elinde Osmanl\u0131 t\u00fcm deh\u015fetiyle hortlam\u0131\u015ft\u0131r. Ancak eskisinden \u00e7ok daha h\u0131zl\u0131 geli\u015fen d\u00fcnyada yeni Osmanl\u0131 Cumhuriyeti, Osmanl\u0131 \u0130mparatorlu\u011fu kadar ya\u015famayacakt\u0131r. Akl\u0131m\u0131z\u0131 ba\u015f\u0131m\u0131za al\u0131p, d\u00fcnyay\u0131 y\u00f6neten bilgiyi edinip onu \u00fcretmeyi \u00f6\u011frenemezsek, bizlerin nesli bu yeni Osmanl\u0131 garibesinin par\u00e7alanarak tarih oldu\u011funu ve \u00d6n Asya\u2019daki T\u00fcrk varl\u0131\u011f\u0131n\u0131n silindi\u011fini g\u00f6recektir.  T\u00fcrkiye sonu pek feci bitebilecek olan bu cehalet temelli politikalar\u0131ndan derhal vazge\u00e7erek akl\u0131n\u0131 ba\u015f\u0131na almal\u0131d\u0131r. <\/p>\n","protected":false},"excerpt":{"rendered":"<p>T\u00fcrkiye bir bilim \u00fclkesi de\u011fildir. \u00dcretti\u011fi bilim de birka\u00e7 ki\u015fisel istisna d\u0131\u015f\u0131nda d\u00fcnya \u00f6l\u00e7e\u011finde tamamen ihmal edilebilir d\u00fczeydedir. T\u00fcrkiye\u2019nin bu bilim fakirli\u011fi, sanayisine ve ticaretine de<span class=\"excerpt-hellip\"> [\u2026]<\/span><\/p>\n","protected":false},"featured_media":0,"template":"","meta":{"_monsterinsights_skip_tracking":false,"_monsterinsights_sitenote_active":false,"_monsterinsights_sitenote_note":"","_monsterinsights_sitenote_category":0},"product_brand":[],"product_cat":[13590,12337],"product_tag":[],"class_list":{"0":"post-713400","1":"product","2":"type-product","3":"status-publish","5":"product_cat-arastirma-inceleme-politika-siyaset","6":"product_cat-politika-siyaset","7":"pa_cilt-ciltsiz","8":"pa_tur-kitap","9":"pa_yayinevi-inkilap-kitabevi","10":"pa_yazar-ali-mehmet-celal-sengor","12":"first","13":"instock","14":"sale","15":"shipping-taxable","16":"purchasable","17":"product-type-simple"},"_links":{"self":[{"href":"https:\/\/roveyayinevi.com.tr\/index.php\/wp-json\/wp\/v2\/product\/713400","targetHints":{"allow":["GET"]}}],"collection":[{"href":"https:\/\/roveyayinevi.com.tr\/index.php\/wp-json\/wp\/v2\/product"}],"about":[{"href":"https:\/\/roveyayinevi.com.tr\/index.php\/wp-json\/wp\/v2\/types\/product"}],"wp:attachment":[{"href":"https:\/\/roveyayinevi.com.tr\/index.php\/wp-json\/wp\/v2\/media?parent=713400"}],"wp:term":[{"taxonomy":"product_brand","embeddable":true,"href":"https:\/\/roveyayinevi.com.tr\/index.php\/wp-json\/wp\/v2\/product_brand?post=713400"},{"taxonomy":"product_cat","embeddable":true,"href":"https:\/\/roveyayinevi.com.tr\/index.php\/wp-json\/wp\/v2\/product_cat?post=713400"},{"taxonomy":"product_tag","embeddable":true,"href":"https:\/\/roveyayinevi.com.tr\/index.php\/wp-json\/wp\/v2\/product_tag?post=713400"}],"curies":[{"name":"wp","href":"https:\/\/api.w.org\/{rel}","templated":true}]}}