{"id":713399,"date":"2025-08-27T17:07:05","date_gmt":"2025-08-27T14:07:05","guid":{"rendered":"https:\/\/roveyayinevi.com.tr\/index.php\/urun\/aptali-tanimak\/"},"modified":"2026-04-16T02:21:48","modified_gmt":"2026-04-15T23:21:48","slug":"aptali-tanimak","status":"publish","type":"product","link":"https:\/\/roveyayinevi.com.tr\/index.php\/urun\/aptali-tanimak\/","title":{"rendered":"Aptal\u0131 Tan\u0131mak"},"content":{"rendered":"<p>\u015eu anda T\u00fcrkiye\u2019ye egemen olan cehalet y\u00f6netimi, toplum olma bilincimizde b\u00fcy\u00fck yaralar a\u00e7m\u0131\u015ft\u0131r ve a\u00e7maya da devam etmektedir. \u00d6ncelikle, toplumun bir grup olarak rasyonel d\u00fc\u015f\u00fcnme yetene\u011fini silip s\u00fcp\u00fcren yobazl\u0131k ve d\u00fc\u015f\u00fcnceye de\u011fil korkuya dayanan cemaat ya\u015fam\u0131n\u0131n hortlat\u0131lmas\u0131, toplumsal dokumuzu derinden yaralam\u0131\u015ft\u0131r. Buna ilaveten e\u011fitimimizde yarat\u0131lan karga\u015fa ve kalitesizlik, bir toplum olarak bilgi edinme ve de\u011ferlendirme yetimizi ortadan kald\u0131rmak \u00fczeredir. T\u00fcm bunlar\u0131 yapanlar\u0131n ele\u015ftirilmesine, toplumda ger\u00e7e\u011fi aramak i\u00e7in olu\u015fturulabilecek bir serbest d\u00fc\u015f\u00fcnce ve tart\u0131\u015fma ortam\u0131n\u0131n olu\u015fturulmas\u0131na imk\u00e2n verecek bas\u0131n \u00f6zg\u00fcrl\u00fc\u011f\u00fcn\u00fcn alenen, f\u00fctursuzca tehdit edilmesi ve buna toplumdan en ufak bir reaksiyon gelmemesi ortaya konan y\u0131k\u0131m projesinin toplumca alg\u0131lanamamas\u0131na ve dolay\u0131s\u0131yla bertaraf edilememesine neden olmaktad\u0131r. Bahsetti\u011fim y\u0131k\u0131m projesi, bir grup k\u00f6t\u00fc niyetli insan\u0131n T\u00fcrkiye\u2019yi ortadan kald\u0131rma projesi olarak alg\u0131lanmamal\u0131d\u0131r. Ku\u015fkusuz, i\u00e7imizde bu y\u0131k\u0131m projesini y\u00f6netenleri d\u0131\u015far\u0131dan destekleyenlerin b\u00f6yle bir ama\u00e7lar\u0131 olabilir ve muhtemelen vard\u0131r da. Ancak bu projeyi i\u00e7imizde (ve ba\u015f\u0131m\u0131zda) bulunarak y\u00fcr\u00fcten ve destekleyenlerin yapt\u0131klar\u0131n\u0131n tamamen fark\u0131nda olduklar\u0131n\u0131 sanm\u0131yorum. Ortaya \u00e7\u0131kan ve benim k\u0131saca \u201cproje\u201d diye betimledi\u011fim olgu asl\u0131nda yaln\u0131zca cehalet ve aptall\u0131\u011f\u0131n ortaya \u00e7\u0131kard\u0131\u011f\u0131 bir s\u00fcre\u00e7tir. Tarih boyunca cehaletin ve aptall\u0131\u011f\u0131n eline ge\u00e7en toplumlar\u0131n kaderleri hep bizimki gibi olmu\u015ftur. Zira cahil, \u00e7evresiyle temasa ge\u00e7emedi\u011fi gibi bizzat kendisi hakk\u0131ndaki bilgileri de de\u011ferlendiremez. Aptal ise bu veriler kendisine sunulsa bile bunlarla ne yapaca\u011f\u0131n\u0131 d\u00fc\u015f\u00fcnemez. Cahil ve aptal her t\u00fcrl\u00fc ele\u015ftiriden korkar; zira belledi\u011fi yolun d\u0131\u015f\u0131nda bir yolun varl\u0131\u011f\u0131n\u0131 bilmez, olabilece\u011fini d\u00fc\u015f\u00fcnemez ve kendisine g\u00f6sterilse bile de\u011ferlendiremez. Bu durumda yapabilece\u011fi tek \u015fey, bug\u00fcn T\u00fcrkiye\u2019de oldu\u011fu gibi, toplumsal ter\u00f6r, yani korku yaratmaktan ibaret olur. \ufffc<\/p>\n","protected":false},"excerpt":{"rendered":"<p>\u015eu anda T\u00fcrkiye\u2019ye egemen olan cehalet y\u00f6netimi, toplum olma bilincimizde b\u00fcy\u00fck yaralar a\u00e7m\u0131\u015ft\u0131r ve a\u00e7maya da devam etmektedir. \u00d6ncelikle, toplumun bir grup olarak rasyonel d\u00fc\u015f\u00fcnme yetene\u011fini<span class=\"excerpt-hellip\"> [\u2026]<\/span><\/p>\n","protected":false},"featured_media":0,"template":"","meta":{"_monsterinsights_skip_tracking":false,"_monsterinsights_sitenote_active":false,"_monsterinsights_sitenote_note":"","_monsterinsights_sitenote_category":0},"product_brand":[],"product_cat":[13590,12337],"product_tag":[],"class_list":{"0":"post-713399","1":"product","2":"type-product","3":"status-publish","5":"product_cat-arastirma-inceleme-politika-siyaset","6":"product_cat-politika-siyaset","7":"pa_cilt-ciltsiz","8":"pa_tur-kitap","9":"pa_yayinevi-inkilap-kitabevi","10":"pa_yazar-ali-mehmet-celal-sengor","12":"first","13":"instock","14":"sale","15":"shipping-taxable","16":"purchasable","17":"product-type-simple"},"_links":{"self":[{"href":"https:\/\/roveyayinevi.com.tr\/index.php\/wp-json\/wp\/v2\/product\/713399","targetHints":{"allow":["GET"]}}],"collection":[{"href":"https:\/\/roveyayinevi.com.tr\/index.php\/wp-json\/wp\/v2\/product"}],"about":[{"href":"https:\/\/roveyayinevi.com.tr\/index.php\/wp-json\/wp\/v2\/types\/product"}],"wp:attachment":[{"href":"https:\/\/roveyayinevi.com.tr\/index.php\/wp-json\/wp\/v2\/media?parent=713399"}],"wp:term":[{"taxonomy":"product_brand","embeddable":true,"href":"https:\/\/roveyayinevi.com.tr\/index.php\/wp-json\/wp\/v2\/product_brand?post=713399"},{"taxonomy":"product_cat","embeddable":true,"href":"https:\/\/roveyayinevi.com.tr\/index.php\/wp-json\/wp\/v2\/product_cat?post=713399"},{"taxonomy":"product_tag","embeddable":true,"href":"https:\/\/roveyayinevi.com.tr\/index.php\/wp-json\/wp\/v2\/product_tag?post=713399"}],"curies":[{"name":"wp","href":"https:\/\/api.w.org\/{rel}","templated":true}]}}