{"id":713398,"date":"2025-08-27T17:07:04","date_gmt":"2025-08-27T14:07:04","guid":{"rendered":"https:\/\/roveyayinevi.com.tr\/index.php\/urun\/kelebek-3-koza\/"},"modified":"2026-04-16T02:21:48","modified_gmt":"2026-04-15T23:21:48","slug":"kelebek-3-koza","status":"publish","type":"product","link":"https:\/\/roveyayinevi.com.tr\/index.php\/urun\/kelebek-3-koza\/","title":{"rendered":"Kelebek 3 &#8211; Koza"},"content":{"rendered":"<p>Y\u0131k\u0131m\u0131n ba\u015flang\u0131c\u0131nda, yok olu\u015fa s\u00fcr\u00fcklenen bir d\u00fcnya\u2026 Ge\u00e7 kal\u0131nm\u0131\u015f bir isyan\u2026 Dost ve d\u00fc\u015fman birbirine kar\u0131\u015f\u0131rken b\u00fct\u00fcn bunlar\u0131n ortas\u0131nda kalm\u0131\u015f bir avu\u00e7 gen\u00e7 insan\u2026 Kelebek Serisi\u2019nin \u00fc\u00e7\u00fcnc\u00fc kitab\u0131 olan Koza\u2019da, bu kez hi\u00e7bir \u015feyin geri d\u00f6n\u00fc\u015f\u00fc yok. Hayatta kalmak i\u00e7in ise tek bir \u00e7\u00f6z\u00fcm yolu var: Sava\u015fmak. &#8220;Kim oldu\u011funu senden iyi bilebilecek kimse yoktu. Sen de kim oldu\u011funu bilmiyorsan, aynalarla y\u00fczle\u015fmeliydin. \u00c7\u00fcnk\u00fc en \u00e7ok kendi mahkemesinden korkar insan.\u201d Bu sava\u015f\u0131 kazanmak istiyorlarsa ba\u015fka bir \u015feye d\u00f6n\u00fc\u015fmeliler. Kelebek kozas\u0131ndan \u00e7\u0131k\u0131yor. Olimposlular insanl\u0131\u011fa ac\u0131 \u00e7ektirirken Jane, \u0130nci, Hector, Siri, Tom, Olenka, Leonard, Frederick, Ted\u2026 Hepsi en b\u00fcy\u00fck s\u0131navlar\u0131n\u0131 verecekler. Olimpos\u2019un \u015fanl\u0131 tanr\u0131lar\u0131na, ak\u0131llar\u0131, dostluklar\u0131, ke\u015ffedecekleri yeni g\u00fc\u00e7ler ve sevgileriyle kar\u015f\u0131 \u00e7\u0131kacaklar. Bu sava\u015f\u0131 kazanmal\u0131lar. Yoksa ger\u00e7ekle\u015fecek k\u0131yamet, kurtaracaklar\u0131 bir d\u00fcnya b\u0131rakmayacak arkas\u0131nda. <\/p>\n","protected":false},"excerpt":{"rendered":"<p>Y\u0131k\u0131m\u0131n ba\u015flang\u0131c\u0131nda, yok olu\u015fa s\u00fcr\u00fcklenen bir d\u00fcnya\u2026 Ge\u00e7 kal\u0131nm\u0131\u015f bir isyan\u2026 Dost ve d\u00fc\u015fman birbirine kar\u0131\u015f\u0131rken b\u00fct\u00fcn bunlar\u0131n ortas\u0131nda kalm\u0131\u015f bir avu\u00e7 gen\u00e7 insan\u2026 Kelebek Serisi\u2019nin<span class=\"excerpt-hellip\"> [\u2026]<\/span><\/p>\n","protected":false},"featured_media":0,"template":"","meta":{"_monsterinsights_skip_tracking":false,"_monsterinsights_sitenote_active":false,"_monsterinsights_sitenote_note":"","_monsterinsights_sitenote_category":0},"product_brand":[],"product_cat":[12291,12711],"product_tag":[],"class_list":{"0":"post-713398","1":"product","2":"type-product","3":"status-publish","5":"product_cat-edebiyat","6":"product_cat-roman-oyku","7":"pa_cilt-ciltsiz","8":"pa_tur-kitap","9":"pa_yayinevi-epsilon-yayinlari","10":"pa_yazar-gizem-gunyer-irem-gunyer","12":"first","13":"instock","14":"sale","15":"shipping-taxable","16":"purchasable","17":"product-type-simple"},"_links":{"self":[{"href":"https:\/\/roveyayinevi.com.tr\/index.php\/wp-json\/wp\/v2\/product\/713398","targetHints":{"allow":["GET"]}}],"collection":[{"href":"https:\/\/roveyayinevi.com.tr\/index.php\/wp-json\/wp\/v2\/product"}],"about":[{"href":"https:\/\/roveyayinevi.com.tr\/index.php\/wp-json\/wp\/v2\/types\/product"}],"wp:attachment":[{"href":"https:\/\/roveyayinevi.com.tr\/index.php\/wp-json\/wp\/v2\/media?parent=713398"}],"wp:term":[{"taxonomy":"product_brand","embeddable":true,"href":"https:\/\/roveyayinevi.com.tr\/index.php\/wp-json\/wp\/v2\/product_brand?post=713398"},{"taxonomy":"product_cat","embeddable":true,"href":"https:\/\/roveyayinevi.com.tr\/index.php\/wp-json\/wp\/v2\/product_cat?post=713398"},{"taxonomy":"product_tag","embeddable":true,"href":"https:\/\/roveyayinevi.com.tr\/index.php\/wp-json\/wp\/v2\/product_tag?post=713398"}],"curies":[{"name":"wp","href":"https:\/\/api.w.org\/{rel}","templated":true}]}}