{"id":713395,"date":"2025-08-27T17:07:02","date_gmt":"2025-08-27T14:07:02","guid":{"rendered":"https:\/\/roveyayinevi.com.tr\/index.php\/urun\/deve-boku-savaslari\/"},"modified":"2026-04-08T02:28:16","modified_gmt":"2026-04-07T23:28:16","slug":"deve-boku-savaslari","status":"publish","type":"product","link":"https:\/\/roveyayinevi.com.tr\/index.php\/urun\/deve-boku-savaslari\/","title":{"rendered":"Deve Boku Sava\u015flar\u0131"},"content":{"rendered":"<p>G\u00f6r\u00fcl\u00fcp bilindi\u011fi \u00fczere, develerin h\u00fck\u00fcm s\u00fcrd\u00fc\u011f\u00fc, bar\u0131\u015ftan uzak co\u011frafyalarda sava\u015flar y\u00fczy\u0131llard\u0131r ayn\u0131 canl\u0131l\u0131\u011f\u0131yla s\u00fcrmektedir. \u00c7\u00fcnk\u00fc \u00fcreyip \u00e7o\u011fald\u0131klar\u0131 o kutsal, o s\u0131cak \u00fclke topraklar\u0131nda hen\u00fcz develerin nesli tehlike alt\u0131nda de\u011fildir. Silah \u00fcretimi s\u00fcr\u00fcnce, t\u00fcketmenin gere\u011fi malum oldu\u011fu \u00fczere sava\u015ft\u0131r.  Bu ger\u00e7e\u011fi bilen yukar\u0131mahallelilerle, a\u015fa\u011f\u0131mahalleli \u00e7ocuklar, cephanenin kapan\u0131n elinde kald\u0131\u011f\u0131 o s\u0131cak a\u011fustos g\u00fcnlerinde develeri g\u00f6rd\u00fcler mi, yeni d\u00fc\u015fmanlar yarat\u0131p, sava\u015flar\u0131n\u0131 kald\u0131klar\u0131 yerden ayn\u0131 heyecan, ayn\u0131 h\u0131rsla s\u00fcrd\u00fcr\u00fcr, deneyimlerini gelece\u011fe aktar\u0131rlar. Kazanan\u0131n olmad\u0131\u011f\u0131, olmayaca\u011f\u0131, ac\u0131yla dolu, aptalca bir sava\u015f i\u00e7in bahanenin deve boku kadar \u00e7ok oldu\u011funu bilirler. A\u015fk? A\u015fk zaten ac\u0131\u2019d\u0131r, sava\u015f\u2019t\u0131r. Kazanan\u0131n olmad\u0131\u011f\u0131, yaral\u0131larla dolu bir sava\u015f. \u0130nci G\u00fcrb\u00fczatik Antakya\u2019da do\u011fdu. \u0130lk-orta ve lise \u00f6\u011frenimini Ankara\u2019da tamamlad\u0131ktan sonra, Dil  ve Tarih-Co\u011frafya Fak\u00fcltesi\u2019ne girdi, Tiyatro B\u00f6l\u00fcm\u00fc\u2019n\u00fc bitirdi.TRT Ankara Radyosu\u2019nda prod\u00fckt\u00f6r olarak g\u00f6reve ba\u015flad\u0131.1989 y\u0131l\u0131nda TRT Ankara Televizyon Drama Programlar\u0131 M\u00fcd\u00fcrl\u00fc\u011f\u00fc\u2019ne atand\u0131. \u00c7ok say\u0131da senaryo ve k\u0131sa dramalar yazd\u0131. \u00c7e\u015fitli programlar\u0131n yap\u0131m ve yay\u0131n\u0131n\u0131 ger\u00e7ekle\u015ftirdi. A\u011fustos 2002\u2019de emekliye ayr\u0131ld\u0131. Evli ve iki \u00e7ocuk annesi. <\/p>\n","protected":false},"excerpt":{"rendered":"<p>G\u00f6r\u00fcl\u00fcp bilindi\u011fi \u00fczere, develerin h\u00fck\u00fcm s\u00fcrd\u00fc\u011f\u00fc, bar\u0131\u015ftan uzak co\u011frafyalarda sava\u015flar y\u00fczy\u0131llard\u0131r ayn\u0131 canl\u0131l\u0131\u011f\u0131yla s\u00fcrmektedir. \u00c7\u00fcnk\u00fc \u00fcreyip \u00e7o\u011fald\u0131klar\u0131 o kutsal, o s\u0131cak \u00fclke topraklar\u0131nda hen\u00fcz develerin nesli<span class=\"excerpt-hellip\"> [\u2026]<\/span><\/p>\n","protected":false},"featured_media":0,"template":"","meta":{"_monsterinsights_skip_tracking":false,"_monsterinsights_sitenote_active":false,"_monsterinsights_sitenote_note":"","_monsterinsights_sitenote_category":0},"product_brand":[],"product_cat":[12291,12711],"product_tag":[],"class_list":{"0":"post-713395","1":"product","2":"type-product","3":"status-publish","5":"product_cat-edebiyat","6":"product_cat-roman-oyku","7":"pa_cilt-ciltsiz","8":"pa_tur-kitap","9":"pa_yayinevi-epsilon-yayinlari","10":"pa_yazar-inci-gurbuzatik","12":"first","13":"instock","14":"sale","15":"shipping-taxable","16":"purchasable","17":"product-type-simple"},"_links":{"self":[{"href":"https:\/\/roveyayinevi.com.tr\/index.php\/wp-json\/wp\/v2\/product\/713395","targetHints":{"allow":["GET"]}}],"collection":[{"href":"https:\/\/roveyayinevi.com.tr\/index.php\/wp-json\/wp\/v2\/product"}],"about":[{"href":"https:\/\/roveyayinevi.com.tr\/index.php\/wp-json\/wp\/v2\/types\/product"}],"wp:attachment":[{"href":"https:\/\/roveyayinevi.com.tr\/index.php\/wp-json\/wp\/v2\/media?parent=713395"}],"wp:term":[{"taxonomy":"product_brand","embeddable":true,"href":"https:\/\/roveyayinevi.com.tr\/index.php\/wp-json\/wp\/v2\/product_brand?post=713395"},{"taxonomy":"product_cat","embeddable":true,"href":"https:\/\/roveyayinevi.com.tr\/index.php\/wp-json\/wp\/v2\/product_cat?post=713395"},{"taxonomy":"product_tag","embeddable":true,"href":"https:\/\/roveyayinevi.com.tr\/index.php\/wp-json\/wp\/v2\/product_tag?post=713395"}],"curies":[{"name":"wp","href":"https:\/\/api.w.org\/{rel}","templated":true}]}}