{"id":713391,"date":"2025-08-27T17:07:00","date_gmt":"2025-08-27T14:07:00","guid":{"rendered":"https:\/\/roveyayinevi.com.tr\/index.php\/urun\/kucuk-astronomlar-2-semsiyeden-gokyuzu\/"},"modified":"2026-04-16T02:21:48","modified_gmt":"2026-04-15T23:21:48","slug":"kucuk-astronomlar-2-semsiyeden-gokyuzu","status":"publish","type":"product","link":"https:\/\/roveyayinevi.com.tr\/index.php\/urun\/kucuk-astronomlar-2-semsiyeden-gokyuzu\/","title":{"rendered":"K\u00fc\u00e7\u00fck Astronomlar 2: \u015eemsiyeden G\u00f6ky\u00fcz\u00fc"},"content":{"rendered":"<p>G\u00f6ky\u00fcz\u00fcn\u00fcn en g\u00fczel \u00fclkelerinde ya\u015fayan y\u0131ld\u0131zlar k\u00fcmesine davet ediyorum seni. Zincirli Prenses Andromeda\u2019y\u0131 koruyan Avc\u0131 Orion, Kanatl\u0131 At olarak g\u00f6ky\u00fcz\u00fcnde u\u00e7an Pegasus. Hepsini \u015femsiyenin alt\u0131nda toplamak istemez miydin? Sak\u0131n g\u00f6ky\u00fcz\u00fc \u015femsiyeni kapatma, a\u00e7\u0131k tut! Birazdan g\u00f6kta\u015f\u0131 ya\u011fmurlar\u0131 ba\u015flar\u2026 <\/p>\n","protected":false},"excerpt":{"rendered":"<p>G\u00f6ky\u00fcz\u00fcn\u00fcn en g\u00fczel \u00fclkelerinde ya\u015fayan y\u0131ld\u0131zlar k\u00fcmesine davet ediyorum seni. Zincirli Prenses Andromeda\u2019y\u0131 koruyan Avc\u0131 Orion, Kanatl\u0131 At olarak g\u00f6ky\u00fcz\u00fcnde u\u00e7an Pegasus. Hepsini \u015femsiyenin alt\u0131nda toplamak<span class=\"excerpt-hellip\"> [\u2026]<\/span><\/p>\n","protected":false},"featured_media":0,"template":"","meta":{"_monsterinsights_skip_tracking":false,"_monsterinsights_sitenote_active":false,"_monsterinsights_sitenote_note":"","_monsterinsights_sitenote_category":0},"product_brand":[],"product_cat":[12291,12711],"product_tag":[],"class_list":{"0":"post-713391","1":"product","2":"type-product","3":"status-publish","5":"product_cat-edebiyat","6":"product_cat-roman-oyku","7":"pa_cilt-ciltli","8":"pa_tur-kitap","9":"pa_yayinevi-epsilon-yayinlari","10":"pa_yazar-nurdan-bagriacik","12":"first","13":"instock","14":"sale","15":"shipping-taxable","16":"purchasable","17":"product-type-simple"},"_links":{"self":[{"href":"https:\/\/roveyayinevi.com.tr\/index.php\/wp-json\/wp\/v2\/product\/713391","targetHints":{"allow":["GET"]}}],"collection":[{"href":"https:\/\/roveyayinevi.com.tr\/index.php\/wp-json\/wp\/v2\/product"}],"about":[{"href":"https:\/\/roveyayinevi.com.tr\/index.php\/wp-json\/wp\/v2\/types\/product"}],"wp:attachment":[{"href":"https:\/\/roveyayinevi.com.tr\/index.php\/wp-json\/wp\/v2\/media?parent=713391"}],"wp:term":[{"taxonomy":"product_brand","embeddable":true,"href":"https:\/\/roveyayinevi.com.tr\/index.php\/wp-json\/wp\/v2\/product_brand?post=713391"},{"taxonomy":"product_cat","embeddable":true,"href":"https:\/\/roveyayinevi.com.tr\/index.php\/wp-json\/wp\/v2\/product_cat?post=713391"},{"taxonomy":"product_tag","embeddable":true,"href":"https:\/\/roveyayinevi.com.tr\/index.php\/wp-json\/wp\/v2\/product_tag?post=713391"}],"curies":[{"name":"wp","href":"https:\/\/api.w.org\/{rel}","templated":true}]}}