{"id":713390,"date":"2025-08-27T17:06:59","date_gmt":"2025-08-27T14:06:59","guid":{"rendered":"https:\/\/roveyayinevi.com.tr\/index.php\/urun\/kayip-tanrica-2-karanlik\/"},"modified":"2026-04-16T02:21:48","modified_gmt":"2026-04-15T23:21:48","slug":"kayip-tanrica-2-karanlik","status":"publish","type":"product","link":"https:\/\/roveyayinevi.com.tr\/index.php\/urun\/kayip-tanrica-2-karanlik\/","title":{"rendered":"Kay\u0131p Tanr\u0131\u00e7a 2 &#8211; Karanl\u0131k"},"content":{"rendered":"<p>Element \u00fclkesi Shat\u2019ta kendine ve ge\u00e7mi\u015fine dair b\u00fct\u00fcn s\u0131rlar\u0131 ke\u015ffeden Sarah, bu kez zorlu bir s\u00fcrecin i\u00e7ine girmi\u015ftir. Ge\u00e7mi\u015fi, sevdikleri ve kendisi i\u00e7in tehlikeyi g\u00f6ze al\u0131p olacaklar\u0131 durdurmak zorundad\u0131r. Peki bunu ba\u015farabilecek midir? \u201cSarah her ad\u0131m att\u0131\u011f\u0131nda, etrafta daha farkl\u0131 \u015feyler hissettim. Havada bir de\u011fi\u015fiklik, bir s\u0131cakl\u0131k ve suda bir farkl\u0131l\u0131k vard\u0131. Birka\u00e7 ad\u0131m sonra durdu ve ellerini havaya kald\u0131rd\u0131. Sadece \u015fatoda bir noktaya bak\u0131yordu. Kafam\u0131 kald\u0131rd\u0131m ve bakt\u0131\u011f\u0131 yere d\u00f6nd\u00fc\u011f\u00fcm anda Hartes\u2019in bizi izleyen g\u00f6zleriyle kar\u015f\u0131la\u015ft\u0131m.\u201d Element soylular\u0131n olay\u0131 buydu i\u015fte, hepsi inan\u0131lmaz g\u00fczel varl\u0131klard\u0131 \u00e7\u00fcnk\u00fc do\u011fan\u0131n \u00e7ocuklar\u0131yd\u0131 onlar. Biz b\u00fcy\u00fcc\u00fcler ise do\u011faya kar\u015f\u0131 geliyorduk. B\u00fcy\u00fcc\u00fcler do\u011fan\u0131n \u00fcvey evlatlar\u0131yd\u0131. <\/p>\n","protected":false},"excerpt":{"rendered":"<p>Element \u00fclkesi Shat\u2019ta kendine ve ge\u00e7mi\u015fine dair b\u00fct\u00fcn s\u0131rlar\u0131 ke\u015ffeden Sarah, bu kez zorlu bir s\u00fcrecin i\u00e7ine girmi\u015ftir. Ge\u00e7mi\u015fi, sevdikleri ve kendisi i\u00e7in tehlikeyi g\u00f6ze al\u0131p<span class=\"excerpt-hellip\"> [\u2026]<\/span><\/p>\n","protected":false},"featured_media":0,"template":"","meta":{"_monsterinsights_skip_tracking":false,"_monsterinsights_sitenote_active":false,"_monsterinsights_sitenote_note":"","_monsterinsights_sitenote_category":0},"product_brand":[],"product_cat":[12291,12711],"product_tag":[],"class_list":{"0":"post-713390","1":"product","2":"type-product","3":"status-publish","5":"product_cat-edebiyat","6":"product_cat-roman-oyku","7":"pa_cilt-ciltsiz","8":"pa_tur-kitap","9":"pa_yayinevi-epsilon-yayinlari","10":"pa_yazar-cansu-muyan","12":"first","13":"instock","14":"sale","15":"shipping-taxable","16":"purchasable","17":"product-type-simple"},"_links":{"self":[{"href":"https:\/\/roveyayinevi.com.tr\/index.php\/wp-json\/wp\/v2\/product\/713390","targetHints":{"allow":["GET"]}}],"collection":[{"href":"https:\/\/roveyayinevi.com.tr\/index.php\/wp-json\/wp\/v2\/product"}],"about":[{"href":"https:\/\/roveyayinevi.com.tr\/index.php\/wp-json\/wp\/v2\/types\/product"}],"wp:attachment":[{"href":"https:\/\/roveyayinevi.com.tr\/index.php\/wp-json\/wp\/v2\/media?parent=713390"}],"wp:term":[{"taxonomy":"product_brand","embeddable":true,"href":"https:\/\/roveyayinevi.com.tr\/index.php\/wp-json\/wp\/v2\/product_brand?post=713390"},{"taxonomy":"product_cat","embeddable":true,"href":"https:\/\/roveyayinevi.com.tr\/index.php\/wp-json\/wp\/v2\/product_cat?post=713390"},{"taxonomy":"product_tag","embeddable":true,"href":"https:\/\/roveyayinevi.com.tr\/index.php\/wp-json\/wp\/v2\/product_tag?post=713390"}],"curies":[{"name":"wp","href":"https:\/\/api.w.org\/{rel}","templated":true}]}}