{"id":713388,"date":"2025-08-27T17:06:58","date_gmt":"2025-08-27T14:06:58","guid":{"rendered":"https:\/\/roveyayinevi.com.tr\/index.php\/urun\/seraph-of-the-end-kiyamet-melegi-6\/"},"modified":"2026-04-13T02:27:10","modified_gmt":"2026-04-12T23:27:10","slug":"seraph-of-the-end-kiyamet-melegi-6","status":"publish","type":"product","link":"https:\/\/roveyayinevi.com.tr\/index.php\/urun\/seraph-of-the-end-kiyamet-melegi-6\/","title":{"rendered":"Seraph of the End &#8211; K\u0131yamet Mele\u011fi 6"},"content":{"rendered":"<p>Gizemli bir vir\u00fcs d\u00fcnyaya yay\u0131ld\u0131 ve 13 ya\u015f\u0131n \u00fczerindeki herkesin \u00f6l\u00fcm\u00fcne neden oldu. Vampirler karanl\u0131k k\u00f6\u015felerinden \u00e7\u0131kt\u0131lar ve hayatta kalan \u00e7ocuklar\u0131 yer alt\u0131n\u0131n karanl\u0131\u011f\u0131na mahk\u00fbm ettiler. Bu \u00e7ocuklardan biri olan Yui\u00e7iro vampirlerin elinden kurtulmay\u0131 ba\u015fard\u0131 ve Japon \u0130mparatorlu\u011fu\u2019nun vampirlerle sava\u015fan Ay \u015eeytanlar\u0131 B\u00f6l\u00fc\u011f\u00fcne kat\u0131ld\u0131. Tek istedi\u011fi intikam almakt\u0131 ve \u015fimdi en \u00f6n saflarda vampirlerle sava\u015f\u0131yor. \u0130nsanlar\u0131n vampirlere tamamen boyun e\u011fmesini engelleyen yeg\u00e2ne \u015fey g\u00f6sterdikleri mutlak direni\u015f ve tabii ki \u015eeytan B\u00fcy\u00fcs\u00fc Donan\u0131m\u0131na sahip ailahlar\u0131. Bu silahlardan en etkilisi ise Yui\u00e7iro\u2019da ve A\u015furamaru\u2019nun iblisinden daha fazla g\u00fc\u00e7 alabilmek i\u00e7in Yui\u00e7iro kendisini riske atmak zorunda kalabilir. Ancak \u00e7ok yak\u0131nda belki de b\u00fct\u00fcn bu \u00e7abalar bo\u015fa gidecek zira vampir krali\u00e7e, insan direni\u015fini tamamen ortadan kald\u0131rmak i\u00e7in yapt\u0131\u011f\u0131 planlar\u0131 hayata ge\u00e7irmek \u00fczere\u2026 <\/p>\n","protected":false},"excerpt":{"rendered":"<p>Gizemli bir vir\u00fcs d\u00fcnyaya yay\u0131ld\u0131 ve 13 ya\u015f\u0131n \u00fczerindeki herkesin \u00f6l\u00fcm\u00fcne neden oldu. Vampirler karanl\u0131k k\u00f6\u015felerinden \u00e7\u0131kt\u0131lar ve hayatta kalan \u00e7ocuklar\u0131 yer alt\u0131n\u0131n karanl\u0131\u011f\u0131na mahk\u00fbm ettiler.<span class=\"excerpt-hellip\"> [\u2026]<\/span><\/p>\n","protected":false},"featured_media":0,"template":"","meta":{"_monsterinsights_skip_tracking":false,"_monsterinsights_sitenote_active":false,"_monsterinsights_sitenote_note":"","_monsterinsights_sitenote_category":0},"product_brand":[],"product_cat":[12416,12291],"product_tag":[],"class_list":{"0":"post-713388","1":"product","2":"type-product","3":"status-publish","5":"product_cat-cizgi-roman","6":"product_cat-edebiyat","7":"pa_cilt-ciltsiz","8":"pa_tur-kitap","9":"pa_yayinevi-kurukafa","10":"pa_yazar-takaya-kagami","12":"first","13":"instock","14":"sale","15":"shipping-taxable","16":"purchasable","17":"product-type-simple"},"_links":{"self":[{"href":"https:\/\/roveyayinevi.com.tr\/index.php\/wp-json\/wp\/v2\/product\/713388","targetHints":{"allow":["GET"]}}],"collection":[{"href":"https:\/\/roveyayinevi.com.tr\/index.php\/wp-json\/wp\/v2\/product"}],"about":[{"href":"https:\/\/roveyayinevi.com.tr\/index.php\/wp-json\/wp\/v2\/types\/product"}],"wp:attachment":[{"href":"https:\/\/roveyayinevi.com.tr\/index.php\/wp-json\/wp\/v2\/media?parent=713388"}],"wp:term":[{"taxonomy":"product_brand","embeddable":true,"href":"https:\/\/roveyayinevi.com.tr\/index.php\/wp-json\/wp\/v2\/product_brand?post=713388"},{"taxonomy":"product_cat","embeddable":true,"href":"https:\/\/roveyayinevi.com.tr\/index.php\/wp-json\/wp\/v2\/product_cat?post=713388"},{"taxonomy":"product_tag","embeddable":true,"href":"https:\/\/roveyayinevi.com.tr\/index.php\/wp-json\/wp\/v2\/product_tag?post=713388"}],"curies":[{"name":"wp","href":"https:\/\/api.w.org\/{rel}","templated":true}]}}