{"id":713387,"date":"2025-08-27T17:06:57","date_gmt":"2025-08-27T14:06:57","guid":{"rendered":"https:\/\/roveyayinevi.com.tr\/index.php\/urun\/bektasilik-ve-edebiyat\/"},"modified":"2026-04-16T02:21:48","modified_gmt":"2026-04-15T23:21:48","slug":"bektasilik-ve-edebiyat","status":"publish","type":"product","link":"https:\/\/roveyayinevi.com.tr\/index.php\/urun\/bektasilik-ve-edebiyat\/","title":{"rendered":"Bekta\u015filik Ve Edebiyat"},"content":{"rendered":"<p>Besim Atalay, yapt\u0131\u011f\u0131 pek \u00e7ok \u00e7al\u0131\u015fma ile Cumhuriyet devri T\u00fcrkl\u00fck bilimine b\u00fcy\u00fck hizmetlerde bulunmu\u015f bir ara\u015ft\u0131rmac\u0131d\u0131r. Bir medreseli olarak ilk \u00e7al\u0131\u015fmalar\u0131n\u0131n din\u00ee konularda oldu\u011funu g\u00f6rd\u00fc\u011f\u00fcm\u00fcz Atalay, hi\u00e7bir zaman klasik bir din adam\u0131 olmam\u0131\u015f, bu konuda yazd\u0131klar\u0131yla modern, hatta devrimci bir tutuma sahip olmu\u015ftur. Nitekim \u00e7ok erken ya\u015flardan itibaren g\u00f6n\u00fcl verdi\u011fi T\u00fcrk\u00e7\u00fcl\u00fck d\u00fc\u015f\u00fcncesiyle atba\u015f\u0131 ilerleyen devrimci tutumu, hayat\u0131n\u0131n sonuna kadar tutarl\u0131 bir bi\u00e7imde izledi\u011fi bir yol olmu\u015ftur. \u0130\u015fte elinizde tuttu\u011funuz Bekta\u015f\u00eelik ve Edebiyat\u0131 isimli eseri, onun ara\u015ft\u0131rmac\u0131 kimli\u011fiyle, T\u00fcrk\u00e7\u00fc-Devrimci kimli\u011finin bile\u015fkesidir. \u00c7\u00fcnk\u00fc bu \u00e7al\u0131\u015fmayla, hem T\u00fcrk\u00e7e\u2019nin en g\u00fczel \u00f6rneklerinin bulundu\u011funa inand\u0131\u011f\u0131 Bekta\u015f\u00ee edebiy\u00e2t\u0131n\u0131 ve bunu ortaya koyan d\u00fc\u015f\u00fcnce iklimini incelemi\u015f hem de bir ayd\u0131n din adam\u0131 s\u0131fat\u0131yla, T\u00fcrkiye\u2019nin \u00f6nemli sorunlar\u0131ndan biri olarak g\u00f6rd\u00fc\u011f\u00fc tasavvufa dair fikirlerini a\u00e7\u0131klama imk\u00e2n\u0131 bulmu\u015ftur. \u00c7al\u0131\u015fman\u0131n, yazar\u0131n Anadolu\u2019daki g\u00f6zlemlerini i\u00e7ermesi, \u00fczerinde \u00f6nemle durulmas\u0131 gereken bir husustur. \u00c7\u00fcnk\u00fc sadece \u0130stanbul\u2019daki Bekta\u015f\u00eeli\u011fi dikkate alarak yap\u0131lacak de\u011ferlendirmeler tarikat\u0131n b\u00fct\u00fcn\u00fcn\u00fc de\u011fil, belli bir k\u0131sm\u0131n\u0131 anlamakla sonu\u00e7lanacakt\u0131r. H\u00e2lbuki Atalay\u2019\u0131n \u00e7al\u0131\u015fmas\u0131 \u0130stanbul, U\u015fak, \u0130\u00e7el\u2019de kald\u0131\u011f\u0131 y\u0131llarda burada toplad\u0131\u011f\u0131 malzemelere dayand\u0131\u011f\u0131 gibi, onun \u0130zmir ve Manisa \u00e7evresini de dola\u015ft\u0131\u011f\u0131n\u0131, buradaki \u00c7epniler \u00fczerine verdi\u011fi k\u0131sa, fakat do\u011fru bilgilerden anlayabiliyoruz.  \u201cYaz\u0131lar\u0131mda b\u00eetaraf olmaya \u00e7ok dikkat ettim; ne Bekta\u015f\u00eelerin ve Bekta\u015f\u00eeli\u011fin aleyhine K\u00e2\u015fifu\u2019l-esr\u00e2r ve D\u00e2fiu\u2019l-e\u015fr\u00e2r s\u00e2hibi gibi at\u0131p tuttum ne de Mir\u00e2tu\u2019l-mek\u00e2s\u0131d ve Def\u2018i\u2019l-mef\u00e2sid m\u00fcellifi gibi Bekta\u015f\u00eeleri \u00f6\u011fe \u00f6\u011fe g\u00f6klere \u00e7\u0131kard\u0131m. \u0130\u015fi oldu\u011fu gibi g\u00f6sterdim; i\u2018tik\u00e2dlar\u0131, yollar\u0131 ne ise -kendimden bir \u015fey katmaks\u0131z\u0131n- yazd\u0131m. Muh\u00e2kemesini okuyuculara b\u0131rakt\u0131m; kimsenin ak\u00eedesine dokunmad\u0131\u011f\u0131m gibi bu b\u00e2bda okuyucular\u0131n verecekleri h\u00fck\u00fcmlere de kar\u0131\u015fmad\u0131m.\u201d Besim Atalay <\/p>\n","protected":false},"excerpt":{"rendered":"<p>Besim Atalay, yapt\u0131\u011f\u0131 pek \u00e7ok \u00e7al\u0131\u015fma ile Cumhuriyet devri T\u00fcrkl\u00fck bilimine b\u00fcy\u00fck hizmetlerde bulunmu\u015f bir ara\u015ft\u0131rmac\u0131d\u0131r. Bir medreseli olarak ilk \u00e7al\u0131\u015fmalar\u0131n\u0131n din\u00ee konularda oldu\u011funu g\u00f6rd\u00fc\u011f\u00fcm\u00fcz Atalay,<span class=\"excerpt-hellip\"> [\u2026]<\/span><\/p>\n","protected":false},"featured_media":0,"template":"","meta":{"_monsterinsights_skip_tracking":false,"_monsterinsights_sitenote_active":false,"_monsterinsights_sitenote_note":"","_monsterinsights_sitenote_category":0},"product_brand":[],"product_cat":[13072,12291],"product_tag":[],"class_list":{"0":"post-713387","1":"product","2":"type-product","3":"status-publish","5":"product_cat-arastirma-inceleme-referans","6":"product_cat-edebiyat","7":"pa_cilt-ciltsiz","8":"pa_tur-kitap","9":"pa_yayinevi-otuken-nesriyat","10":"pa_yazar-besim-atalay","12":"first","13":"instock","14":"sale","15":"shipping-taxable","16":"purchasable","17":"product-type-simple"},"_links":{"self":[{"href":"https:\/\/roveyayinevi.com.tr\/index.php\/wp-json\/wp\/v2\/product\/713387","targetHints":{"allow":["GET"]}}],"collection":[{"href":"https:\/\/roveyayinevi.com.tr\/index.php\/wp-json\/wp\/v2\/product"}],"about":[{"href":"https:\/\/roveyayinevi.com.tr\/index.php\/wp-json\/wp\/v2\/types\/product"}],"wp:attachment":[{"href":"https:\/\/roveyayinevi.com.tr\/index.php\/wp-json\/wp\/v2\/media?parent=713387"}],"wp:term":[{"taxonomy":"product_brand","embeddable":true,"href":"https:\/\/roveyayinevi.com.tr\/index.php\/wp-json\/wp\/v2\/product_brand?post=713387"},{"taxonomy":"product_cat","embeddable":true,"href":"https:\/\/roveyayinevi.com.tr\/index.php\/wp-json\/wp\/v2\/product_cat?post=713387"},{"taxonomy":"product_tag","embeddable":true,"href":"https:\/\/roveyayinevi.com.tr\/index.php\/wp-json\/wp\/v2\/product_tag?post=713387"}],"curies":[{"name":"wp","href":"https:\/\/api.w.org\/{rel}","templated":true}]}}