{"id":713386,"date":"2025-08-27T17:06:57","date_gmt":"2025-08-27T14:06:57","guid":{"rendered":"https:\/\/roveyayinevi.com.tr\/index.php\/urun\/mikrobiyota-icimizdeki-mikroplar-yasama-buyuleyici-bir-bakis\/"},"modified":"2026-04-16T02:21:48","modified_gmt":"2026-04-15T23:21:48","slug":"mikrobiyota-icimizdeki-mikroplar-yasama-buyuleyici-bir-bakis","status":"publish","type":"product","link":"https:\/\/roveyayinevi.com.tr\/index.php\/urun\/mikrobiyota-icimizdeki-mikroplar-yasama-buyuleyici-bir-bakis\/","title":{"rendered":"Mikrobiyota &#8211; \u0130\u00e7imizdeki Mikroplar &amp; Ya\u015fama B\u00fcy\u00fcleyici Bir Bak\u0131\u015f"},"content":{"rendered":"<p>\u0130\u00e7inizde trilyonlar ya\u015f\u0131yor. Koskoca bir d\u00fcnya, capcanl\u0131 bir kolonisiniz asl\u0131nda. Sadece ba\u011f\u0131rsa\u011f\u0131n\u0131zdaki bakterilerin say\u0131s\u0131, galaksimizdeki y\u0131ld\u0131zlar\u0131n say\u0131s\u0131ndan fazla. Y\u00fczlerce y\u0131l adlar\u0131n\u0131 hastal\u0131kla anm\u0131\u015f olsak da art\u0131k biliyoruz: Mikroplar ya\u015fam\u0131n Azrail\u2019i de\u011fil, bek\u00e7isi. Trilyonlarca mikrop organlar\u0131m\u0131z\u0131 \u015fekillendiriyor, bizi hastal\u0131klardan koruyor, davran\u0131\u015flar\u0131m\u0131za y\u00f6n veriyor. A\u015f\u0131lara nas\u0131l tepki verdi\u011fimizden, \u00e7ocuklar\u0131n ald\u0131klar\u0131 g\u0131dalardan ne kadar beslenebildiklerine kadar, ya\u015fam\u0131m\u0131za \u00e7ok derin ve geni\u015f kapsaml\u0131 katk\u0131lar\u0131 var. Art\u0131k kesin olarak biliyoruz ki mikroplar\u0131 g\u00f6z ard\u0131 etmek, hayata anahtar deli\u011finden bakmak demek.   Bu kitap kap\u0131y\u0131 ard\u0131na kadar a\u00e7\u0131yor ve bizi v\u00fccudumuzdaki ak\u0131lalmaz evrenle tan\u0131\u015ft\u0131r\u0131yor. EdYong, bizleri kendimize yepyeni bir a\u00e7\u0131dan, nehirlere, ormanlara, mercan resiflerine bakt\u0131\u011f\u0131m\u0131z gibi bakmaya \u00e7a\u011f\u0131r\u0131yor: bireylerden \u00e7ok, geli\u015fen ekosistemler olarak. Mikrobiyota, d\u00fcnyaya ve kendinize bak\u0131\u015f\u0131n\u0131z\u0131 milyon minik yoldan de\u011fi\u015ftirecek. Bu kitab\u0131 okuduktan sonra muhtemelen bir \u201cfavori mikrop\u201dunuz olacak. <\/p>\n","protected":false},"excerpt":{"rendered":"<p>\u0130\u00e7inizde trilyonlar ya\u015f\u0131yor. Koskoca bir d\u00fcnya, capcanl\u0131 bir kolonisiniz asl\u0131nda. Sadece ba\u011f\u0131rsa\u011f\u0131n\u0131zdaki bakterilerin say\u0131s\u0131, galaksimizdeki y\u0131ld\u0131zlar\u0131n say\u0131s\u0131ndan fazla. Y\u00fczlerce y\u0131l adlar\u0131n\u0131 hastal\u0131kla anm\u0131\u015f olsak da art\u0131k<span class=\"excerpt-hellip\"> [\u2026]<\/span><\/p>\n","protected":false},"featured_media":0,"template":"","meta":{"_monsterinsights_skip_tracking":false,"_monsterinsights_sitenote_active":false,"_monsterinsights_sitenote_note":"","_monsterinsights_sitenote_category":0},"product_brand":[],"product_cat":[13005,13006],"product_tag":[],"class_list":{"0":"post-713386","1":"product","2":"type-product","3":"status-publish","5":"product_cat-bilim-muhendislik","6":"product_cat-populer-bilim","7":"pa_cilt-ciltsiz","8":"pa_tur-kitap","9":"pa_yayinevi-domingo-yayinevi","10":"pa_yazar-ed-yong","12":"first","13":"instock","14":"sale","15":"shipping-taxable","16":"purchasable","17":"product-type-simple"},"_links":{"self":[{"href":"https:\/\/roveyayinevi.com.tr\/index.php\/wp-json\/wp\/v2\/product\/713386","targetHints":{"allow":["GET"]}}],"collection":[{"href":"https:\/\/roveyayinevi.com.tr\/index.php\/wp-json\/wp\/v2\/product"}],"about":[{"href":"https:\/\/roveyayinevi.com.tr\/index.php\/wp-json\/wp\/v2\/types\/product"}],"wp:attachment":[{"href":"https:\/\/roveyayinevi.com.tr\/index.php\/wp-json\/wp\/v2\/media?parent=713386"}],"wp:term":[{"taxonomy":"product_brand","embeddable":true,"href":"https:\/\/roveyayinevi.com.tr\/index.php\/wp-json\/wp\/v2\/product_brand?post=713386"},{"taxonomy":"product_cat","embeddable":true,"href":"https:\/\/roveyayinevi.com.tr\/index.php\/wp-json\/wp\/v2\/product_cat?post=713386"},{"taxonomy":"product_tag","embeddable":true,"href":"https:\/\/roveyayinevi.com.tr\/index.php\/wp-json\/wp\/v2\/product_tag?post=713386"}],"curies":[{"name":"wp","href":"https:\/\/api.w.org\/{rel}","templated":true}]}}