{"id":713380,"date":"2025-08-27T17:06:54","date_gmt":"2025-08-27T14:06:54","guid":{"rendered":"https:\/\/roveyayinevi.com.tr\/index.php\/urun\/dil-meseleleri\/"},"modified":"2026-04-15T02:28:41","modified_gmt":"2026-04-14T23:28:41","slug":"dil-meseleleri","status":"publish","type":"product","link":"https:\/\/roveyayinevi.com.tr\/index.php\/urun\/dil-meseleleri\/","title":{"rendered":"Dil Meseleleri"},"content":{"rendered":"<p>\u201c\u0130lk ciltteki gibi burada da ba\u015fl\u0131klar\u0131n b\u00fcy\u00fck bir b\u00f6l\u00fcm\u00fc, g\u00fcncel T\u00fcrk\u00e7e metinlerde dil ve anlat\u0131m y\u00f6n\u00fcnden tart\u0131\u015fmak, do\u011frulamak ya da sorgulamak ihtiyac\u0131n\u0131 duydu\u011fumuz noktalardan olu\u015fuyor: Dilbilgisinin, imlan\u0131n, \u0130ngilizce ile T\u00fcrk\u00e7e aras\u0131ndaki ili\u015fkinin, dil-toplum ili\u015fkisinin, ayr\u0131ca terim ve kavramlar\u0131n uygulamada i\u00e7ebak\u0131\u015f ve tart\u0131\u015fma gerektiren baz\u0131 y\u00f6nleri; \u2018s\u00f6ylem\u2019 ad\u0131n\u0131 verdi\u011fimiz boyut dahil. Her iki cildin de dizinleri sayesinde birer ba\u015fvuru kayna\u011f\u0131 ve \u00e7al\u0131\u015fma malzemesi olarak i\u015flev g\u00f6rebilece\u011fini umuyorum. \u201cAncak, bence en \u00f6nemlisi her iki ciltte de yer alan \u2018Genel Bak\u0131\u015f\u2019 yaz\u0131lar\u0131 ba\u015fta olmak \u00fczere, dil meselelerine bak\u0131\u015f tarz\u0131d\u0131r. Dilin \u2018do\u011fru\u2019su \u2018yanl\u0131\u015f\u2019\u0131, hayat\u0131n bin bir h\u00e2linde ve toplumun bin bir olu\u015fumunda dilin ald\u0131\u011f\u0131 bi\u00e7imler, bunlar\u0131n bir s\u00fcre\u00e7 halindeki incelikleri&#8230; \u2018Genel bak\u0131\u015f\u2019 derken, dil olgular\u0131yla ilgili sezgiler olu\u015fturmaktan s\u00f6z ediyorum. Dilimiz, Dillerimiz ve Dil Meseleleri bu sezgilere ne \u00f6l\u00e7\u00fcde katk\u0131da bulunabilirse, amac\u0131na da o \u00f6l\u00e7\u00fcde ula\u015fm\u0131\u015f olacak.\u201d \u2013 Necmiye Alpay <\/p>\n","protected":false},"excerpt":{"rendered":"<p>\u201c\u0130lk ciltteki gibi burada da ba\u015fl\u0131klar\u0131n b\u00fcy\u00fck bir b\u00f6l\u00fcm\u00fc, g\u00fcncel T\u00fcrk\u00e7e metinlerde dil ve anlat\u0131m y\u00f6n\u00fcnden tart\u0131\u015fmak, do\u011frulamak ya da sorgulamak ihtiyac\u0131n\u0131 duydu\u011fumuz noktalardan olu\u015fuyor: Dilbilgisinin,<span class=\"excerpt-hellip\"> [\u2026]<\/span><\/p>\n","protected":false},"featured_media":0,"template":"","meta":{"_monsterinsights_skip_tracking":false,"_monsterinsights_sitenote_active":false,"_monsterinsights_sitenote_note":"","_monsterinsights_sitenote_category":0},"product_brand":[],"product_cat":[20225,12291],"product_tag":[],"class_list":{"0":"post-713380","1":"product","2":"type-product","3":"status-publish","5":"product_cat-dil-bilim","6":"product_cat-edebiyat","7":"pa_cilt-ciltsiz","8":"pa_tur-kitap","9":"pa_yayinevi-metis-yayinlari","10":"pa_yazar-necmiye-alpay","12":"first","13":"instock","14":"sale","15":"shipping-taxable","16":"purchasable","17":"product-type-simple"},"_links":{"self":[{"href":"https:\/\/roveyayinevi.com.tr\/index.php\/wp-json\/wp\/v2\/product\/713380","targetHints":{"allow":["GET"]}}],"collection":[{"href":"https:\/\/roveyayinevi.com.tr\/index.php\/wp-json\/wp\/v2\/product"}],"about":[{"href":"https:\/\/roveyayinevi.com.tr\/index.php\/wp-json\/wp\/v2\/types\/product"}],"wp:attachment":[{"href":"https:\/\/roveyayinevi.com.tr\/index.php\/wp-json\/wp\/v2\/media?parent=713380"}],"wp:term":[{"taxonomy":"product_brand","embeddable":true,"href":"https:\/\/roveyayinevi.com.tr\/index.php\/wp-json\/wp\/v2\/product_brand?post=713380"},{"taxonomy":"product_cat","embeddable":true,"href":"https:\/\/roveyayinevi.com.tr\/index.php\/wp-json\/wp\/v2\/product_cat?post=713380"},{"taxonomy":"product_tag","embeddable":true,"href":"https:\/\/roveyayinevi.com.tr\/index.php\/wp-json\/wp\/v2\/product_tag?post=713380"}],"curies":[{"name":"wp","href":"https:\/\/api.w.org\/{rel}","templated":true}]}}