{"id":713379,"date":"2025-08-27T17:06:53","date_gmt":"2025-08-27T14:06:53","guid":{"rendered":"https:\/\/roveyayinevi.com.tr\/index.php\/urun\/benim-sihirli-dunyam\/"},"modified":"2026-04-16T02:21:48","modified_gmt":"2026-04-15T23:21:48","slug":"benim-sihirli-dunyam","status":"publish","type":"product","link":"https:\/\/roveyayinevi.com.tr\/index.php\/urun\/benim-sihirli-dunyam\/","title":{"rendered":"Benim Sihirli D\u00fcnyam"},"content":{"rendered":"<p>Benim Sihirli D\u00fcnyam, Instagram fenomeni ve sosyal medya s\u00fcper y\u0131ld\u0131z\u0131 Zach King\u2019in fazlas\u0131yla komik ilk roman\u0131. Zach King\u2019in ailesindeki herkesin sihirli bir g\u00fcc\u00fc vard\u0131. Babas\u0131 zaman\u0131 geri alabiliyor, k\u0131z karde\u015fi g\u00f6r\u00fcnmez olabiliyor ve annesi de s\u0131radan e\u015fyalar\u0131 s\u0131rad\u0131\u015f\u0131 e\u015fyalara \u00e7evirebiliyordu. Zach ise&#8230; nas\u0131l desek, o hen\u00fcz sihirli g\u00fcc\u00fcn\u00fc bulamam\u0131\u015ft\u0131. Bu nedenle ailesi ona evde e\u011fitim vermekten vazge\u00e7ip onu normal \u00e7ocuklarla birlikte ortaokula yollamaya karar verdi\u011finde, Zach kendisinin \u201catlanm\u0131\u015f\u201d olabilece\u011finden endi\u015fe etti. Ailesinde asla sihri olmayacak tek ki\u015fiydi. Ancak Zach normal bir \u00e7ocuk olman\u0131n da baz\u0131 avantajlar\u0131 oldu\u011funu \u00e7ok ge\u00e7meden \u00f6\u011frenmi\u015fti: Komik videolar \u00e7eken yeni arkada\u015f\u0131 Aaron ve t\u00fcm okuldaki en sevimli k\u0131z Rachel; ki inan\u0131l\u0131r gibi de\u011fildi ama bu k\u0131z Zach ile konu\u015fuyordu. Zach okulun Kay\u0131p E\u015fya Odas\u0131\u2019nda gizemli bir \u00e7ift \u015fapka ke\u015ffetti\u011finde t\u00fcm hayat\u0131 boyunca arad\u0131\u011f\u0131 sihirli nesnenin onlar olabilece\u011fini d\u00fc\u015f\u00fcnd\u00fc. Fakat ac\u0131mas\u0131z Tricia, Zach\u2019in bu yeni g\u00fcc\u00fcn\u00fc \u00f6\u011frendi\u011finde, ona pop\u00fcler olmak konusunda dersini vermek i\u00e7in bir e\u015fek \u015fakas\u0131 planlad\u0131. Zach\u2019in bu karma\u015fadan kurtulabilmek i\u00e7in sihirden fazlas\u0131na ihtiyac\u0131 olacakt\u0131. <\/p>\n","protected":false},"excerpt":{"rendered":"<p>Benim Sihirli D\u00fcnyam, Instagram fenomeni ve sosyal medya s\u00fcper y\u0131ld\u0131z\u0131 Zach King\u2019in fazlas\u0131yla komik ilk roman\u0131. Zach King\u2019in ailesindeki herkesin sihirli bir g\u00fcc\u00fc vard\u0131. Babas\u0131 zaman\u0131<span class=\"excerpt-hellip\"> [\u2026]<\/span><\/p>\n","protected":false},"featured_media":0,"template":"","meta":{"_monsterinsights_skip_tracking":false,"_monsterinsights_sitenote_active":false,"_monsterinsights_sitenote_note":"","_monsterinsights_sitenote_category":0},"product_brand":[],"product_cat":[12274,12284],"product_tag":[],"class_list":{"0":"post-713379","1":"product","2":"type-product","3":"status-publish","5":"product_cat-cocuk-ve-genclik-kitaplari","6":"product_cat-hikayeler","7":"pa_cilt-ciltsiz","8":"pa_tur-kitap","9":"pa_yayinevi-yabanci-yayinevi","10":"pa_yazar-zach-king","12":"first","13":"instock","14":"sale","15":"shipping-taxable","16":"purchasable","17":"product-type-simple"},"_links":{"self":[{"href":"https:\/\/roveyayinevi.com.tr\/index.php\/wp-json\/wp\/v2\/product\/713379","targetHints":{"allow":["GET"]}}],"collection":[{"href":"https:\/\/roveyayinevi.com.tr\/index.php\/wp-json\/wp\/v2\/product"}],"about":[{"href":"https:\/\/roveyayinevi.com.tr\/index.php\/wp-json\/wp\/v2\/types\/product"}],"wp:attachment":[{"href":"https:\/\/roveyayinevi.com.tr\/index.php\/wp-json\/wp\/v2\/media?parent=713379"}],"wp:term":[{"taxonomy":"product_brand","embeddable":true,"href":"https:\/\/roveyayinevi.com.tr\/index.php\/wp-json\/wp\/v2\/product_brand?post=713379"},{"taxonomy":"product_cat","embeddable":true,"href":"https:\/\/roveyayinevi.com.tr\/index.php\/wp-json\/wp\/v2\/product_cat?post=713379"},{"taxonomy":"product_tag","embeddable":true,"href":"https:\/\/roveyayinevi.com.tr\/index.php\/wp-json\/wp\/v2\/product_tag?post=713379"}],"curies":[{"name":"wp","href":"https:\/\/api.w.org\/{rel}","templated":true}]}}