{"id":713378,"date":"2025-08-27T17:06:52","date_gmt":"2025-08-27T14:06:52","guid":{"rendered":"https:\/\/roveyayinevi.com.tr\/index.php\/urun\/derin-sular\/"},"modified":"2026-04-16T02:21:48","modified_gmt":"2026-04-15T23:21:48","slug":"derin-sular","status":"publish","type":"product","link":"https:\/\/roveyayinevi.com.tr\/index.php\/urun\/derin-sular\/","title":{"rendered":"Derin Sular"},"content":{"rendered":"<p>K\u0131z\u0131n cans\u0131z bedeni suya h\u0131zla g\u00f6m\u00fcld\u00fc. Suyun alt\u0131nda y\u0131llarca hi\u00e7 k\u0131m\u0131ldamadan, rahats\u0131z edilmeden kalacakt\u0131 fakat suyun \u00fczerinde, kuru topraklarda k\u00e2buslar daha yeni ba\u015fl\u0131yordu. Dedektif Erika Foster \u00fczerinde \u00e7al\u0131\u015ft\u0131\u011f\u0131 narkotik su\u00e7 dosyas\u0131yla ilgili, Londra\u2019n\u0131n d\u0131\u015f\u0131nda kullan\u0131lmayan bir ta\u015f oca\u011f\u0131na gizlenmi\u015f b\u00fcy\u00fck bir kan\u0131tla ilgili ipucu ald\u0131\u011f\u0131nda, g\u00f6letin ara\u015ft\u0131r\u0131lmas\u0131n\u0131 istemi\u015fti. Uzun s\u00fcren u\u011fra\u015flar sonunda uyu\u015fturucu paketi bulunmu\u015ftu fakat k\u00fc\u00e7\u00fck bir k\u0131z \u00e7ocu\u011funa ait kemikler de ortaya \u00e7\u0131km\u0131\u015ft\u0131. Bulunan kemiklerin yedi ya\u015f\u0131ndaki Jessica Collins\u2019e ait oldu\u011fu k\u0131sa s\u00fcre i\u00e7erisinde tespit edilmi\u015fti. Yirmi alt\u0131 y\u0131l \u00f6nce gazete man\u015fetlerine \u00e7\u0131km\u0131\u015f, kay\u0131p k\u0131za. \u015eimdi Erika\u2019n\u0131n kar\u015f\u0131s\u0131nda yirmi alt\u0131 y\u0131ld\u0131r \u00e7\u00f6z\u00fclememi\u015f bir dosya, par\u00e7alanm\u0131\u015f Collins ailesi ve olay\u0131 \u00e7\u00f6zmekte ba\u015far\u0131s\u0131z olan eski dedektif Amanda Baker vard\u0131. Birileri bir \u015feyler gizliyordu. Birileri bu olay\u0131n \u00e7\u00f6z\u00fclmesini istemiyordu ve Erika\u2019n\u0131n ger\u00e7e\u011fe ula\u015fmamas\u0131 i\u00e7in her \u015feyi yapmaya haz\u0131rd\u0131. 2 milyondan fazla satan Buzdaki K\u0131z ve Gece Av\u0131 romanlar\u0131n\u0131n yazar\u0131ndan nefes kesecek yepyeni bir hik\u00e2ye. <\/p>\n","protected":false},"excerpt":{"rendered":"<p>K\u0131z\u0131n cans\u0131z bedeni suya h\u0131zla g\u00f6m\u00fcld\u00fc. Suyun alt\u0131nda y\u0131llarca hi\u00e7 k\u0131m\u0131ldamadan, rahats\u0131z edilmeden kalacakt\u0131 fakat suyun \u00fczerinde, kuru topraklarda k\u00e2buslar daha yeni ba\u015fl\u0131yordu. Dedektif Erika Foster<span class=\"excerpt-hellip\"> [\u2026]<\/span><\/p>\n","protected":false},"featured_media":0,"template":"","meta":{"_monsterinsights_skip_tracking":false,"_monsterinsights_sitenote_active":false,"_monsterinsights_sitenote_note":"","_monsterinsights_sitenote_category":0},"product_brand":[],"product_cat":[12291,15445],"product_tag":[],"class_list":{"0":"post-713378","1":"product","2":"type-product","3":"status-publish","5":"product_cat-edebiyat","6":"product_cat-polisiye","7":"pa_cilt-ciltsiz","8":"pa_tur-kitap","9":"pa_yayinevi-yabanci-yayinevi","10":"pa_yazar-robert-bryndza","12":"first","13":"instock","14":"sale","15":"shipping-taxable","16":"purchasable","17":"product-type-simple"},"_links":{"self":[{"href":"https:\/\/roveyayinevi.com.tr\/index.php\/wp-json\/wp\/v2\/product\/713378","targetHints":{"allow":["GET"]}}],"collection":[{"href":"https:\/\/roveyayinevi.com.tr\/index.php\/wp-json\/wp\/v2\/product"}],"about":[{"href":"https:\/\/roveyayinevi.com.tr\/index.php\/wp-json\/wp\/v2\/types\/product"}],"wp:attachment":[{"href":"https:\/\/roveyayinevi.com.tr\/index.php\/wp-json\/wp\/v2\/media?parent=713378"}],"wp:term":[{"taxonomy":"product_brand","embeddable":true,"href":"https:\/\/roveyayinevi.com.tr\/index.php\/wp-json\/wp\/v2\/product_brand?post=713378"},{"taxonomy":"product_cat","embeddable":true,"href":"https:\/\/roveyayinevi.com.tr\/index.php\/wp-json\/wp\/v2\/product_cat?post=713378"},{"taxonomy":"product_tag","embeddable":true,"href":"https:\/\/roveyayinevi.com.tr\/index.php\/wp-json\/wp\/v2\/product_tag?post=713378"}],"curies":[{"name":"wp","href":"https:\/\/api.w.org\/{rel}","templated":true}]}}