{"id":713375,"date":"2025-08-27T17:06:51","date_gmt":"2025-08-27T14:06:51","guid":{"rendered":"https:\/\/roveyayinevi.com.tr\/index.php\/urun\/kutsal-kitapin-yorumu\/"},"modified":"2026-04-06T02:33:27","modified_gmt":"2026-04-05T23:33:27","slug":"kutsal-kitapin-yorumu","status":"publish","type":"product","link":"https:\/\/roveyayinevi.com.tr\/index.php\/urun\/kutsal-kitapin-yorumu\/","title":{"rendered":"Kutsal Kitap&#8217;\u0131n Yorumu"},"content":{"rendered":"<p>Sir Isaac Newton, Bat\u0131\u2019n\u0131n Bilim-K\u00fclt\u00fcr-Uygarl\u0131k ekseninde yer alan \u00f6nemli bir ki\u015fidir. T\u00fcrkiye, Bat\u0131 d\u00fcnyas\u0131 ile kendi axiologic (de\u011ferler sistemi) yap\u0131s\u0131n\u0131 koruyarak ve geli\u015ftirerek bulu\u015fmak ve bunlar\u0131n aras\u0131ndan evrensellik \u00f6zelli\u011fi ta\u015f\u0131yan unsurlar\u0131 benimsemek ve g\u00fcndelik hayata uygulamak arzusunu yakla\u015f\u0131k iki y\u00fcz y\u0131ld\u0131r ortaya koymu\u015ftur. \u0130\u015fte bu amaca hizmet edebilmek i\u00e7in Bat\u0131\u2019n\u0131n Bilim ve K\u00fclt\u00fcr d\u00fcnyas\u0131nda de\u011ferli bir yere ve hakl\u0131 bir \u00fcne sahip olan Sir Isaac Newton\u2019un bu \u00e7ok az bilinen kitab\u0131n\u0131 ilk kez T\u00fcrk\u00e7eye kazand\u0131rm\u0131\u015f olman\u0131n mutlulu\u011funu ya\u015f\u0131yorum. Aytun\u00e7 Alt\u0131ndal <\/p>\n","protected":false},"excerpt":{"rendered":"<p>Sir Isaac Newton, Bat\u0131\u2019n\u0131n Bilim-K\u00fclt\u00fcr-Uygarl\u0131k ekseninde yer alan \u00f6nemli bir ki\u015fidir. T\u00fcrkiye, Bat\u0131 d\u00fcnyas\u0131 ile kendi axiologic (de\u011ferler sistemi) yap\u0131s\u0131n\u0131 koruyarak ve geli\u015ftirerek bulu\u015fmak ve bunlar\u0131n<span class=\"excerpt-hellip\"> [\u2026]<\/span><\/p>\n","protected":false},"featured_media":0,"template":"","meta":{"_monsterinsights_skip_tracking":false,"_monsterinsights_sitenote_active":false,"_monsterinsights_sitenote_note":"","_monsterinsights_sitenote_category":0},"product_brand":[],"product_cat":[13590,12337],"product_tag":[],"class_list":{"0":"post-713375","1":"product","2":"type-product","3":"status-publish","5":"product_cat-arastirma-inceleme-politika-siyaset","6":"product_cat-politika-siyaset","7":"pa_cilt-ciltsiz","8":"pa_tur-kitap","9":"pa_yayinevi-destek-yayinlari","10":"pa_yazar-isaac-newton","12":"first","13":"instock","14":"sale","15":"shipping-taxable","16":"purchasable","17":"product-type-simple"},"_links":{"self":[{"href":"https:\/\/roveyayinevi.com.tr\/index.php\/wp-json\/wp\/v2\/product\/713375","targetHints":{"allow":["GET"]}}],"collection":[{"href":"https:\/\/roveyayinevi.com.tr\/index.php\/wp-json\/wp\/v2\/product"}],"about":[{"href":"https:\/\/roveyayinevi.com.tr\/index.php\/wp-json\/wp\/v2\/types\/product"}],"wp:attachment":[{"href":"https:\/\/roveyayinevi.com.tr\/index.php\/wp-json\/wp\/v2\/media?parent=713375"}],"wp:term":[{"taxonomy":"product_brand","embeddable":true,"href":"https:\/\/roveyayinevi.com.tr\/index.php\/wp-json\/wp\/v2\/product_brand?post=713375"},{"taxonomy":"product_cat","embeddable":true,"href":"https:\/\/roveyayinevi.com.tr\/index.php\/wp-json\/wp\/v2\/product_cat?post=713375"},{"taxonomy":"product_tag","embeddable":true,"href":"https:\/\/roveyayinevi.com.tr\/index.php\/wp-json\/wp\/v2\/product_tag?post=713375"}],"curies":[{"name":"wp","href":"https:\/\/api.w.org\/{rel}","templated":true}]}}