{"id":713374,"date":"2025-08-27T17:06:50","date_gmt":"2025-08-27T14:06:50","guid":{"rendered":"https:\/\/roveyayinevi.com.tr\/index.php\/urun\/ataturk-bizi-seviyor\/"},"modified":"2026-04-16T02:21:48","modified_gmt":"2026-04-15T23:21:48","slug":"ataturk-bizi-seviyor","status":"publish","type":"product","link":"https:\/\/roveyayinevi.com.tr\/index.php\/urun\/ataturk-bizi-seviyor\/","title":{"rendered":"Atat\u00fcrk Bizi Seviyor"},"content":{"rendered":"<p>\u201cBu \u015fiirimsi \u00f6yk\u00fclerde onun;        insanl\u0131\u011f\u0131n\u0131,        dehas\u0131n\u0131,        bilimsel d\u00fc\u015f\u00fcn\u00fc\u015f\u00fcn\u00fc,        hi\u00e7bir \u015feyi g\u00f6zden ka\u00e7\u0131rmayan keskin dikkatini,        derin duygusall\u0131\u011f\u0131n\u0131,        engin \u00e7ocuk sevgisini,        do\u011fa tutkusunu bulacak \u00e7ocuklar\u0131m\u0131z.\u201d                                                 (Hidayet Karaku\u015f) <\/p>\n","protected":false},"excerpt":{"rendered":"<p>\u201cBu \u015fiirimsi \u00f6yk\u00fclerde onun; insanl\u0131\u011f\u0131n\u0131, dehas\u0131n\u0131, bilimsel d\u00fc\u015f\u00fcn\u00fc\u015f\u00fcn\u00fc, hi\u00e7bir \u015feyi g\u00f6zden ka\u00e7\u0131rmayan keskin dikkatini, derin duygusall\u0131\u011f\u0131n\u0131, engin \u00e7ocuk sevgisini, do\u011fa tutkusunu bulacak \u00e7ocuklar\u0131m\u0131z.\u201d (Hidayet Karaku\u015f)<\/p>\n","protected":false},"featured_media":0,"template":"","meta":{"_monsterinsights_skip_tracking":false,"_monsterinsights_sitenote_active":false,"_monsterinsights_sitenote_note":"","_monsterinsights_sitenote_category":0},"product_brand":[],"product_cat":[12274,12631],"product_tag":[],"class_list":{"0":"post-713374","1":"product","2":"type-product","3":"status-publish","5":"product_cat-cocuk-ve-genclik-kitaplari","6":"product_cat-diger-cocuk-ve-genclik-kitaplari","7":"pa_cilt-ciltsiz","8":"pa_tur-kitap","9":"pa_yayinevi-bilgi-yayinevi-cocuk","10":"pa_yazar-hidayet-karakus","12":"first","13":"instock","14":"sale","15":"shipping-taxable","16":"purchasable","17":"product-type-simple"},"_links":{"self":[{"href":"https:\/\/roveyayinevi.com.tr\/index.php\/wp-json\/wp\/v2\/product\/713374","targetHints":{"allow":["GET"]}}],"collection":[{"href":"https:\/\/roveyayinevi.com.tr\/index.php\/wp-json\/wp\/v2\/product"}],"about":[{"href":"https:\/\/roveyayinevi.com.tr\/index.php\/wp-json\/wp\/v2\/types\/product"}],"wp:attachment":[{"href":"https:\/\/roveyayinevi.com.tr\/index.php\/wp-json\/wp\/v2\/media?parent=713374"}],"wp:term":[{"taxonomy":"product_brand","embeddable":true,"href":"https:\/\/roveyayinevi.com.tr\/index.php\/wp-json\/wp\/v2\/product_brand?post=713374"},{"taxonomy":"product_cat","embeddable":true,"href":"https:\/\/roveyayinevi.com.tr\/index.php\/wp-json\/wp\/v2\/product_cat?post=713374"},{"taxonomy":"product_tag","embeddable":true,"href":"https:\/\/roveyayinevi.com.tr\/index.php\/wp-json\/wp\/v2\/product_tag?post=713374"}],"curies":[{"name":"wp","href":"https:\/\/api.w.org\/{rel}","templated":true}]}}