{"id":713372,"date":"2025-08-27T17:06:49","date_gmt":"2025-08-27T14:06:49","guid":{"rendered":"https:\/\/roveyayinevi.com.tr\/index.php\/urun\/sevgi-izi\/"},"modified":"2026-04-16T02:21:48","modified_gmt":"2026-04-15T23:21:48","slug":"sevgi-izi","status":"publish","type":"product","link":"https:\/\/roveyayinevi.com.tr\/index.php\/urun\/sevgi-izi\/","title":{"rendered":"Sevgi \u0130zi"},"content":{"rendered":"<p>Otizm konusunda fark\u0131ndal\u0131k yaratacak duygusal bir ser\u00fcven&#8230; &#8220;\u0130\u015fte o anda d\u00fcnyan\u0131n t\u00fcm ku\u015flar\u0131 \u00fcst\u00fcm\u00fcze kondu. G\u00fcne\u015fli bir \u00e7\u0131nar gibi g\u00fcl\u00fcmseyip durdu annem. G\u00fcl\u00fcmsedik\u00e7e ku\u015flar\u0131 c\u0131v\u0131ldad\u0131. O\u011ful\u2019un sa\u011f eli annemde, sol eli babamdayd\u0131.Is\u0131r\u0131k izleri iyile\u015fmi\u015fti \u00e7oktan. Sadece o sihirli numara vard\u0131. Bir ku\u015fun \u00e7\u0131nar dal\u0131ndaki ayak izi gibi&#8230; Sevgi izi&#8230; Sevgimizin izi. Eve gidince \u015fu notla tamamlayacakt\u0131m O\u011ful\u2019un k\u0131lavuzunu: Sevgi otizmin tek ilac\u0131d\u0131r!&#8221; <\/p>\n","protected":false},"excerpt":{"rendered":"<p>Otizm konusunda fark\u0131ndal\u0131k yaratacak duygusal bir ser\u00fcven&#8230; &#8220;\u0130\u015fte o anda d\u00fcnyan\u0131n t\u00fcm ku\u015flar\u0131 \u00fcst\u00fcm\u00fcze kondu. G\u00fcne\u015fli bir \u00e7\u0131nar gibi g\u00fcl\u00fcmseyip durdu annem. G\u00fcl\u00fcmsedik\u00e7e ku\u015flar\u0131 c\u0131v\u0131ldad\u0131. O\u011ful\u2019un<span class=\"excerpt-hellip\"> [\u2026]<\/span><\/p>\n","protected":false},"featured_media":0,"template":"","meta":{"_monsterinsights_skip_tracking":false,"_monsterinsights_sitenote_active":false,"_monsterinsights_sitenote_note":"","_monsterinsights_sitenote_category":0},"product_brand":[],"product_cat":[12291,12509],"product_tag":[],"class_list":{"0":"post-713372","1":"product","2":"type-product","3":"status-publish","5":"product_cat-edebiyat","6":"product_cat-siir","7":"pa_cilt-ciltsiz","8":"pa_tur-kitap","9":"pa_yayinevi-bilgi-yayinevi-cocuk","10":"pa_yazar-esref-karadag","12":"first","13":"instock","14":"sale","15":"shipping-taxable","16":"purchasable","17":"product-type-simple"},"_links":{"self":[{"href":"https:\/\/roveyayinevi.com.tr\/index.php\/wp-json\/wp\/v2\/product\/713372","targetHints":{"allow":["GET"]}}],"collection":[{"href":"https:\/\/roveyayinevi.com.tr\/index.php\/wp-json\/wp\/v2\/product"}],"about":[{"href":"https:\/\/roveyayinevi.com.tr\/index.php\/wp-json\/wp\/v2\/types\/product"}],"wp:attachment":[{"href":"https:\/\/roveyayinevi.com.tr\/index.php\/wp-json\/wp\/v2\/media?parent=713372"}],"wp:term":[{"taxonomy":"product_brand","embeddable":true,"href":"https:\/\/roveyayinevi.com.tr\/index.php\/wp-json\/wp\/v2\/product_brand?post=713372"},{"taxonomy":"product_cat","embeddable":true,"href":"https:\/\/roveyayinevi.com.tr\/index.php\/wp-json\/wp\/v2\/product_cat?post=713372"},{"taxonomy":"product_tag","embeddable":true,"href":"https:\/\/roveyayinevi.com.tr\/index.php\/wp-json\/wp\/v2\/product_tag?post=713372"}],"curies":[{"name":"wp","href":"https:\/\/api.w.org\/{rel}","templated":true}]}}