{"id":713371,"date":"2025-08-27T17:06:48","date_gmt":"2025-08-27T14:06:48","guid":{"rendered":"https:\/\/roveyayinevi.com.tr\/index.php\/urun\/burasi-canakkale-buradan-gecis-yok\/"},"modified":"2026-04-08T02:28:15","modified_gmt":"2026-04-07T23:28:15","slug":"burasi-canakkale-buradan-gecis-yok","status":"publish","type":"product","link":"https:\/\/roveyayinevi.com.tr\/index.php\/urun\/burasi-canakkale-buradan-gecis-yok\/","title":{"rendered":"Buras\u0131 \u00c7anakkale Buradan Ge\u00e7i\u015f Yok"},"content":{"rendered":"<p>Osmanl\u0131 Devleti Birinci D\u00fcnya Sava\u015f\u0131 s\u0131ras\u0131nda pek \u00e7ok cephede sava\u015ft\u0131. Fakat o cephelerden biri var ki; t\u00fcm d\u00fcnyaya tarih nas\u0131l yaz\u0131l\u0131r resmen \u00f6\u011fretti! Hangisi mi? Tabii ki \u00c7anakkale!Biz de, t\u00fcm \u015fehitlerimize bir sayg\u0131 duru\u015funda bulunal\u0131m, kameralar\u0131m\u0131z\u0131 cepheye ve cephe gerisine \u00e7evirerek sava\u015f\u0131 size E\u011flenceli Tarih\u2019in kendine \u00f6zg\u00fc \u00fcslubuyla anlatal\u0131m istedik.  Peki, bu kitapta neler var? Ye\u015fil sahada oldu\u011fu kadar cephede de yetenekli olan futbolcular\u0131m\u0131zMaharetli pilotlar\u0131m\u0131zDerslerini b\u0131rak\u0131p cepheye ko\u015fan \u00f6\u011frencilerimizBu kahramanl\u0131k destan\u0131n\u0131n ba\u015frol oyuncular\u0131 Mehmet\u00e7iklerimiz\u015eimdi \u00e7olu\u011fu \u00e7ocu\u011fu, ya\u015fl\u0131s\u0131 genci, kad\u0131n\u0131 erke\u011fi ile bir milletin dirili\u015f destan\u0131n\u0131, tarihe alt\u0131n harflerle \u201c\u00c7anakkale Ge\u00e7ilemez!\u201d yazd\u0131ran bu muhte\u015fem zaferi yeniden ke\u015ffetme zaman\u0131! <\/p>\n","protected":false},"excerpt":{"rendered":"<p>Osmanl\u0131 Devleti Birinci D\u00fcnya Sava\u015f\u0131 s\u0131ras\u0131nda pek \u00e7ok cephede sava\u015ft\u0131. Fakat o cephelerden biri var ki; t\u00fcm d\u00fcnyaya tarih nas\u0131l yaz\u0131l\u0131r resmen \u00f6\u011fretti! Hangisi mi? Tabii<span class=\"excerpt-hellip\"> [\u2026]<\/span><\/p>\n","protected":false},"featured_media":0,"template":"","meta":{"_monsterinsights_skip_tracking":false,"_monsterinsights_sitenote_active":false,"_monsterinsights_sitenote_note":"","_monsterinsights_sitenote_category":0},"product_brand":[],"product_cat":[12275,12274],"product_tag":[],"class_list":{"0":"post-713371","1":"product","2":"type-product","3":"status-publish","5":"product_cat-6-12-yas-kitaplari","6":"product_cat-cocuk-ve-genclik-kitaplari","7":"pa_cilt-ciltsiz","8":"pa_tur-kitap","9":"pa_yayinevi-eglenceli-bilgi-yayinlari","10":"pa_yazar-metin-ozdamarlar","12":"first","13":"instock","14":"sale","15":"shipping-taxable","16":"purchasable","17":"product-type-simple"},"_links":{"self":[{"href":"https:\/\/roveyayinevi.com.tr\/index.php\/wp-json\/wp\/v2\/product\/713371","targetHints":{"allow":["GET"]}}],"collection":[{"href":"https:\/\/roveyayinevi.com.tr\/index.php\/wp-json\/wp\/v2\/product"}],"about":[{"href":"https:\/\/roveyayinevi.com.tr\/index.php\/wp-json\/wp\/v2\/types\/product"}],"wp:attachment":[{"href":"https:\/\/roveyayinevi.com.tr\/index.php\/wp-json\/wp\/v2\/media?parent=713371"}],"wp:term":[{"taxonomy":"product_brand","embeddable":true,"href":"https:\/\/roveyayinevi.com.tr\/index.php\/wp-json\/wp\/v2\/product_brand?post=713371"},{"taxonomy":"product_cat","embeddable":true,"href":"https:\/\/roveyayinevi.com.tr\/index.php\/wp-json\/wp\/v2\/product_cat?post=713371"},{"taxonomy":"product_tag","embeddable":true,"href":"https:\/\/roveyayinevi.com.tr\/index.php\/wp-json\/wp\/v2\/product_tag?post=713371"}],"curies":[{"name":"wp","href":"https:\/\/api.w.org\/{rel}","templated":true}]}}