{"id":713368,"date":"2025-08-27T17:06:46","date_gmt":"2025-08-27T14:06:46","guid":{"rendered":"https:\/\/roveyayinevi.com.tr\/index.php\/urun\/hayat-icin-tesekkurler\/"},"modified":"2026-04-16T02:21:48","modified_gmt":"2026-04-15T23:21:48","slug":"hayat-icin-tesekkurler","status":"publish","type":"product","link":"https:\/\/roveyayinevi.com.tr\/index.php\/urun\/hayat-icin-tesekkurler\/","title":{"rendered":"Hayat \u0130\u00e7in Te\u015fekk\u00fcrler"},"content":{"rendered":"<p>1966 yaz\u0131, al\u0131\u015f\u0131lm\u0131\u015f\u0131n d\u0131\u015f\u0131nda so\u011fuktur. K\u00fc\u00e7\u00fck Do\u011fu Alman kentinde k\u00f6m\u00fcr yoktur. \u0130nsanlar \u00fc\u015f\u00fcr. Bu so\u011fuk yaz g\u00fcnlerinde bir \u00e7ocuk d\u00fcnyaya gelir. Ad\u0131n\u0131 Toto koyarlar. Hermafrodittir, kimse onu istemez. Yetimhaneye g\u00f6nderilir. Di\u011fer herkesten farkl\u0131d\u0131r; kimse onu sevmez. Toto k\u00f6t\u00fcl\u00fc\u011f\u00fcn kabul g\u00f6rd\u00fc\u011f\u00fc, \u00e7irkinli\u011fin onay buldu\u011fu ortamlarda iyili\u011fi, masumiyeti ve sevgiyi bo\u015f yere arayarak sosyalist \u00fclkeyi u\u00e7tan uca kat eder. Sonra bir g\u00fcn, herkesin hayallerini s\u00fcsleyen kapitalist Bat\u0131\u2019ya ge\u00e7er. Burada da hayaller ve ger\u00e7ekler apayr\u0131d\u0131r. \u0130svi\u00e7reli yazar Sibylle Berg, Hayat \u0130\u00e7in Te\u015fekk\u00fcrler\u2019de ya\u015fad\u0131\u011f\u0131m\u0131z d\u00fcnyan\u0131n s\u0131rr\u0131n\u0131 kaz\u0131yor. Hayat \u0130\u00e7in Te\u015fekk\u00fcrler her \u015feyin sefalete g\u00f6m\u00fcld\u00fc\u011f\u00fc, ac\u0131mas\u0131zl\u0131kla damgaland\u0131\u011f\u0131 adaletsiz ve irkiltici bir d\u00fcnyan\u0131n i\u00e7inden sesleniyor.  Sonuna kadar \u00f6fkeli, k\u0131\u015fk\u0131rt\u0131c\u0131 ve sert bir roman bu. Hayat \u0130\u00e7in Te\u015fekk\u00fcrler karanl\u0131k bir tablo; \u00e7\u0131plak ger\u00e7eklikler manifestosu olarak da okunabilir. <\/p>\n","protected":false},"excerpt":{"rendered":"<p>1966 yaz\u0131, al\u0131\u015f\u0131lm\u0131\u015f\u0131n d\u0131\u015f\u0131nda so\u011fuktur. K\u00fc\u00e7\u00fck Do\u011fu Alman kentinde k\u00f6m\u00fcr yoktur. \u0130nsanlar \u00fc\u015f\u00fcr. Bu so\u011fuk yaz g\u00fcnlerinde bir \u00e7ocuk d\u00fcnyaya gelir. Ad\u0131n\u0131 Toto koyarlar. Hermafrodittir, kimse<span class=\"excerpt-hellip\"> [\u2026]<\/span><\/p>\n","protected":false},"featured_media":0,"template":"","meta":{"_monsterinsights_skip_tracking":false,"_monsterinsights_sitenote_active":false,"_monsterinsights_sitenote_note":"","_monsterinsights_sitenote_category":0},"product_brand":[],"product_cat":[12291,12711],"product_tag":[],"class_list":{"0":"post-713368","1":"product","2":"type-product","3":"status-publish","5":"product_cat-edebiyat","6":"product_cat-roman-oyku","7":"pa_cilt-ciltsiz","8":"pa_tur-kitap","9":"pa_yayinevi-can-yayinlari","10":"pa_yazar-sibylle-berg","12":"first","13":"instock","14":"sale","15":"shipping-taxable","16":"purchasable","17":"product-type-simple"},"_links":{"self":[{"href":"https:\/\/roveyayinevi.com.tr\/index.php\/wp-json\/wp\/v2\/product\/713368","targetHints":{"allow":["GET"]}}],"collection":[{"href":"https:\/\/roveyayinevi.com.tr\/index.php\/wp-json\/wp\/v2\/product"}],"about":[{"href":"https:\/\/roveyayinevi.com.tr\/index.php\/wp-json\/wp\/v2\/types\/product"}],"wp:attachment":[{"href":"https:\/\/roveyayinevi.com.tr\/index.php\/wp-json\/wp\/v2\/media?parent=713368"}],"wp:term":[{"taxonomy":"product_brand","embeddable":true,"href":"https:\/\/roveyayinevi.com.tr\/index.php\/wp-json\/wp\/v2\/product_brand?post=713368"},{"taxonomy":"product_cat","embeddable":true,"href":"https:\/\/roveyayinevi.com.tr\/index.php\/wp-json\/wp\/v2\/product_cat?post=713368"},{"taxonomy":"product_tag","embeddable":true,"href":"https:\/\/roveyayinevi.com.tr\/index.php\/wp-json\/wp\/v2\/product_tag?post=713368"}],"curies":[{"name":"wp","href":"https:\/\/api.w.org\/{rel}","templated":true}]}}